{"id":3836,"date":"2020-08-27T19:03:35","date_gmt":"2020-08-27T19:03:35","guid":{"rendered":"https:\/\/gasquip.com\/?post_type=product&#038;p=3836"},"modified":"2026-01-29T17:33:40","modified_gmt":"2026-01-29T17:33:40","slug":"kit-adaptador-accesorios-analizador-sf6","status":"publish","type":"product","link":"https:\/\/gasquip.com\/es\/product\/sf6-analyzer-fittings-adapter-kit\/","title":{"rendered":"Kit de accesorios para analizador SF6"},"content":{"rendered":"<h2>Caracter\u00edsticas del kit de accesorios del analizador SF6:<\/h2>\n<ul>\n<li>Recortes y etiquetas de espuma personalizados<\/li>\n<li>Estuche SKB resistente al agua y con doble bloqueo<\/li>\n<li>Accesorios italianos SF6 cortados con l\u00e1ser.<\/li>\n<li>Regulador SF6 incluido<\/li>\n<\/ul>\n<h2>Adaptadores incluidos:<\/h2>\n<ul>\n<li>RECTUS 21 Macho Desconexi\u00f3n R\u00e1pida a \u00bc\u201d Hembra JIC<\/li>\n<li>RECTUS 21 Macho Desconexi\u00f3n R\u00e1pida a 3\/8\u201d Hembra JIC<\/li>\n<li>RECTUS 21 Macho Desconexi\u00f3n R\u00e1pida a \u00bd\u201d Hembra JIC<\/li>\n<li>RECTUS 21 Macho Desconexi\u00f3n R\u00e1pida a 1 1\/4\u201d Hembra JIC<\/li>\n<li>RECTUS 21 Macho Desconexi\u00f3n R\u00e1pida a 1\/4\u201d Macho NPT (3uds)<\/li>\n<li>RECTUS 21 Macho Desconexi\u00f3n R\u00e1pida a DN20 Hembra<\/li>\n<li>RECTUS 21 Macho Desconexi\u00f3n R\u00e1pida a Aeroquip<\/li>\n<li>RECTUS 21 Macho Desconexi\u00f3n R\u00e1pida a Malmquist Hembra<\/li>\n<li>RECTUS 21 Macho Desconexi\u00f3n R\u00e1pida DN8 Hembra<\/li>\n<li>Regulador de muestreo SF6 con RECTUS 21M QD<\/li>\n<\/ul>\n<h2>\u00bfQu\u00e9 analizador de SF6 se puede utilizar con esto?<\/h2>\n<ul>\n<li><a href=\"https:\/\/gasquip.com\/es\/producto\/analizador-flex-sf6\/\">FLEX \u2013 Analizador Modular de SF6<\/a><\/li>\n<li><a href=\"http:\/\/www.rhs.com\/product_973_sf6.php\">Analizador RH Systems 973<\/a><\/li>\n<li>Analizador m\u00faltiple Dilo<\/li>\n<li><a href=\"https:\/\/www.sf6.co.uk\/products\/sf6-6100-portable\/\">SMC Rapidox<\/a><\/li>\n<li><a href=\"https:\/\/www.wika.us\/ga11_en_co.WIKA\">Analizador de gas Wika SF6<\/a><\/li>\n<li>Cualquier otro fabricante de un analizador de SF6 con conexi\u00f3n recta est\u00e1ndar tipo 21<\/li>\n<\/ul>\n<h2>\u00bfPor qu\u00e9 un kit adaptador?<\/h2>\n<p>Nuestro kit de accesorios para el analizador de SF6 ayuda a eliminar la b\u00fasqueda constante del accesorio adecuado al conectarlo a un disyuntor de gas SF6. Para obtener m\u00e1s informaci\u00f3n sobre las t\u00e9cnicas adecuadas de manipulaci\u00f3n de gases, consulte nuestra <a href=\"https:\/\/gasquip.com\/es\/blog\/\">Blog.\u00a0<\/a><\/p>\n<p>&nbsp;<\/p>\n<h2>\u00bfQu\u00e9 tipos de accesorios son comunes en el campo?<\/h2>\n<p><strong>Recortes Tipo 21:<\/strong><\/p>\n<p>Este conector es el tipo de conexi\u00f3n que se utiliza com\u00fanmente con los analizadores de gas SF6, especialmente en el campo. Tiene un cabezal autosellante accionado por resorte y se considera una \u201cconexi\u00f3n r\u00e1pida\u201d.<\/p>\n<p><strong>Lengua y ranura:<\/strong><\/p>\n<p>Este tipo de conexi\u00f3n se utiliza habitualmente en este campo y se ha convertido en un est\u00e1ndar de la industria. Los dos tama\u00f1os que normalmente se ven son DN8 y DN20. Las designaciones de tama\u00f1o 8 y 20 se basan en el di\u00e1metro interior del conector. Estos accesorios funcionan utilizando un sello de metal con metal cuando se aprietan. La leng\u00fceta o porci\u00f3n elevada se puede encontrar dentro de la v\u00e1lvula hembra y la ranura est\u00e1 en el lado macho. Estos tipos de accesorios funcionan bien cuando hay vibraciones, bajo vac\u00edo o presi\u00f3n positiva, y pueden permanecer herm\u00e9ticos en un amplio rango de temperaturas. Lo bueno de estos es que no se pueden apretar demasiado y se pueden reutilizar indefinidamente, pero las superficies de sellado deben mantenerse limpias.<\/p>\n<p><strong>TNP:<\/strong><\/p>\n<p>Este accesorio establece un sello a trav\u00e9s del acu\u00f1amiento de metal con metal que se produce cuando se aprieta esta rosca. Estas conexiones requieren un sellador de roscas l\u00edquido o cinta de tefl\u00f3n para sellar adecuadamente. Una vez ensamblados, es mejor dejarlos juntos ya que cada vez que se aflojan y aprietan se desgastan las roscas y su medio de sellado. La buena noticia es que est\u00e1n disponibles f\u00e1cilmente, por lo que es f\u00e1cil reemplazar uno si presenta una fuga.<\/p>\n<p><strong>Paralelo:<\/strong><\/p>\n<p>Estas roscas est\u00e1n selladas en la \u201ccara\u201d o en la parte superior de la parte roscada debajo del perno hexagonal. Alternativamente, algunos tipos sellan en la \u201cnariz\u201d o en la parte inferior de la rosca opuesta al perno hexagonal. Esto se logra utilizando una junta t\u00f3rica o una arandela adherida que se puede reemplazar con el tiempo. Estos no requieren sellador de roscas. Este tipo de accesorio es una buena opci\u00f3n para aplicaciones que deben desmontarse y volverse a montar, ya que solo es necesario reemplazar la junta o la arandela en caso de que se produzca una fuga. Tambi\u00e9n es importante mantener las superficies de sellado limpias y sin da\u00f1os.<\/p>\n<p><b>Accesorios abocardados<\/b><\/p>\n<p>Estos accesorios de tipo compresi\u00f3n se sellan mediante contacto directo de metal con metal o con el uso de una junta de cobre entre las dos superficies abocinadas opuestas. Estos se usan com\u00fanmente para construir mangueras y no est\u00e1n dise\u00f1ados para un reuso frecuente, ya que las superficies de sellado comenzar\u00e1n a desgastarse y se volver\u00e1n c\u00f3ncavas, lo que provocar\u00e1 fugas. Sin embargo, est\u00e1n disponibles y se reemplazan f\u00e1cilmente si esto sucede.<\/p>\n<p>Tenga en cuenta que estos accesorios est\u00e1n disponibles en las versiones JIC (37 grados) y SAE (45 grados) que no son intercambiables. Muchos disyuntores m\u00e1s antiguos utilizan JIC como puerto de conexi\u00f3n de gas. Los SAE son m\u00e1s comunes en la industria de la refrigeraci\u00f3n, pero se pueden encontrar en algunos cuadros de media tensi\u00f3n.<\/p>","protected":false},"excerpt":{"rendered":"<p>Nuestro kit adaptador de accesorios para analizadores de gas SF6 est\u00e1 dise\u00f1ado para funcionar con los analizadores de SF6 m\u00e1s populares y las conexiones de interruptores de SF6 de Am\u00e9rica del Norte. Nuestros accesorios se fabrican e importan con precisi\u00f3n desde Italia. El estuche es un estuche SKB I-Series resistente e impermeable con dos pestillos de bloqueo.<\/p>\n<p><strong>Normalmente se env\u00eda dentro de:\u00a0<\/strong>1-3 Days<\/p>","protected":false},"featured_media":13194,"template":"","meta":{"content-type":""},"product_brand":[],"product_cat":[36],"product_tag":[],"class_list":{"0":"post-3836","1":"product","2":"type-product","3":"status-publish","4":"has-post-thumbnail","6":"product_cat-adapter-kits","8":"first","9":"instock","10":"featured","11":"taxable","12":"shipping-taxable","13":"purchasable","14":"product-type-simple"},"yoast_head":"<!-- This site is optimized with the Yoast SEO plugin v27.3 - https:\/\/yoast.com\/product\/yoast-seo-wordpress\/ -->\n<title>SF6 Analyzer Fittings Kit - GasQuip DILO Fittings Kit Alternative<\/title>\n<meta name=\"description\" content=\"GasQuip&#039;s SF6 Gas Analyzer Fittings Adapter Kit is designed for use with SF6 gas carts and SF6 breakers. Our kits are an alternative to Dilo.\" \/>\n<meta name=\"robots\" content=\"index, follow, max-snippet:-1, max-image-preview:large, max-video-preview:-1\" \/>\n<link rel=\"canonical\" href=\"https:\/\/gasquip.com\/es\/producto\/kit-adaptador-accesorios-analizador-sf6\/\" \/>\n<meta property=\"og:locale\" content=\"es_MX\" \/>\n<meta property=\"og:type\" content=\"article\" \/>\n<meta property=\"og:title\" content=\"SF6 Analyzer Fittings Kit - GasQuip DILO Fittings Kit Alternative\" \/>\n<meta property=\"og:description\" content=\"GasQuip&#039;s SF6 Gas Analyzer Fittings Adapter Kit is designed for use with SF6 gas carts and SF6 breakers. Our kits are an alternative to Dilo.\" \/>\n<meta property=\"og:url\" content=\"https:\/\/gasquip.com\/es\/producto\/kit-adaptador-accesorios-analizador-sf6\/\" \/>\n<meta property=\"og:site_name\" content=\"GasQuip\" \/>\n<meta property=\"article:publisher\" content=\"https:\/\/www.facebook.com\/gasquiptx\" \/>\n<meta property=\"article:modified_time\" content=\"2026-01-29T17:33:40+00:00\" \/>\n<meta property=\"og:image\" content=\"https:\/\/gasquip.com\/wp-content\/uploads\/2020\/08\/GQ-ANLZR-AKIT-OPEN.png\" \/>\n\t<meta property=\"og:image:width\" content=\"1024\" \/>\n\t<meta property=\"og:image:height\" content=\"1024\" \/>\n\t<meta property=\"og:image:type\" content=\"image\/png\" \/>\n<meta name=\"twitter:card\" content=\"summary_large_image\" \/>\n<meta name=\"twitter:label1\" content=\"Tiempo de lectura\" \/>\n\t<meta name=\"twitter:data1\" content=\"4 minutos\" \/>\n<script type=\"application\/ld+json\" class=\"yoast-schema-graph\">{\"@context\":\"https:\\\/\\\/schema.org\",\"@graph\":[{\"@type\":\"WebPage\",\"@id\":\"https:\\\/\\\/gasquip.com\\\/fr\\\/produit\\\/kit-dadaptateur-de-raccords-pour-analyseur-sf6\\\/\",\"url\":\"https:\\\/\\\/gasquip.com\\\/fr\\\/produit\\\/kit-dadaptateur-de-raccords-pour-analyseur-sf6\\\/\",\"name\":\"SF6 Analyzer Fittings Kit - GasQuip DILO Fittings Kit Alternative\",\"isPartOf\":{\"@id\":\"https:\\\/\\\/gasquip.com\\\/#website\"},\"primaryImageOfPage\":{\"@id\":\"https:\\\/\\\/gasquip.com\\\/fr\\\/produit\\\/kit-dadaptateur-de-raccords-pour-analyseur-sf6\\\/#primaryimage\"},\"image\":{\"@id\":\"https:\\\/\\\/gasquip.com\\\/fr\\\/produit\\\/kit-dadaptateur-de-raccords-pour-analyseur-sf6\\\/#primaryimage\"},\"thumbnailUrl\":\"https:\\\/\\\/gasquip.com\\\/wp-content\\\/uploads\\\/2020\\\/08\\\/GQ-ANLZR-AKIT-OPEN.png\",\"datePublished\":\"2020-08-27T19:03:35+00:00\",\"dateModified\":\"2026-01-29T17:33:40+00:00\",\"description\":\"GasQuip's SF6 Gas Analyzer Fittings Adapter Kit is designed for use with SF6 gas carts and SF6 breakers. Our kits are an alternative to Dilo.\",\"breadcrumb\":{\"@id\":\"https:\\\/\\\/gasquip.com\\\/fr\\\/produit\\\/kit-dadaptateur-de-raccords-pour-analyseur-sf6\\\/#breadcrumb\"},\"inLanguage\":\"es\",\"potentialAction\":[{\"@type\":\"ReadAction\",\"target\":[\"https:\\\/\\\/gasquip.com\\\/fr\\\/produit\\\/kit-dadaptateur-de-raccords-pour-analyseur-sf6\\\/\"]}]},{\"@type\":\"ImageObject\",\"inLanguage\":\"es\",\"@id\":\"https:\\\/\\\/gasquip.com\\\/fr\\\/produit\\\/kit-dadaptateur-de-raccords-pour-analyseur-sf6\\\/#primaryimage\",\"url\":\"https:\\\/\\\/gasquip.com\\\/wp-content\\\/uploads\\\/2020\\\/08\\\/GQ-ANLZR-AKIT-OPEN.png\",\"contentUrl\":\"https:\\\/\\\/gasquip.com\\\/wp-content\\\/uploads\\\/2020\\\/08\\\/GQ-ANLZR-AKIT-OPEN.png\",\"width\":1024,\"height\":1024,\"caption\":\"GQ-ANLZR-AKIT\"},{\"@type\":\"BreadcrumbList\",\"@id\":\"https:\\\/\\\/gasquip.com\\\/fr\\\/produit\\\/kit-dadaptateur-de-raccords-pour-analyseur-sf6\\\/#breadcrumb\",\"itemListElement\":[{\"@type\":\"ListItem\",\"position\":1,\"name\":\"Home\",\"item\":\"https:\\\/\\\/gasquip.com\\\/\"},{\"@type\":\"ListItem\",\"position\":2,\"name\":\"products\",\"item\":\"https:\\\/\\\/gasquip.com\\\/products-3\\\/\"},{\"@type\":\"ListItem\",\"position\":3,\"name\":\"SF6 Analyzer Fittings Kit\"}]},{\"@type\":\"WebSite\",\"@id\":\"https:\\\/\\\/gasquip.com\\\/#website\",\"url\":\"https:\\\/\\\/gasquip.com\\\/\",\"name\":\"GasQuip\",\"description\":\"SF6 Gas Equipment\",\"publisher\":{\"@id\":\"https:\\\/\\\/gasquip.com\\\/#organization\"},\"potentialAction\":[{\"@type\":\"SearchAction\",\"target\":{\"@type\":\"EntryPoint\",\"urlTemplate\":\"https:\\\/\\\/gasquip.com\\\/?s={search_term_string}\"},\"query-input\":{\"@type\":\"PropertyValueSpecification\",\"valueRequired\":true,\"valueName\":\"search_term_string\"}}],\"inLanguage\":\"es\"},{\"@type\":\"Organization\",\"@id\":\"https:\\\/\\\/gasquip.com\\\/#organization\",\"name\":\"GasQuip\",\"url\":\"https:\\\/\\\/gasquip.com\\\/\",\"logo\":{\"@type\":\"ImageObject\",\"inLanguage\":\"es\",\"@id\":\"https:\\\/\\\/gasquip.com\\\/#\\\/schema\\\/logo\\\/image\\\/\",\"url\":\"https:\\\/\\\/gasquip.com\\\/wp-content\\\/uploads\\\/2020\\\/10\\\/Logo-Original-PNG-Cropped.png\",\"contentUrl\":\"https:\\\/\\\/gasquip.com\\\/wp-content\\\/uploads\\\/2020\\\/10\\\/Logo-Original-PNG-Cropped.png\",\"width\":2819,\"height\":702,\"caption\":\"GasQuip\"},\"image\":{\"@id\":\"https:\\\/\\\/gasquip.com\\\/#\\\/schema\\\/logo\\\/image\\\/\"},\"sameAs\":[\"https:\\\/\\\/www.facebook.com\\\/gasquiptx\",\"https:\\\/\\\/www.linkedin.com\\\/company\\\/gasquip.com\",\"https:\\\/\\\/www.youtube.com\\\/channel\\\/UCUCicTtyc2zeJMcj5NMA0Ww\"]}]}<\/script>\n<!-- \/ Yoast SEO plugin. -->","yoast_head_json":{"title":"SF6 Analyzer Fittings Kit - GasQuip DILO Fittings Kit Alternative","description":"El kit adaptador de accesorios para analizadores de gas SF6 de GasQuip est\u00e1 dise\u00f1ado para usarse con carros de gas SF6 y disyuntores de SF6. Nuestros kits son una alternativa a Dilo.","robots":{"index":"index","follow":"follow","max-snippet":"max-snippet:-1","max-image-preview":"max-image-preview:large","max-video-preview":"max-video-preview:-1"},"canonical":"https:\/\/gasquip.com\/es\/producto\/kit-adaptador-accesorios-analizador-sf6\/","og_locale":"es_MX","og_type":"article","og_title":"SF6 Analyzer Fittings Kit - GasQuip DILO Fittings Kit Alternative","og_description":"GasQuip's SF6 Gas Analyzer Fittings Adapter Kit is designed for use with SF6 gas carts and SF6 breakers. Our kits are an alternative to Dilo.","og_url":"https:\/\/gasquip.com\/es\/producto\/kit-adaptador-accesorios-analizador-sf6\/","og_site_name":"GasQuip","article_publisher":"https:\/\/www.facebook.com\/gasquiptx","article_modified_time":"2026-01-29T17:33:40+00:00","og_image":[{"width":1024,"height":1024,"url":"https:\/\/gasquip.com\/wp-content\/uploads\/2020\/08\/GQ-ANLZR-AKIT-OPEN.png","type":"image\/png"}],"twitter_card":"summary_large_image","twitter_misc":{"Tiempo de lectura":"4 minutos"},"schema":{"@context":"https:\/\/schema.org","@graph":[{"@type":"WebPage","@id":"https:\/\/gasquip.com\/fr\/produit\/kit-dadaptateur-de-raccords-pour-analyseur-sf6\/","url":"https:\/\/gasquip.com\/fr\/produit\/kit-dadaptateur-de-raccords-pour-analyseur-sf6\/","name":"SF6 Analyzer Fittings Kit - GasQuip DILO Fittings Kit Alternative","isPartOf":{"@id":"https:\/\/gasquip.com\/#website"},"primaryImageOfPage":{"@id":"https:\/\/gasquip.com\/fr\/produit\/kit-dadaptateur-de-raccords-pour-analyseur-sf6\/#primaryimage"},"image":{"@id":"https:\/\/gasquip.com\/fr\/produit\/kit-dadaptateur-de-raccords-pour-analyseur-sf6\/#primaryimage"},"thumbnailUrl":"https:\/\/gasquip.com\/wp-content\/uploads\/2020\/08\/GQ-ANLZR-AKIT-OPEN.png","datePublished":"2020-08-27T19:03:35+00:00","dateModified":"2026-01-29T17:33:40+00:00","description":"El kit adaptador de accesorios para analizadores de gas SF6 de GasQuip est\u00e1 dise\u00f1ado para usarse con carros de gas SF6 y disyuntores de SF6. Nuestros kits son una alternativa a Dilo.","breadcrumb":{"@id":"https:\/\/gasquip.com\/fr\/produit\/kit-dadaptateur-de-raccords-pour-analyseur-sf6\/#breadcrumb"},"inLanguage":"es","potentialAction":[{"@type":"ReadAction","target":["https:\/\/gasquip.com\/fr\/produit\/kit-dadaptateur-de-raccords-pour-analyseur-sf6\/"]}]},{"@type":"ImageObject","inLanguage":"es","@id":"https:\/\/gasquip.com\/fr\/produit\/kit-dadaptateur-de-raccords-pour-analyseur-sf6\/#primaryimage","url":"https:\/\/gasquip.com\/wp-content\/uploads\/2020\/08\/GQ-ANLZR-AKIT-OPEN.png","contentUrl":"https:\/\/gasquip.com\/wp-content\/uploads\/2020\/08\/GQ-ANLZR-AKIT-OPEN.png","width":1024,"height":1024,"caption":"GQ-ANLZR-AKIT"},{"@type":"BreadcrumbList","@id":"https:\/\/gasquip.com\/fr\/produit\/kit-dadaptateur-de-raccords-pour-analyseur-sf6\/#breadcrumb","itemListElement":[{"@type":"ListItem","position":1,"name":"Home","item":"https:\/\/gasquip.com\/"},{"@type":"ListItem","position":2,"name":"products","item":"https:\/\/gasquip.com\/products-3\/"},{"@type":"ListItem","position":3,"name":"SF6 Analyzer Fittings Kit"}]},{"@type":"WebSite","@id":"https:\/\/gasquip.com\/#website","url":"https:\/\/gasquip.com\/","name":"GasQuip","description":"Equipos de gas SF6","publisher":{"@id":"https:\/\/gasquip.com\/#organization"},"potentialAction":[{"@type":"SearchAction","target":{"@type":"EntryPoint","urlTemplate":"https:\/\/gasquip.com\/?s={search_term_string}"},"query-input":{"@type":"PropertyValueSpecification","valueRequired":true,"valueName":"search_term_string"}}],"inLanguage":"es"},{"@type":"Organization","@id":"https:\/\/gasquip.com\/#organization","name":"GasQuip","url":"https:\/\/gasquip.com\/","logo":{"@type":"ImageObject","inLanguage":"es","@id":"https:\/\/gasquip.com\/#\/schema\/logo\/image\/","url":"https:\/\/gasquip.com\/wp-content\/uploads\/2020\/10\/Logo-Original-PNG-Cropped.png","contentUrl":"https:\/\/gasquip.com\/wp-content\/uploads\/2020\/10\/Logo-Original-PNG-Cropped.png","width":2819,"height":702,"caption":"GasQuip"},"image":{"@id":"https:\/\/gasquip.com\/#\/schema\/logo\/image\/"},"sameAs":["https:\/\/www.facebook.com\/gasquiptx","https:\/\/www.linkedin.com\/company\/gasquip.com","https:\/\/www.youtube.com\/channel\/UCUCicTtyc2zeJMcj5NMA0Ww"]}]}},"_links":{"self":[{"href":"https:\/\/gasquip.com\/es\/wp-json\/wp\/v2\/product\/3836","targetHints":{"allow":["GET"]}}],"collection":[{"href":"https:\/\/gasquip.com\/es\/wp-json\/wp\/v2\/product"}],"about":[{"href":"https:\/\/gasquip.com\/es\/wp-json\/wp\/v2\/types\/product"}],"version-history":[{"count":2,"href":"https:\/\/gasquip.com\/es\/wp-json\/wp\/v2\/product\/3836\/revisions"}],"predecessor-version":[{"id":13321,"href":"https:\/\/gasquip.com\/es\/wp-json\/wp\/v2\/product\/3836\/revisions\/13321"}],"wp:featuredmedia":[{"embeddable":true,"href":"https:\/\/gasquip.com\/es\/wp-json\/wp\/v2\/media\/13194"}],"wp:attachment":[{"href":"https:\/\/gasquip.com\/es\/wp-json\/wp\/v2\/media?parent=3836"}],"wp:term":[{"taxonomy":"product_brand","embeddable":true,"href":"https:\/\/gasquip.com\/es\/wp-json\/wp\/v2\/product_brand?post=3836"},{"taxonomy":"product_cat","embeddable":true,"href":"https:\/\/gasquip.com\/es\/wp-json\/wp\/v2\/product_cat?post=3836"},{"taxonomy":"product_tag","embeddable":true,"href":"https:\/\/gasquip.com\/es\/wp-json\/wp\/v2\/product_tag?post=3836"}],"curies":[{"name":"wp","href":"https:\/\/api.w.org\/{rel}","templated":true}]}}