{"id":3837,"date":"2020-08-27T19:04:45","date_gmt":"2020-08-27T19:04:45","guid":{"rendered":"https:\/\/gasquip.com\/?post_type=product&#038;p=3837"},"modified":"2026-01-29T17:35:22","modified_gmt":"2026-01-29T17:35:22","slug":"kit-adaptador-carro-gas-sf6-dn8","status":"publish","type":"product","link":"https:\/\/gasquip.com\/es\/product\/sf6-gas-cart-adapter-kit-dn8\/","title":{"rendered":"DN8 Adapter Fittings Kit"},"content":{"rendered":"<h2>DN8 Adapter Fittings Kit:<\/h2>\n<ul>\n<li>Recortes y etiquetas de espuma personalizados<\/li>\n<li>Estuche SKB resistente al agua y con doble bloqueo<\/li>\n<li>Accesorios italianos SF6 cortados con l\u00e1ser.<\/li>\n<li>Regulador de llenado incluido para recargas.<\/li>\n<\/ul>\n<h2>Adaptadores incluidos:<\/h2>\n<ul>\n<li>DN8 macho a \u00bc\u201d hembra JIC<\/li>\n<li>DN8 macho a 3\/8\u201d hembra JIC<\/li>\n<li>DN8 Macho a \u00bd\u201d Hembra JIC<\/li>\n<li>DN8 Macho a 1 1\/4\u201d Hembra JIC<\/li>\n<li>DN8 macho a 3\/8\u201d macho NPT<\/li>\n<li>DN8 macho a DN20 hembra<\/li>\n<li>DN8 Macho a Aeroquip<\/li>\n<li>DN8 macho a Malmquist<\/li>\n<li>DN8 macho a cilindro SF6<\/li>\n<li>DN8 macho a DN8 macho<\/li>\n<li>Regulador SF6 con salida DN8 Macho<\/li>\n<li>Manguera de goma DN8 de 10&#039;<\/li>\n<\/ul>\n<h2>\u00bfQu\u00e9 carros de gas SF6 se pueden utilizar con esto?<\/h2>\n<ul>\n<li><a href=\"https:\/\/us.dilo.com\/sf6-gas\/products\">Dilo<\/a> remolques, carros, plataformas rodantes y otros dispositivos de llenado<\/li>\n<li><a href=\"http:\/\/www.enervac.com\/sf6-gas-servicing-equipment\">enervac<\/a> remolques, carros, plataformas rodantes y otros dispositivos de llenado<\/li>\n<li><a href=\"https:\/\/www.wika.us\/gfu08_b_gfu08_c_gfu08_e_gfu08_w_en_co.WIKA\">wika<\/a> remolques, carros, plataformas rodantes y otros dispositivos de llenado<\/li>\n<li>Otros fabricantes de carros de gas SF6<\/li>\n<\/ul>\n<h2>\u00bfPor qu\u00e9 un kit adaptador?<\/h2>\n<p>Nuestro kit de accesorios para el analizador de SF6 ayuda a eliminar la b\u00fasqueda constante del accesorio adecuado al conectarlo a un disyuntor de gas SF6. Para obtener m\u00e1s informaci\u00f3n sobre las t\u00e9cnicas adecuadas de manipulaci\u00f3n de gases, consulte nuestra <a href=\"https:\/\/gasquip.com\/es\/blog\/\">Blog.\u00a0<\/a><\/p>\n<h2>\u00bfQu\u00e9 tipos de accesorios son comunes en el campo?<\/h2>\n<p><strong>Lengua y ranura:<\/strong><\/p>\n<p>Este tipo de conexi\u00f3n se utiliza habitualmente en este campo y se ha convertido en un est\u00e1ndar de la industria. Los dos tama\u00f1os que normalmente se ven son DN8 y DN20. Las designaciones de tama\u00f1o 8 y 20 se basan en el di\u00e1metro interior del conector. Estos accesorios funcionan utilizando un sello de metal con metal cuando se aprietan. La leng\u00fceta o porci\u00f3n elevada se puede encontrar dentro de la v\u00e1lvula hembra y la ranura est\u00e1 en el lado macho. Estos tipos de accesorios funcionan bien cuando hay vibraciones, bajo vac\u00edo o presi\u00f3n positiva, y pueden permanecer herm\u00e9ticos en un amplio rango de temperaturas. Lo bueno de estos es que no se pueden apretar demasiado y se pueden reutilizar indefinidamente, pero las superficies de sellado deben mantenerse limpias.<\/p>\n<p><strong>TNP:<\/strong><\/p>\n<p>Este accesorio establece un sello a trav\u00e9s del acu\u00f1amiento de metal con metal que se produce cuando se aprieta esta rosca. Estas conexiones requieren un sellador de roscas l\u00edquido o cinta de tefl\u00f3n para sellar adecuadamente. Una vez ensamblados, es mejor dejarlos juntos ya que cada vez que se aflojan y aprietan se desgastan las roscas y su medio de sellado. La buena noticia es que est\u00e1n disponibles f\u00e1cilmente, por lo que es f\u00e1cil reemplazar uno si presenta una fuga.<\/p>\n<p><strong>Paralelo:<\/strong><\/p>\n<p>Estas roscas est\u00e1n selladas en la \u201ccara\u201d o en la parte superior de la parte roscada debajo del perno hexagonal. Alternativamente, algunos tipos sellan en la \u201cnariz\u201d o en la parte inferior de la rosca opuesta al perno hexagonal. Esto se logra utilizando una junta t\u00f3rica o una arandela adherida que se puede reemplazar con el tiempo. Estos no requieren sellador de roscas. Este tipo de accesorio es una buena opci\u00f3n para aplicaciones que deben desmontarse y volverse a montar, ya que solo es necesario reemplazar la junta o la arandela en caso de que se produzca una fuga. Tambi\u00e9n es importante mantener las superficies de sellado limpias y sin da\u00f1os.<\/p>\n<p><b>Accesorios abocardados<\/b><\/p>\n<p>Estos accesorios de tipo compresi\u00f3n se sellan mediante contacto directo de metal con metal o con el uso de una junta de cobre entre las dos superficies abocinadas opuestas. Estos se usan com\u00fanmente para construir mangueras y no est\u00e1n dise\u00f1ados para un reuso frecuente, ya que las superficies de sellado comenzar\u00e1n a desgastarse y se volver\u00e1n c\u00f3ncavas, lo que provocar\u00e1 fugas. Sin embargo, est\u00e1n disponibles y se reemplazan f\u00e1cilmente si esto sucede.<\/p>\n<p>Tenga en cuenta que estos accesorios est\u00e1n disponibles en las versiones JIC (37 grados) y SAE (45 grados) que no son intercambiables. Muchos disyuntores m\u00e1s antiguos utilizan JIC como puerto de conexi\u00f3n de gas. Los SAE son m\u00e1s comunes en la industria de la refrigeraci\u00f3n, pero se pueden encontrar en algunos cuadros de media tensi\u00f3n.<\/p>","protected":false},"excerpt":{"rendered":"<p>El kit adaptador DN8 para carro de gas SF6 est\u00e1 dise\u00f1ado para adaptarse a las conexiones populares de interruptor y carro de SF6. El kit, encerrado en una carcasa resistente e impermeable con pestillos de bloqueo dobles, incluye accesorios SF6 y un regulador de llenado para facilitar el llenado. Este completo kit simplifica las conexiones a los disyuntores de gas SF6, minimizando el tiempo de inactividad y garantizando un ajuste herm\u00e9tico en todo momento. Ideal para empresas de servicios el\u00e9ctricos que buscan una soluci\u00f3n confiable y a largo plazo para el manejo de gas SF6.<\/p>\n<p><strong>Normalmente se env\u00eda:\u00a0<\/strong>Within 1-3 Days<\/p>","protected":false},"featured_media":7661,"template":"","meta":{"content-type":""},"product_brand":[],"product_cat":[36],"product_tag":[],"class_list":{"0":"post-3837","1":"product","2":"type-product","3":"status-publish","4":"has-post-thumbnail","6":"product_cat-adapter-kits","8":"first","9":"instock","10":"featured","11":"taxable","12":"shipping-taxable","13":"purchasable","14":"product-type-simple"},"yoast_head":"<!-- This site is optimized with the Yoast SEO plugin v27.4 - https:\/\/yoast.com\/product\/yoast-seo-wordpress\/ -->\n<title>DN8 Adapter Fittings Kit - GasQuip DILO Kit Alternative for Electrical Utilities<\/title>\n<meta name=\"description\" content=\"GasQuip&#039;s SF6 Gas Cart DN8 Adapter Kit is designed for SF6 gas carts and common SF6 breakers. This kit is an alternative to a DILO kit\" \/>\n<meta name=\"robots\" content=\"index, follow, max-snippet:-1, max-image-preview:large, max-video-preview:-1\" \/>\n<link rel=\"canonical\" href=\"https:\/\/gasquip.com\/es\/producto\/kit-adaptador-carro-gas-sf6-dn8\/\" \/>\n<meta property=\"og:locale\" content=\"es_MX\" \/>\n<meta property=\"og:type\" content=\"article\" \/>\n<meta property=\"og:title\" content=\"DN8 Adapter Fittings Kit - GasQuip DILO Kit Alternative for Electrical Utilities\" \/>\n<meta property=\"og:description\" content=\"GasQuip&#039;s SF6 Gas Cart DN8 Adapter Kit is designed for SF6 gas carts and common SF6 breakers. This kit is an alternative to a DILO kit\" \/>\n<meta property=\"og:url\" content=\"https:\/\/gasquip.com\/es\/producto\/kit-adaptador-carro-gas-sf6-dn8\/\" \/>\n<meta property=\"og:site_name\" content=\"GasQuip\" \/>\n<meta property=\"article:publisher\" content=\"https:\/\/www.facebook.com\/gasquiptx\" \/>\n<meta property=\"article:modified_time\" content=\"2026-01-29T17:35:22+00:00\" \/>\n<meta property=\"og:image\" content=\"https:\/\/gasquip.com\/wp-content\/uploads\/2020\/08\/DN8-Adapter-Kit.png\" \/>\n\t<meta property=\"og:image:width\" content=\"1024\" \/>\n\t<meta property=\"og:image:height\" content=\"1024\" \/>\n\t<meta property=\"og:image:type\" content=\"image\/png\" \/>\n<meta name=\"twitter:card\" content=\"summary_large_image\" \/>\n<meta name=\"twitter:label1\" content=\"Tiempo de lectura\" \/>\n\t<meta name=\"twitter:data1\" content=\"3 minutos\" \/>\n<script type=\"application\/ld+json\" class=\"yoast-schema-graph\">{\"@context\":\"https:\\\/\\\/schema.org\",\"@graph\":[{\"@type\":\"WebPage\",\"@id\":\"https:\\\/\\\/gasquip.com\\\/es\\\/producto\\\/kit-adaptador-carro-gas-sf6-dn8\\\/\",\"url\":\"https:\\\/\\\/gasquip.com\\\/es\\\/producto\\\/kit-adaptador-carro-gas-sf6-dn8\\\/\",\"name\":\"DN8 Adapter Fittings Kit - GasQuip DILO Kit Alternative for Electrical Utilities\",\"isPartOf\":{\"@id\":\"https:\\\/\\\/gasquip.com\\\/#website\"},\"primaryImageOfPage\":{\"@id\":\"https:\\\/\\\/gasquip.com\\\/es\\\/producto\\\/kit-adaptador-carro-gas-sf6-dn8\\\/#primaryimage\"},\"image\":{\"@id\":\"https:\\\/\\\/gasquip.com\\\/es\\\/producto\\\/kit-adaptador-carro-gas-sf6-dn8\\\/#primaryimage\"},\"thumbnailUrl\":\"https:\\\/\\\/gasquip.com\\\/wp-content\\\/uploads\\\/2020\\\/08\\\/DN8-Adapter-Kit.png\",\"datePublished\":\"2020-08-27T19:04:45+00:00\",\"dateModified\":\"2026-01-29T17:35:22+00:00\",\"description\":\"GasQuip's SF6 Gas Cart DN8 Adapter Kit is designed for SF6 gas carts and common SF6 breakers. This kit is an alternative to a DILO kit\",\"breadcrumb\":{\"@id\":\"https:\\\/\\\/gasquip.com\\\/es\\\/producto\\\/kit-adaptador-carro-gas-sf6-dn8\\\/#breadcrumb\"},\"inLanguage\":\"es\",\"potentialAction\":[{\"@type\":\"ReadAction\",\"target\":[\"https:\\\/\\\/gasquip.com\\\/es\\\/producto\\\/kit-adaptador-carro-gas-sf6-dn8\\\/\"]}]},{\"@type\":\"ImageObject\",\"inLanguage\":\"es\",\"@id\":\"https:\\\/\\\/gasquip.com\\\/es\\\/producto\\\/kit-adaptador-carro-gas-sf6-dn8\\\/#primaryimage\",\"url\":\"https:\\\/\\\/gasquip.com\\\/wp-content\\\/uploads\\\/2020\\\/08\\\/DN8-Adapter-Kit.png\",\"contentUrl\":\"https:\\\/\\\/gasquip.com\\\/wp-content\\\/uploads\\\/2020\\\/08\\\/DN8-Adapter-Kit.png\",\"width\":1024,\"height\":1024},{\"@type\":\"BreadcrumbList\",\"@id\":\"https:\\\/\\\/gasquip.com\\\/es\\\/producto\\\/kit-adaptador-carro-gas-sf6-dn8\\\/#breadcrumb\",\"itemListElement\":[{\"@type\":\"ListItem\",\"position\":1,\"name\":\"Home\",\"item\":\"https:\\\/\\\/gasquip.com\\\/\"},{\"@type\":\"ListItem\",\"position\":2,\"name\":\"products\",\"item\":\"https:\\\/\\\/gasquip.com\\\/products-3\\\/\"},{\"@type\":\"ListItem\",\"position\":3,\"name\":\"DN8 Adapter Fittings Kit\"}]},{\"@type\":\"WebSite\",\"@id\":\"https:\\\/\\\/gasquip.com\\\/#website\",\"url\":\"https:\\\/\\\/gasquip.com\\\/\",\"name\":\"GasQuip\",\"description\":\"SF6 Gas Equipment\",\"publisher\":{\"@id\":\"https:\\\/\\\/gasquip.com\\\/#organization\"},\"potentialAction\":[{\"@type\":\"SearchAction\",\"target\":{\"@type\":\"EntryPoint\",\"urlTemplate\":\"https:\\\/\\\/gasquip.com\\\/?s={search_term_string}\"},\"query-input\":{\"@type\":\"PropertyValueSpecification\",\"valueRequired\":true,\"valueName\":\"search_term_string\"}}],\"inLanguage\":\"es\"},{\"@type\":\"Organization\",\"@id\":\"https:\\\/\\\/gasquip.com\\\/#organization\",\"name\":\"GasQuip\",\"url\":\"https:\\\/\\\/gasquip.com\\\/\",\"logo\":{\"@type\":\"ImageObject\",\"inLanguage\":\"es\",\"@id\":\"https:\\\/\\\/gasquip.com\\\/#\\\/schema\\\/logo\\\/image\\\/\",\"url\":\"https:\\\/\\\/gasquip.com\\\/wp-content\\\/uploads\\\/2020\\\/10\\\/Logo-Original-PNG-Cropped.png\",\"contentUrl\":\"https:\\\/\\\/gasquip.com\\\/wp-content\\\/uploads\\\/2020\\\/10\\\/Logo-Original-PNG-Cropped.png\",\"width\":2819,\"height\":702,\"caption\":\"GasQuip\"},\"image\":{\"@id\":\"https:\\\/\\\/gasquip.com\\\/#\\\/schema\\\/logo\\\/image\\\/\"},\"sameAs\":[\"https:\\\/\\\/www.facebook.com\\\/gasquiptx\",\"https:\\\/\\\/www.linkedin.com\\\/company\\\/gasquip.com\",\"https:\\\/\\\/www.youtube.com\\\/channel\\\/UCUCicTtyc2zeJMcj5NMA0Ww\"]}]}<\/script>\n<!-- \/ Yoast SEO plugin. -->","yoast_head_json":{"title":"DN8 Adapter Fittings Kit - GasQuip DILO Kit Alternative for Electrical Utilities","description":"El kit adaptador DN8 para carro de gas SF6 de GasQuip est\u00e1 dise\u00f1ado para carros de gas SF6 y disyuntores de SF6 comunes. Este kit es una alternativa al kit DILO.","robots":{"index":"index","follow":"follow","max-snippet":"max-snippet:-1","max-image-preview":"max-image-preview:large","max-video-preview":"max-video-preview:-1"},"canonical":"https:\/\/gasquip.com\/es\/producto\/kit-adaptador-carro-gas-sf6-dn8\/","og_locale":"es_MX","og_type":"article","og_title":"DN8 Adapter Fittings Kit - GasQuip DILO Kit Alternative for Electrical Utilities","og_description":"GasQuip's SF6 Gas Cart DN8 Adapter Kit is designed for SF6 gas carts and common SF6 breakers. This kit is an alternative to a DILO kit","og_url":"https:\/\/gasquip.com\/es\/producto\/kit-adaptador-carro-gas-sf6-dn8\/","og_site_name":"GasQuip","article_publisher":"https:\/\/www.facebook.com\/gasquiptx","article_modified_time":"2026-01-29T17:35:22+00:00","og_image":[{"width":1024,"height":1024,"url":"https:\/\/gasquip.com\/wp-content\/uploads\/2020\/08\/DN8-Adapter-Kit.png","type":"image\/png"}],"twitter_card":"summary_large_image","twitter_misc":{"Tiempo de lectura":"3 minutos"},"schema":{"@context":"https:\/\/schema.org","@graph":[{"@type":"WebPage","@id":"https:\/\/gasquip.com\/es\/producto\/kit-adaptador-carro-gas-sf6-dn8\/","url":"https:\/\/gasquip.com\/es\/producto\/kit-adaptador-carro-gas-sf6-dn8\/","name":"DN8 Adapter Fittings Kit - GasQuip DILO Kit Alternative for Electrical Utilities","isPartOf":{"@id":"https:\/\/gasquip.com\/#website"},"primaryImageOfPage":{"@id":"https:\/\/gasquip.com\/es\/producto\/kit-adaptador-carro-gas-sf6-dn8\/#primaryimage"},"image":{"@id":"https:\/\/gasquip.com\/es\/producto\/kit-adaptador-carro-gas-sf6-dn8\/#primaryimage"},"thumbnailUrl":"https:\/\/gasquip.com\/wp-content\/uploads\/2020\/08\/DN8-Adapter-Kit.png","datePublished":"2020-08-27T19:04:45+00:00","dateModified":"2026-01-29T17:35:22+00:00","description":"El kit adaptador DN8 para carro de gas SF6 de GasQuip est\u00e1 dise\u00f1ado para carros de gas SF6 y disyuntores de SF6 comunes. Este kit es una alternativa al kit DILO.","breadcrumb":{"@id":"https:\/\/gasquip.com\/es\/producto\/kit-adaptador-carro-gas-sf6-dn8\/#breadcrumb"},"inLanguage":"es","potentialAction":[{"@type":"ReadAction","target":["https:\/\/gasquip.com\/es\/producto\/kit-adaptador-carro-gas-sf6-dn8\/"]}]},{"@type":"ImageObject","inLanguage":"es","@id":"https:\/\/gasquip.com\/es\/producto\/kit-adaptador-carro-gas-sf6-dn8\/#primaryimage","url":"https:\/\/gasquip.com\/wp-content\/uploads\/2020\/08\/DN8-Adapter-Kit.png","contentUrl":"https:\/\/gasquip.com\/wp-content\/uploads\/2020\/08\/DN8-Adapter-Kit.png","width":1024,"height":1024},{"@type":"BreadcrumbList","@id":"https:\/\/gasquip.com\/es\/producto\/kit-adaptador-carro-gas-sf6-dn8\/#breadcrumb","itemListElement":[{"@type":"ListItem","position":1,"name":"Home","item":"https:\/\/gasquip.com\/"},{"@type":"ListItem","position":2,"name":"products","item":"https:\/\/gasquip.com\/products-3\/"},{"@type":"ListItem","position":3,"name":"DN8 Adapter Fittings Kit"}]},{"@type":"WebSite","@id":"https:\/\/gasquip.com\/#website","url":"https:\/\/gasquip.com\/","name":"GasQuip","description":"Equipos de gas SF6","publisher":{"@id":"https:\/\/gasquip.com\/#organization"},"potentialAction":[{"@type":"SearchAction","target":{"@type":"EntryPoint","urlTemplate":"https:\/\/gasquip.com\/?s={search_term_string}"},"query-input":{"@type":"PropertyValueSpecification","valueRequired":true,"valueName":"search_term_string"}}],"inLanguage":"es"},{"@type":"Organization","@id":"https:\/\/gasquip.com\/#organization","name":"GasQuip","url":"https:\/\/gasquip.com\/","logo":{"@type":"ImageObject","inLanguage":"es","@id":"https:\/\/gasquip.com\/#\/schema\/logo\/image\/","url":"https:\/\/gasquip.com\/wp-content\/uploads\/2020\/10\/Logo-Original-PNG-Cropped.png","contentUrl":"https:\/\/gasquip.com\/wp-content\/uploads\/2020\/10\/Logo-Original-PNG-Cropped.png","width":2819,"height":702,"caption":"GasQuip"},"image":{"@id":"https:\/\/gasquip.com\/#\/schema\/logo\/image\/"},"sameAs":["https:\/\/www.facebook.com\/gasquiptx","https:\/\/www.linkedin.com\/company\/gasquip.com","https:\/\/www.youtube.com\/channel\/UCUCicTtyc2zeJMcj5NMA0Ww"]}]}},"_links":{"self":[{"href":"https:\/\/gasquip.com\/es\/wp-json\/wp\/v2\/product\/3837","targetHints":{"allow":["GET"]}}],"collection":[{"href":"https:\/\/gasquip.com\/es\/wp-json\/wp\/v2\/product"}],"about":[{"href":"https:\/\/gasquip.com\/es\/wp-json\/wp\/v2\/types\/product"}],"version-history":[{"count":4,"href":"https:\/\/gasquip.com\/es\/wp-json\/wp\/v2\/product\/3837\/revisions"}],"predecessor-version":[{"id":13323,"href":"https:\/\/gasquip.com\/es\/wp-json\/wp\/v2\/product\/3837\/revisions\/13323"}],"wp:featuredmedia":[{"embeddable":true,"href":"https:\/\/gasquip.com\/es\/wp-json\/wp\/v2\/media\/7661"}],"wp:attachment":[{"href":"https:\/\/gasquip.com\/es\/wp-json\/wp\/v2\/media?parent=3837"}],"wp:term":[{"taxonomy":"product_brand","embeddable":true,"href":"https:\/\/gasquip.com\/es\/wp-json\/wp\/v2\/product_brand?post=3837"},{"taxonomy":"product_cat","embeddable":true,"href":"https:\/\/gasquip.com\/es\/wp-json\/wp\/v2\/product_cat?post=3837"},{"taxonomy":"product_tag","embeddable":true,"href":"https:\/\/gasquip.com\/es\/wp-json\/wp\/v2\/product_tag?post=3837"}],"curies":[{"name":"wp","href":"https:\/\/api.w.org\/{rel}","templated":true}]}}