{"id":4054,"date":"2020-10-07T15:12:19","date_gmt":"2020-10-07T15:12:19","guid":{"rendered":"https:\/\/gasquip.com\/?post_type=product&#038;p=4054"},"modified":"2025-03-31T20:21:35","modified_gmt":"2025-03-31T20:21:35","slug":"regulador-cga-590","status":"publish","type":"product","link":"https:\/\/gasquip.com\/es\/product\/sf6-regualtor\/","title":{"rendered":"SF6 Regulator"},"content":{"rendered":"<h2><strong>Especificaciones:<\/strong><\/h2>\n<div class=\"et_pb_module et_pb_text et_pb_text_0 et_pb_text_align_left et_pb_bg_layout_light\">\n<div class=\"et_pb_text_inner\">\n<ul>\n<li>Perilla f\u00e1cil de maniobrar<\/li>\n<li>Fabricado especialmente para los par\u00e1metros del regulador de gas SF6.<\/li>\n<li>Man\u00f3metro de entrada y salida con un di\u00e1metro de 2 pulgadas.<\/li>\n<li>Conexi\u00f3n de salida NPT hembra de \u00bc de pulgada<\/li>\n<li>Boquilla de entrada CGA590 de 4 pulgadas para garantizar un espacio de trabajo adecuado para herramientas manuales<\/li>\n<li>Rangos de calibre:\n<ul>\n<li>Entrada: 0-1000 PSI (70 bar)<\/li>\n<li>Salida: 0-200 PSI (10 bar)<\/li>\n<\/ul>\n<\/li>\n<li>Presi\u00f3n de rotura del cuerpo de hasta 4350 PSI<\/li>\n<\/ul>\n<\/div>\n<\/div>\n<div class=\"et_pb_module et_pb_text et_pb_text_1 et_pb_text_align_left et_pb_bg_layout_light\">\n<div class=\"et_pb_text_inner\">\n<p>Estos reguladores est\u00e1n dise\u00f1ados para el control de presi\u00f3n primaria en gases no corrosivos, de alta pureza o licuados (hasta grado 4.5) en aplicaciones donde se pueden tolerar fluctuaciones menores en la presi\u00f3n de salida, debido a la disminuci\u00f3n de la presi\u00f3n de suministro de entrada.<\/p>\n<\/div>\n<\/div>\n<p>&nbsp;<\/p>\n<h2><strong>Trabajar con gas SF6<\/strong><\/h2>\n<p>Al manipular gas SF6, es importante tomar precauciones adicionales para asegurarse de que no se escape gas a la atm\u00f3sfera. El gas SF6 tiene un potencial de calentamiento global 26.300 veces mayor que el CO2, por lo que se deben reforzar esos puntos de conexi\u00f3n. Echa un vistazo a nuestro <strong><a href=\"https:\/\/gasquip.com\/es\/blog\/\">Blog<\/a><\/strong> para obtener m\u00e1s informaci\u00f3n sobre las mejores pr\u00e1cticas en el manejo del gas SF6.<\/p>\n<p>&nbsp;<\/p>\n<h2><strong>\u00bfQu\u00e9 conexiones necesito?<\/strong><\/h2>\n<p>Si se conecta a un cilindro SF6 en Norteam\u00e9rica, utilizar\u00e1 una conexi\u00f3n CGA 590. Mira esto <a href=\"https:\/\/www.concoa.com\/cgachart.html\"><strong>gu\u00eda \u00fatil<\/strong><\/a> para comprender los tipos de conexi\u00f3n CGA.<\/p>","protected":false},"excerpt":{"rendered":"<p>Our SF6 Regulator is compact, lightweight, high purity, single stage, pressure reducing regulators for SF6 gas. The brass body &amp; steel diaphragms insure gas purity and integrity.<\/p>\n<p><strong>Normalmente se env\u00eda:<\/strong> Mismo d\u00eda<\/p>","protected":false},"featured_media":6776,"template":"","meta":{"content-type":""},"product_brand":[],"product_cat":[112],"product_tag":[],"class_list":{"0":"post-4054","1":"product","2":"type-product","3":"status-publish","4":"has-post-thumbnail","6":"product_cat-gas-handling","8":"first","9":"instock","10":"taxable","11":"shipping-taxable","12":"purchasable","13":"product-type-variable","14":"has-default-attributes"},"yoast_head":"<!-- This site is optimized with the Yoast SEO plugin v27.4 - https:\/\/yoast.com\/product\/yoast-seo-wordpress\/ -->\n<title>SF6 Regulator - GasQuip Dual Stage SF6 Gas Regulator<\/title>\n<meta name=\"description\" content=\"Dual stage CGA 590 regulator commonly used for SF6 gas. Gauges are in PSI and Bar, connections are CGA 590 and 1\/4&quot; MNPT. Check it out -&gt;\" \/>\n<meta name=\"robots\" content=\"index, follow, max-snippet:-1, max-image-preview:large, max-video-preview:-1\" \/>\n<link rel=\"canonical\" href=\"https:\/\/gasquip.com\/es\/producto\/regulador-cga-590\/\" \/>\n<meta property=\"og:locale\" content=\"es_MX\" \/>\n<meta property=\"og:type\" content=\"article\" \/>\n<meta property=\"og:title\" content=\"SF6 Regulator - GasQuip Dual Stage SF6 Gas Regulator\" \/>\n<meta property=\"og:description\" content=\"Dual stage CGA 590 regulator commonly used for SF6 gas. Gauges are in PSI and Bar, connections are CGA 590 and 1\/4&quot; MNPT. Check it out -&gt;\" \/>\n<meta property=\"og:url\" content=\"https:\/\/gasquip.com\/es\/producto\/regulador-cga-590\/\" \/>\n<meta property=\"og:site_name\" content=\"GasQuip\" \/>\n<meta property=\"article:publisher\" content=\"https:\/\/www.facebook.com\/gasquiptx\" \/>\n<meta property=\"article:modified_time\" content=\"2025-03-31T20:21:35+00:00\" \/>\n<meta property=\"og:image\" content=\"https:\/\/gasquip.com\/wp-content\/uploads\/2020\/10\/CGA-590-Regulator.png\" \/>\n\t<meta property=\"og:image:width\" content=\"1024\" \/>\n\t<meta property=\"og:image:height\" content=\"1024\" \/>\n\t<meta property=\"og:image:type\" content=\"image\/png\" \/>\n<meta name=\"twitter:card\" content=\"summary_large_image\" \/>\n<meta name=\"twitter:label1\" content=\"Tiempo de lectura\" \/>\n\t<meta name=\"twitter:data1\" content=\"2 minutos\" \/>\n<script type=\"application\/ld+json\" class=\"yoast-schema-graph\">{\"@context\":\"https:\\\/\\\/schema.org\",\"@graph\":[{\"@type\":\"WebPage\",\"@id\":\"https:\\\/\\\/gasquip.com\\\/product\\\/sf6-regualtor\\\/\",\"url\":\"https:\\\/\\\/gasquip.com\\\/product\\\/sf6-regualtor\\\/\",\"name\":\"SF6 Regulator - GasQuip Dual Stage SF6 Gas Regulator\",\"isPartOf\":{\"@id\":\"https:\\\/\\\/gasquip.com\\\/#website\"},\"primaryImageOfPage\":{\"@id\":\"https:\\\/\\\/gasquip.com\\\/product\\\/sf6-regualtor\\\/#primaryimage\"},\"image\":{\"@id\":\"https:\\\/\\\/gasquip.com\\\/product\\\/sf6-regualtor\\\/#primaryimage\"},\"thumbnailUrl\":\"https:\\\/\\\/gasquip.com\\\/wp-content\\\/uploads\\\/2020\\\/10\\\/CGA-590-Regulator.png\",\"datePublished\":\"2020-10-07T15:12:19+00:00\",\"dateModified\":\"2025-03-31T20:21:35+00:00\",\"description\":\"Dual stage CGA 590 regulator commonly used for SF6 gas. Gauges are in PSI and Bar, connections are CGA 590 and 1\\\/4\\\" MNPT. Check it out ->\",\"breadcrumb\":{\"@id\":\"https:\\\/\\\/gasquip.com\\\/product\\\/sf6-regualtor\\\/#breadcrumb\"},\"inLanguage\":\"es\",\"potentialAction\":[{\"@type\":\"ReadAction\",\"target\":[\"https:\\\/\\\/gasquip.com\\\/product\\\/sf6-regualtor\\\/\"]}]},{\"@type\":\"ImageObject\",\"inLanguage\":\"es\",\"@id\":\"https:\\\/\\\/gasquip.com\\\/product\\\/sf6-regualtor\\\/#primaryimage\",\"url\":\"https:\\\/\\\/gasquip.com\\\/wp-content\\\/uploads\\\/2020\\\/10\\\/CGA-590-Regulator.png\",\"contentUrl\":\"https:\\\/\\\/gasquip.com\\\/wp-content\\\/uploads\\\/2020\\\/10\\\/CGA-590-Regulator.png\",\"width\":1024,\"height\":1024,\"caption\":\"CGA 590 Regulator\"},{\"@type\":\"BreadcrumbList\",\"@id\":\"https:\\\/\\\/gasquip.com\\\/product\\\/sf6-regualtor\\\/#breadcrumb\",\"itemListElement\":[{\"@type\":\"ListItem\",\"position\":1,\"name\":\"Home\",\"item\":\"https:\\\/\\\/gasquip.com\\\/\"},{\"@type\":\"ListItem\",\"position\":2,\"name\":\"products\",\"item\":\"https:\\\/\\\/gasquip.com\\\/products-3\\\/\"},{\"@type\":\"ListItem\",\"position\":3,\"name\":\"SF6 Regulator\"}]},{\"@type\":\"WebSite\",\"@id\":\"https:\\\/\\\/gasquip.com\\\/#website\",\"url\":\"https:\\\/\\\/gasquip.com\\\/\",\"name\":\"GasQuip\",\"description\":\"SF6 Gas Equipment\",\"publisher\":{\"@id\":\"https:\\\/\\\/gasquip.com\\\/#organization\"},\"potentialAction\":[{\"@type\":\"SearchAction\",\"target\":{\"@type\":\"EntryPoint\",\"urlTemplate\":\"https:\\\/\\\/gasquip.com\\\/?s={search_term_string}\"},\"query-input\":{\"@type\":\"PropertyValueSpecification\",\"valueRequired\":true,\"valueName\":\"search_term_string\"}}],\"inLanguage\":\"es\"},{\"@type\":\"Organization\",\"@id\":\"https:\\\/\\\/gasquip.com\\\/#organization\",\"name\":\"GasQuip\",\"url\":\"https:\\\/\\\/gasquip.com\\\/\",\"logo\":{\"@type\":\"ImageObject\",\"inLanguage\":\"es\",\"@id\":\"https:\\\/\\\/gasquip.com\\\/#\\\/schema\\\/logo\\\/image\\\/\",\"url\":\"https:\\\/\\\/gasquip.com\\\/wp-content\\\/uploads\\\/2020\\\/10\\\/Logo-Original-PNG-Cropped.png\",\"contentUrl\":\"https:\\\/\\\/gasquip.com\\\/wp-content\\\/uploads\\\/2020\\\/10\\\/Logo-Original-PNG-Cropped.png\",\"width\":2819,\"height\":702,\"caption\":\"GasQuip\"},\"image\":{\"@id\":\"https:\\\/\\\/gasquip.com\\\/#\\\/schema\\\/logo\\\/image\\\/\"},\"sameAs\":[\"https:\\\/\\\/www.facebook.com\\\/gasquiptx\",\"https:\\\/\\\/www.linkedin.com\\\/company\\\/gasquip.com\",\"https:\\\/\\\/www.youtube.com\\\/channel\\\/UCUCicTtyc2zeJMcj5NMA0Ww\"]}]}<\/script>\n<!-- \/ Yoast SEO plugin. -->","yoast_head_json":{"title":"SF6 Regulator - GasQuip Dual Stage SF6 Gas Regulator","description":"Regulador CGA 590 de doble etapa com\u00fanmente utilizado para gas SF6. Los calibres est\u00e1n en PSI y Bar, las conexiones son CGA 590 y 1\/4&quot; MNPT. Compru\u00e9balo -&gt;","robots":{"index":"index","follow":"follow","max-snippet":"max-snippet:-1","max-image-preview":"max-image-preview:large","max-video-preview":"max-video-preview:-1"},"canonical":"https:\/\/gasquip.com\/es\/producto\/regulador-cga-590\/","og_locale":"es_MX","og_type":"article","og_title":"SF6 Regulator - GasQuip Dual Stage SF6 Gas Regulator","og_description":"Dual stage CGA 590 regulator commonly used for SF6 gas. Gauges are in PSI and Bar, connections are CGA 590 and 1\/4\" MNPT. Check it out ->","og_url":"https:\/\/gasquip.com\/es\/producto\/regulador-cga-590\/","og_site_name":"GasQuip","article_publisher":"https:\/\/www.facebook.com\/gasquiptx","article_modified_time":"2025-03-31T20:21:35+00:00","og_image":[{"width":1024,"height":1024,"url":"https:\/\/gasquip.com\/wp-content\/uploads\/2020\/10\/CGA-590-Regulator.png","type":"image\/png"}],"twitter_card":"summary_large_image","twitter_misc":{"Tiempo de lectura":"2 minutos"},"schema":{"@context":"https:\/\/schema.org","@graph":[{"@type":"WebPage","@id":"https:\/\/gasquip.com\/product\/sf6-regualtor\/","url":"https:\/\/gasquip.com\/product\/sf6-regualtor\/","name":"SF6 Regulator - GasQuip Dual Stage SF6 Gas Regulator","isPartOf":{"@id":"https:\/\/gasquip.com\/#website"},"primaryImageOfPage":{"@id":"https:\/\/gasquip.com\/product\/sf6-regualtor\/#primaryimage"},"image":{"@id":"https:\/\/gasquip.com\/product\/sf6-regualtor\/#primaryimage"},"thumbnailUrl":"https:\/\/gasquip.com\/wp-content\/uploads\/2020\/10\/CGA-590-Regulator.png","datePublished":"2020-10-07T15:12:19+00:00","dateModified":"2025-03-31T20:21:35+00:00","description":"Regulador CGA 590 de doble etapa com\u00fanmente utilizado para gas SF6. Los calibres est\u00e1n en PSI y Bar, las conexiones son CGA 590 y 1\/4&quot; MNPT. Compru\u00e9balo -&gt;","breadcrumb":{"@id":"https:\/\/gasquip.com\/product\/sf6-regualtor\/#breadcrumb"},"inLanguage":"es","potentialAction":[{"@type":"ReadAction","target":["https:\/\/gasquip.com\/product\/sf6-regualtor\/"]}]},{"@type":"ImageObject","inLanguage":"es","@id":"https:\/\/gasquip.com\/product\/sf6-regualtor\/#primaryimage","url":"https:\/\/gasquip.com\/wp-content\/uploads\/2020\/10\/CGA-590-Regulator.png","contentUrl":"https:\/\/gasquip.com\/wp-content\/uploads\/2020\/10\/CGA-590-Regulator.png","width":1024,"height":1024,"caption":"CGA 590 Regulator"},{"@type":"BreadcrumbList","@id":"https:\/\/gasquip.com\/product\/sf6-regualtor\/#breadcrumb","itemListElement":[{"@type":"ListItem","position":1,"name":"Home","item":"https:\/\/gasquip.com\/"},{"@type":"ListItem","position":2,"name":"products","item":"https:\/\/gasquip.com\/products-3\/"},{"@type":"ListItem","position":3,"name":"SF6 Regulator"}]},{"@type":"WebSite","@id":"https:\/\/gasquip.com\/#website","url":"https:\/\/gasquip.com\/","name":"GasQuip","description":"Equipos de gas SF6","publisher":{"@id":"https:\/\/gasquip.com\/#organization"},"potentialAction":[{"@type":"SearchAction","target":{"@type":"EntryPoint","urlTemplate":"https:\/\/gasquip.com\/?s={search_term_string}"},"query-input":{"@type":"PropertyValueSpecification","valueRequired":true,"valueName":"search_term_string"}}],"inLanguage":"es"},{"@type":"Organization","@id":"https:\/\/gasquip.com\/#organization","name":"GasQuip","url":"https:\/\/gasquip.com\/","logo":{"@type":"ImageObject","inLanguage":"es","@id":"https:\/\/gasquip.com\/#\/schema\/logo\/image\/","url":"https:\/\/gasquip.com\/wp-content\/uploads\/2020\/10\/Logo-Original-PNG-Cropped.png","contentUrl":"https:\/\/gasquip.com\/wp-content\/uploads\/2020\/10\/Logo-Original-PNG-Cropped.png","width":2819,"height":702,"caption":"GasQuip"},"image":{"@id":"https:\/\/gasquip.com\/#\/schema\/logo\/image\/"},"sameAs":["https:\/\/www.facebook.com\/gasquiptx","https:\/\/www.linkedin.com\/company\/gasquip.com","https:\/\/www.youtube.com\/channel\/UCUCicTtyc2zeJMcj5NMA0Ww"]}]}},"_links":{"self":[{"href":"https:\/\/gasquip.com\/es\/wp-json\/wp\/v2\/product\/4054","targetHints":{"allow":["GET"]}}],"collection":[{"href":"https:\/\/gasquip.com\/es\/wp-json\/wp\/v2\/product"}],"about":[{"href":"https:\/\/gasquip.com\/es\/wp-json\/wp\/v2\/types\/product"}],"version-history":[{"count":1,"href":"https:\/\/gasquip.com\/es\/wp-json\/wp\/v2\/product\/4054\/revisions"}],"predecessor-version":[{"id":9719,"href":"https:\/\/gasquip.com\/es\/wp-json\/wp\/v2\/product\/4054\/revisions\/9719"}],"wp:featuredmedia":[{"embeddable":true,"href":"https:\/\/gasquip.com\/es\/wp-json\/wp\/v2\/media\/6776"}],"wp:attachment":[{"href":"https:\/\/gasquip.com\/es\/wp-json\/wp\/v2\/media?parent=4054"}],"wp:term":[{"taxonomy":"product_brand","embeddable":true,"href":"https:\/\/gasquip.com\/es\/wp-json\/wp\/v2\/product_brand?post=4054"},{"taxonomy":"product_cat","embeddable":true,"href":"https:\/\/gasquip.com\/es\/wp-json\/wp\/v2\/product_cat?post=4054"},{"taxonomy":"product_tag","embeddable":true,"href":"https:\/\/gasquip.com\/es\/wp-json\/wp\/v2\/product_tag?post=4054"}],"curies":[{"name":"wp","href":"https:\/\/api.w.org\/{rel}","templated":true}]}}