{"id":6084,"date":"2021-09-24T22:16:13","date_gmt":"2021-09-24T22:16:13","guid":{"rendered":"https:\/\/gasquip.com\/?post_type=product&#038;p=6084"},"modified":"2024-09-26T16:49:45","modified_gmt":"2024-09-26T16:49:45","slug":"kit-de-gas-de-calibracion-del-analizador","status":"publish","type":"product","link":"https:\/\/gasquip.com\/es\/product\/analyzer-calibration-gas-kit\/","title":{"rendered":"Analyzer Verification Gas Kit"},"content":{"rendered":"<p>The GasQuip Analyzer Verification Gas Kit is an important accessory to any brand of SF6 analyzer. When operating an SF6 analyzer, it&#8217;s vital to know that your device is giving you accurate readings. Checking your device with certified gas mixtures is a simple way to verify that your analyzer is functioning within the specified tolerances. This kit is compatible with any SF6 analyzer, and other gas mixtures are available upon request. This kit is not intended for performing calibrations, only verifying within a certain range.<\/p>\n<h3><strong>Qu\u00e9 est\u00e1 incluido<\/strong><\/h3>\n<ul>\n<li>SF6, cilindro de 58 L, pureza 99.99%<\/li>\n<li>H2O, cilindro de 58 litros, 200 ppm (gas portador de nitr\u00f3geno)<\/li>\n<li>SO2, cilindro de 58 litros, 75 ppm (gas portador de nitr\u00f3geno)<\/li>\n<li>Regulador C-10 con adaptador de desconexi\u00f3n r\u00e1pida (presi\u00f3n de salida de 50 PSI, flujo de 6 LPM)<\/li>\n<li>Estuche de transporte para tres cilindros de 58 L y regulador<\/li>\n<\/ul>\n<h3><strong>La necesidad de un analizador de SF6 preciso <\/strong><\/h3>\n<p><span data-tt=\"{&quot;paragraphStyle&quot;:{&quot;alignment&quot;:4,&quot;writingDirection&quot;:1}}\">El an\u00e1lisis del gas SF6 siempre ha sido un paso importante en el mantenimiento de los equipos aislados por gas (GIE). La herramienta elegida por las empresas el\u00e9ctricas y los contratistas siempre ha sido alguna versi\u00f3n de un analizador de SF6 port\u00e1til. Estos analizadores permiten al operador conectarse r\u00e1pidamente a equipos de SF6 y comprender la composici\u00f3n del gas en unos minutos. Las pruebas m\u00e1s comunes analizar\u00e1n la pureza del gas SF6 como porcentaje, la cantidad de SO2 en t\u00e9rminos de PPM y el contenido de humedad medido en punto de roc\u00edo. Si estos valores est\u00e1n fuera del rango recomendado por el fabricante, existe la posibilidad de que el equipo sufra da\u00f1os graves. Por supuesto, esto puede significar enormes cantidades de carga financiera para reemplazar el equipo da\u00f1ado. <\/span><\/p>\n<p>&nbsp;<\/p>\n<h3><strong>Analizador SF6 fuera de tolerancia <\/strong><\/h3>\n<p><span data-tt=\"{&quot;paragraphStyle&quot;:{&quot;alignment&quot;:4,&quot;writingDirection&quot;:1}}\">Confucio dijo una vez: \u201cSi un artesano quiere hacer un buen trabajo, debe afilar sus herramientas\u201d. Entonces surge la pregunta... \u00bfc\u00f3mo puedo saber si mi herramienta necesita ser afilada en primer lugar? Es posible que su analizador tenga exactamente el mismo aspecto desde el d\u00eda en que lo compr\u00f3 (menos la pantalla rota porque se le cay\u00f3 la llave inglesa). Por lo tanto, puede ser dif\u00edcil saber si su unidad todav\u00eda funciona como estaba previsto sin tener un punto de referencia con el que realizar la prueba. Ah\u00ed es donde entramos nosotros <\/span><\/p>\n<p>&nbsp;<\/p>\n<h3><strong>Gases de verificaci\u00f3n <\/strong><\/h3>\n<p><span data-tt=\"{&quot;paragraphStyle&quot;:{&quot;alignment&quot;:4,&quot;writingDirection&quot;:1}}\">Con nuestro kit de verificaci\u00f3n de gases, puede conectar gases calibrados directamente a su analizador. Por ejemplo, puede conectar la botella de SF6 puro y realizar una prueba en su analizador. Si su unidad muestra 94% SF6 cuando deber\u00eda mostrar 99.9%, es hora de enviar la unidad al fabricante para que la revisen. Recomendamos utilizar este kit para verificar que su analizador est\u00e9 dentro de la tolerancia en todo momento. <\/span><\/p>","protected":false},"excerpt":{"rendered":"<p>Nuestro kit de gas de calibraci\u00f3n del analizador se puede utilizar para verificar si cualquier marca de sensores del analizador SF6 est\u00e1 funcionando dentro de las tolerancias especificadas. Mezclas certificadas en bombonas de gas de SF6, H2O y SO2.<\/p>","protected":false},"featured_media":6087,"template":"","meta":{"content-type":""},"product_brand":[],"product_cat":[152],"product_tag":[],"class_list":{"0":"post-6084","1":"product","2":"type-product","3":"status-publish","4":"has-post-thumbnail","6":"product_cat-flex-accessories","8":"first","9":"instock","10":"taxable","11":"shipping-taxable","12":"purchasable","13":"product-type-simple"},"yoast_head":"<!-- This site is optimized with the Yoast SEO plugin v27.4 - https:\/\/yoast.com\/product\/yoast-seo-wordpress\/ -->\n<title>SF6 Analyzer Verification Gas Kit - GasQuip<\/title>\n<meta name=\"description\" content=\"Our analyzer calibration gas kit can be used to check if any brand of SF6 analyzer&#039;s sensors are operating within the specified tolerances.\" \/>\n<meta name=\"robots\" content=\"index, follow, max-snippet:-1, max-image-preview:large, max-video-preview:-1\" \/>\n<link rel=\"canonical\" href=\"https:\/\/gasquip.com\/es\/producto\/kit-de-gas-de-calibracion-del-analizador\/\" \/>\n<meta property=\"og:locale\" content=\"es_MX\" \/>\n<meta property=\"og:type\" content=\"article\" \/>\n<meta property=\"og:title\" content=\"SF6 Analyzer Verification Gas Kit - GasQuip\" \/>\n<meta property=\"og:description\" content=\"Our analyzer calibration gas kit can be used to check if any brand of SF6 analyzer&#039;s sensors are operating within the specified tolerances.\" \/>\n<meta property=\"og:url\" content=\"https:\/\/gasquip.com\/es\/producto\/kit-de-gas-de-calibracion-del-analizador\/\" \/>\n<meta property=\"og:site_name\" content=\"GasQuip\" \/>\n<meta property=\"article:publisher\" content=\"https:\/\/www.facebook.com\/gasquiptx\" \/>\n<meta property=\"article:modified_time\" content=\"2024-09-26T16:49:45+00:00\" \/>\n<meta property=\"og:image\" content=\"https:\/\/gasquip.com\/wp-content\/uploads\/2021\/09\/Analyzer-Calibration-Gas-Kit-1.jpg\" \/>\n\t<meta property=\"og:image:width\" content=\"1024\" \/>\n\t<meta property=\"og:image:height\" content=\"1024\" \/>\n\t<meta property=\"og:image:type\" content=\"image\/jpeg\" \/>\n<meta name=\"twitter:card\" content=\"summary_large_image\" \/>\n<meta name=\"twitter:label1\" content=\"Tiempo de lectura\" \/>\n\t<meta name=\"twitter:data1\" content=\"3 minutos\" \/>\n<script type=\"application\/ld+json\" class=\"yoast-schema-graph\">{\"@context\":\"https:\\\/\\\/schema.org\",\"@graph\":[{\"@type\":\"WebPage\",\"@id\":\"https:\\\/\\\/gasquip.com\\\/es\\\/producto\\\/kit-de-gas-de-calibracion-del-analizador\\\/\",\"url\":\"https:\\\/\\\/gasquip.com\\\/es\\\/producto\\\/kit-de-gas-de-calibracion-del-analizador\\\/\",\"name\":\"SF6 Analyzer Verification Gas Kit - GasQuip\",\"isPartOf\":{\"@id\":\"https:\\\/\\\/gasquip.com\\\/#website\"},\"primaryImageOfPage\":{\"@id\":\"https:\\\/\\\/gasquip.com\\\/es\\\/producto\\\/kit-de-gas-de-calibracion-del-analizador\\\/#primaryimage\"},\"image\":{\"@id\":\"https:\\\/\\\/gasquip.com\\\/es\\\/producto\\\/kit-de-gas-de-calibracion-del-analizador\\\/#primaryimage\"},\"thumbnailUrl\":\"https:\\\/\\\/gasquip.com\\\/wp-content\\\/uploads\\\/2021\\\/09\\\/Analyzer-Calibration-Gas-Kit-1.jpg\",\"datePublished\":\"2021-09-24T22:16:13+00:00\",\"dateModified\":\"2024-09-26T16:49:45+00:00\",\"description\":\"Our analyzer calibration gas kit can be used to check if any brand of SF6 analyzer's sensors are operating within the specified tolerances.\",\"breadcrumb\":{\"@id\":\"https:\\\/\\\/gasquip.com\\\/es\\\/producto\\\/kit-de-gas-de-calibracion-del-analizador\\\/#breadcrumb\"},\"inLanguage\":\"es\",\"potentialAction\":[{\"@type\":\"ReadAction\",\"target\":[\"https:\\\/\\\/gasquip.com\\\/es\\\/producto\\\/kit-de-gas-de-calibracion-del-analizador\\\/\"]}]},{\"@type\":\"ImageObject\",\"inLanguage\":\"es\",\"@id\":\"https:\\\/\\\/gasquip.com\\\/es\\\/producto\\\/kit-de-gas-de-calibracion-del-analizador\\\/#primaryimage\",\"url\":\"https:\\\/\\\/gasquip.com\\\/wp-content\\\/uploads\\\/2021\\\/09\\\/Analyzer-Calibration-Gas-Kit-1.jpg\",\"contentUrl\":\"https:\\\/\\\/gasquip.com\\\/wp-content\\\/uploads\\\/2021\\\/09\\\/Analyzer-Calibration-Gas-Kit-1.jpg\",\"width\":1024,\"height\":1024,\"caption\":\"SF6 Analyzer Calibration Gas Kit\"},{\"@type\":\"BreadcrumbList\",\"@id\":\"https:\\\/\\\/gasquip.com\\\/es\\\/producto\\\/kit-de-gas-de-calibracion-del-analizador\\\/#breadcrumb\",\"itemListElement\":[{\"@type\":\"ListItem\",\"position\":1,\"name\":\"Home\",\"item\":\"https:\\\/\\\/gasquip.com\\\/\"},{\"@type\":\"ListItem\",\"position\":2,\"name\":\"products\",\"item\":\"https:\\\/\\\/gasquip.com\\\/products-3\\\/\"},{\"@type\":\"ListItem\",\"position\":3,\"name\":\"Analyzer Verification Gas Kit\"}]},{\"@type\":\"WebSite\",\"@id\":\"https:\\\/\\\/gasquip.com\\\/#website\",\"url\":\"https:\\\/\\\/gasquip.com\\\/\",\"name\":\"GasQuip\",\"description\":\"SF6 Gas Equipment\",\"publisher\":{\"@id\":\"https:\\\/\\\/gasquip.com\\\/#organization\"},\"potentialAction\":[{\"@type\":\"SearchAction\",\"target\":{\"@type\":\"EntryPoint\",\"urlTemplate\":\"https:\\\/\\\/gasquip.com\\\/?s={search_term_string}\"},\"query-input\":{\"@type\":\"PropertyValueSpecification\",\"valueRequired\":true,\"valueName\":\"search_term_string\"}}],\"inLanguage\":\"es\"},{\"@type\":\"Organization\",\"@id\":\"https:\\\/\\\/gasquip.com\\\/#organization\",\"name\":\"GasQuip\",\"url\":\"https:\\\/\\\/gasquip.com\\\/\",\"logo\":{\"@type\":\"ImageObject\",\"inLanguage\":\"es\",\"@id\":\"https:\\\/\\\/gasquip.com\\\/#\\\/schema\\\/logo\\\/image\\\/\",\"url\":\"https:\\\/\\\/gasquip.com\\\/wp-content\\\/uploads\\\/2020\\\/10\\\/Logo-Original-PNG-Cropped.png\",\"contentUrl\":\"https:\\\/\\\/gasquip.com\\\/wp-content\\\/uploads\\\/2020\\\/10\\\/Logo-Original-PNG-Cropped.png\",\"width\":2819,\"height\":702,\"caption\":\"GasQuip\"},\"image\":{\"@id\":\"https:\\\/\\\/gasquip.com\\\/#\\\/schema\\\/logo\\\/image\\\/\"},\"sameAs\":[\"https:\\\/\\\/www.facebook.com\\\/gasquiptx\",\"https:\\\/\\\/www.linkedin.com\\\/company\\\/gasquip.com\",\"https:\\\/\\\/www.youtube.com\\\/channel\\\/UCUCicTtyc2zeJMcj5NMA0Ww\"]}]}<\/script>\n<!-- \/ Yoast SEO plugin. -->","yoast_head_json":{"title":"SF6 Analyzer Verification Gas Kit - GasQuip","description":"Nuestro kit de gas de calibraci\u00f3n del analizador se puede utilizar para verificar si cualquier marca de sensores del analizador SF6 est\u00e1 funcionando dentro de las tolerancias especificadas.","robots":{"index":"index","follow":"follow","max-snippet":"max-snippet:-1","max-image-preview":"max-image-preview:large","max-video-preview":"max-video-preview:-1"},"canonical":"https:\/\/gasquip.com\/es\/producto\/kit-de-gas-de-calibracion-del-analizador\/","og_locale":"es_MX","og_type":"article","og_title":"SF6 Analyzer Verification Gas Kit - GasQuip","og_description":"Our analyzer calibration gas kit can be used to check if any brand of SF6 analyzer's sensors are operating within the specified tolerances.","og_url":"https:\/\/gasquip.com\/es\/producto\/kit-de-gas-de-calibracion-del-analizador\/","og_site_name":"GasQuip","article_publisher":"https:\/\/www.facebook.com\/gasquiptx","article_modified_time":"2024-09-26T16:49:45+00:00","og_image":[{"width":1024,"height":1024,"url":"https:\/\/gasquip.com\/wp-content\/uploads\/2021\/09\/Analyzer-Calibration-Gas-Kit-1.jpg","type":"image\/jpeg"}],"twitter_card":"summary_large_image","twitter_misc":{"Tiempo de lectura":"3 minutos"},"schema":{"@context":"https:\/\/schema.org","@graph":[{"@type":"WebPage","@id":"https:\/\/gasquip.com\/es\/producto\/kit-de-gas-de-calibracion-del-analizador\/","url":"https:\/\/gasquip.com\/es\/producto\/kit-de-gas-de-calibracion-del-analizador\/","name":"SF6 Analyzer Verification Gas Kit - GasQuip","isPartOf":{"@id":"https:\/\/gasquip.com\/#website"},"primaryImageOfPage":{"@id":"https:\/\/gasquip.com\/es\/producto\/kit-de-gas-de-calibracion-del-analizador\/#primaryimage"},"image":{"@id":"https:\/\/gasquip.com\/es\/producto\/kit-de-gas-de-calibracion-del-analizador\/#primaryimage"},"thumbnailUrl":"https:\/\/gasquip.com\/wp-content\/uploads\/2021\/09\/Analyzer-Calibration-Gas-Kit-1.jpg","datePublished":"2021-09-24T22:16:13+00:00","dateModified":"2024-09-26T16:49:45+00:00","description":"Nuestro kit de gas de calibraci\u00f3n del analizador se puede utilizar para verificar si cualquier marca de sensores del analizador SF6 est\u00e1 funcionando dentro de las tolerancias especificadas.","breadcrumb":{"@id":"https:\/\/gasquip.com\/es\/producto\/kit-de-gas-de-calibracion-del-analizador\/#breadcrumb"},"inLanguage":"es","potentialAction":[{"@type":"ReadAction","target":["https:\/\/gasquip.com\/es\/producto\/kit-de-gas-de-calibracion-del-analizador\/"]}]},{"@type":"ImageObject","inLanguage":"es","@id":"https:\/\/gasquip.com\/es\/producto\/kit-de-gas-de-calibracion-del-analizador\/#primaryimage","url":"https:\/\/gasquip.com\/wp-content\/uploads\/2021\/09\/Analyzer-Calibration-Gas-Kit-1.jpg","contentUrl":"https:\/\/gasquip.com\/wp-content\/uploads\/2021\/09\/Analyzer-Calibration-Gas-Kit-1.jpg","width":1024,"height":1024,"caption":"SF6 Analyzer Calibration Gas Kit"},{"@type":"BreadcrumbList","@id":"https:\/\/gasquip.com\/es\/producto\/kit-de-gas-de-calibracion-del-analizador\/#breadcrumb","itemListElement":[{"@type":"ListItem","position":1,"name":"Home","item":"https:\/\/gasquip.com\/"},{"@type":"ListItem","position":2,"name":"products","item":"https:\/\/gasquip.com\/products-3\/"},{"@type":"ListItem","position":3,"name":"Analyzer Verification Gas Kit"}]},{"@type":"WebSite","@id":"https:\/\/gasquip.com\/#website","url":"https:\/\/gasquip.com\/","name":"GasQuip","description":"Equipos de gas SF6","publisher":{"@id":"https:\/\/gasquip.com\/#organization"},"potentialAction":[{"@type":"SearchAction","target":{"@type":"EntryPoint","urlTemplate":"https:\/\/gasquip.com\/?s={search_term_string}"},"query-input":{"@type":"PropertyValueSpecification","valueRequired":true,"valueName":"search_term_string"}}],"inLanguage":"es"},{"@type":"Organization","@id":"https:\/\/gasquip.com\/#organization","name":"GasQuip","url":"https:\/\/gasquip.com\/","logo":{"@type":"ImageObject","inLanguage":"es","@id":"https:\/\/gasquip.com\/#\/schema\/logo\/image\/","url":"https:\/\/gasquip.com\/wp-content\/uploads\/2020\/10\/Logo-Original-PNG-Cropped.png","contentUrl":"https:\/\/gasquip.com\/wp-content\/uploads\/2020\/10\/Logo-Original-PNG-Cropped.png","width":2819,"height":702,"caption":"GasQuip"},"image":{"@id":"https:\/\/gasquip.com\/#\/schema\/logo\/image\/"},"sameAs":["https:\/\/www.facebook.com\/gasquiptx","https:\/\/www.linkedin.com\/company\/gasquip.com","https:\/\/www.youtube.com\/channel\/UCUCicTtyc2zeJMcj5NMA0Ww"]}]}},"_links":{"self":[{"href":"https:\/\/gasquip.com\/es\/wp-json\/wp\/v2\/product\/6084","targetHints":{"allow":["GET"]}}],"collection":[{"href":"https:\/\/gasquip.com\/es\/wp-json\/wp\/v2\/product"}],"about":[{"href":"https:\/\/gasquip.com\/es\/wp-json\/wp\/v2\/types\/product"}],"version-history":[{"count":1,"href":"https:\/\/gasquip.com\/es\/wp-json\/wp\/v2\/product\/6084\/revisions"}],"predecessor-version":[{"id":9713,"href":"https:\/\/gasquip.com\/es\/wp-json\/wp\/v2\/product\/6084\/revisions\/9713"}],"wp:featuredmedia":[{"embeddable":true,"href":"https:\/\/gasquip.com\/es\/wp-json\/wp\/v2\/media\/6087"}],"wp:attachment":[{"href":"https:\/\/gasquip.com\/es\/wp-json\/wp\/v2\/media?parent=6084"}],"wp:term":[{"taxonomy":"product_brand","embeddable":true,"href":"https:\/\/gasquip.com\/es\/wp-json\/wp\/v2\/product_brand?post=6084"},{"taxonomy":"product_cat","embeddable":true,"href":"https:\/\/gasquip.com\/es\/wp-json\/wp\/v2\/product_cat?post=6084"},{"taxonomy":"product_tag","embeddable":true,"href":"https:\/\/gasquip.com\/es\/wp-json\/wp\/v2\/product_tag?post=6084"}],"curies":[{"name":"wp","href":"https:\/\/api.w.org\/{rel}","templated":true}]}}