{"id":4299,"date":"2020-11-06T21:28:31","date_gmt":"2020-11-06T21:28:31","guid":{"rendered":"https:\/\/gasquip.com\/?page_id=4299"},"modified":"2024-12-13T14:25:22","modified_gmt":"2024-12-13T14:25:22","slug":"blog","status":"publish","type":"page","link":"https:\/\/gasquip.com\/fr\/blog\/","title":{"rendered":"Blog"},"content":{"rendered":"<div class=\"pt-cv-wrapper\"><div class=\"pt-cv-view pt-cv-blockgrid iscvblock iscvhybrid grid1 layout1\" id=\"pt-cv-view-51c82dbd1l\"><div data-id=\"pt-cv-page-1\" class=\"pt-cv-page\" data-cvc=\"3\"><div class=\"pt-cv-content-item pt-cv-1-col\" ><div class=\"pt-cv-thumb-wrapper\"><a href=\"https:\/\/gasquip.com\/fr\/sf6-reporting\/\" class=\"_blank pt-cv-href-thumbnail pt-cv-thumb-default\" target=\"_blank\" ><img decoding=\"async\" src=\"https:\/\/gasquip.com\/wp-content\/plugins\/content-views-query-and-display-post-page\/public\/assets\/images\/default_image.png\" class=\"pt-cv-thumbnail cv-default-img\" alt=\"SF6 Reporting\" title=\"\" \/><\/a><\/div>\n<h4 class=\"pt-cv-title\"><a href=\"https:\/\/gasquip.com\/fr\/sf6-reporting\/\" class=\"_blank\" target=\"_blank\" >SF6 Reporting<\/a><\/h4><\/div>\n<div class=\"pt-cv-content-item pt-cv-1-col\" ><div class=\"pt-cv-thumb-wrapper\"><a href=\"https:\/\/gasquip.com\/fr\/gasquip-makes-the-inc-5000-list\/\" class=\"_blank pt-cv-href-thumbnail pt-cv-thumb-default\" target=\"_blank\" ><img fetchpriority=\"high\" decoding=\"async\" width=\"300\" height=\"300\" src=\"https:\/\/gasquip.com\/wp-content\/uploads\/2024\/12\/Inc.-5000-Color-Medallion-Logo-300x300.png\" class=\"pt-cv-thumbnail\" alt=\"\" srcset=\"https:\/\/gasquip.com\/wp-content\/uploads\/2024\/12\/Inc.-5000-Color-Medallion-Logo-300x300.png 300w, https:\/\/gasquip.com\/wp-content\/uploads\/2024\/12\/Inc.-5000-Color-Medallion-Logo-1024x1024.png 1024w, https:\/\/gasquip.com\/wp-content\/uploads\/2024\/12\/Inc.-5000-Color-Medallion-Logo-150x150.png 150w, https:\/\/gasquip.com\/wp-content\/uploads\/2024\/12\/Inc.-5000-Color-Medallion-Logo-768x768.png 768w, https:\/\/gasquip.com\/wp-content\/uploads\/2024\/12\/Inc.-5000-Color-Medallion-Logo-12x12.png 12w, https:\/\/gasquip.com\/wp-content\/uploads\/2024\/12\/Inc.-5000-Color-Medallion-Logo-600x600.png 600w, https:\/\/gasquip.com\/wp-content\/uploads\/2024\/12\/Inc.-5000-Color-Medallion-Logo-100x100.png 100w, https:\/\/gasquip.com\/wp-content\/uploads\/2024\/12\/Inc.-5000-Color-Medallion-Logo.png 1201w\" sizes=\"(max-width: 300px) 100vw, 300px\" \/><\/a><\/div>\n<h4 class=\"pt-cv-title\"><a href=\"https:\/\/gasquip.com\/fr\/gasquip-makes-the-inc-5000-list\/\" class=\"_blank\" target=\"_blank\" >GasQuip Makes the INC 5000 List<\/a><\/h4><\/div>\n<div class=\"pt-cv-content-item pt-cv-1-col\" ><div class=\"pt-cv-thumb-wrapper\"><a href=\"https:\/\/gasquip.com\/fr\/5-practical-tips-for-better-sf6-gas-analysis\/\" class=\"_blank pt-cv-href-thumbnail pt-cv-thumb-default\" target=\"_blank\" ><img decoding=\"async\" width=\"300\" height=\"218\" src=\"https:\/\/gasquip.com\/wp-content\/uploads\/2024\/12\/image-min-2024-12-12T124700.641-300x218.jpg\" class=\"pt-cv-thumbnail\" alt=\"\" srcset=\"https:\/\/gasquip.com\/wp-content\/uploads\/2024\/12\/image-min-2024-12-12T124700.641-300x218.jpg 300w, https:\/\/gasquip.com\/wp-content\/uploads\/2024\/12\/image-min-2024-12-12T124700.641-1024x744.jpg 1024w, https:\/\/gasquip.com\/wp-content\/uploads\/2024\/12\/image-min-2024-12-12T124700.641-768x558.jpg 768w, https:\/\/gasquip.com\/wp-content\/uploads\/2024\/12\/image-min-2024-12-12T124700.641-18x12.jpg 18w, https:\/\/gasquip.com\/wp-content\/uploads\/2024\/12\/image-min-2024-12-12T124700.641-600x436.jpg 600w, https:\/\/gasquip.com\/wp-content\/uploads\/2024\/12\/image-min-2024-12-12T124700.641.jpg 1220w\" sizes=\"(max-width: 300px) 100vw, 300px\" \/><\/a><\/div>\n<h4 class=\"pt-cv-title\"><a href=\"https:\/\/gasquip.com\/fr\/5-practical-tips-for-better-sf6-gas-analysis\/\" class=\"_blank\" target=\"_blank\" >5 Practical Tips for Better SF6 Gas Analysis<\/a><\/h4><\/div>\n<div class=\"pt-cv-content-item pt-cv-1-col\" ><div class=\"pt-cv-thumb-wrapper\"><a href=\"https:\/\/gasquip.com\/fr\/overcoming-5-major-problems-with-sf6-gas-analyzers\/\" class=\"_blank pt-cv-href-thumbnail pt-cv-thumb-default\" target=\"_blank\" ><img decoding=\"async\" width=\"300\" height=\"300\" src=\"https:\/\/gasquip.com\/wp-content\/uploads\/2021\/09\/IMG_2230-e1702587763236-300x300.jpeg\" class=\"pt-cv-thumbnail\" alt=\"\" srcset=\"https:\/\/gasquip.com\/wp-content\/uploads\/2021\/09\/IMG_2230-e1702587763236-300x300.jpeg 300w, https:\/\/gasquip.com\/wp-content\/uploads\/2021\/09\/IMG_2230-e1702587763236-1024x1024.jpeg 1024w, https:\/\/gasquip.com\/wp-content\/uploads\/2021\/09\/IMG_2230-e1702587763236-150x150.jpeg 150w, https:\/\/gasquip.com\/wp-content\/uploads\/2021\/09\/IMG_2230-e1702587763236-768x768.jpeg 768w, https:\/\/gasquip.com\/wp-content\/uploads\/2021\/09\/IMG_2230-e1702587763236-12x12.jpeg 12w, https:\/\/gasquip.com\/wp-content\/uploads\/2021\/09\/IMG_2230-e1702587763236-600x600.jpeg 600w, https:\/\/gasquip.com\/wp-content\/uploads\/2021\/09\/IMG_2230-e1702587763236-100x100.jpeg 100w, https:\/\/gasquip.com\/wp-content\/uploads\/2021\/09\/IMG_2230-e1702587763236.jpeg 1536w\" sizes=\"(max-width: 300px) 100vw, 300px\" \/><\/a><\/div>\n<h4 class=\"pt-cv-title\"><a href=\"https:\/\/gasquip.com\/fr\/overcoming-5-major-problems-with-sf6-gas-analyzers\/\" class=\"_blank\" target=\"_blank\" >Surmonter 5 probl\u00e8mes majeurs avec les analyseurs de gaz SF6<\/a><\/h4><\/div>\n<div class=\"pt-cv-content-item pt-cv-1-col\" ><div class=\"pt-cv-thumb-wrapper\"><a href=\"https:\/\/gasquip.com\/fr\/the-4-methods-of-sf6-leak-detection\/\" class=\"_blank pt-cv-href-thumbnail pt-cv-thumb-default\" target=\"_blank\" ><img loading=\"lazy\" decoding=\"async\" width=\"300\" height=\"169\" src=\"https:\/\/gasquip.com\/wp-content\/uploads\/2024\/01\/IMG_2244-e1702588097100-edited-300x169.jpeg\" class=\"pt-cv-thumbnail\" alt=\"\" srcset=\"https:\/\/gasquip.com\/wp-content\/uploads\/2024\/01\/IMG_2244-e1702588097100-edited-300x169.jpeg 300w, https:\/\/gasquip.com\/wp-content\/uploads\/2024\/01\/IMG_2244-e1702588097100-edited-1024x576.jpeg 1024w, https:\/\/gasquip.com\/wp-content\/uploads\/2024\/01\/IMG_2244-e1702588097100-edited-768x432.jpeg 768w, https:\/\/gasquip.com\/wp-content\/uploads\/2024\/01\/IMG_2244-e1702588097100-edited-18x10.jpeg 18w, https:\/\/gasquip.com\/wp-content\/uploads\/2024\/01\/IMG_2244-e1702588097100-edited-600x338.jpeg 600w, https:\/\/gasquip.com\/wp-content\/uploads\/2024\/01\/IMG_2244-e1702588097100-edited.jpeg 1536w\" sizes=\"(max-width: 300px) 100vw, 300px\" \/><\/a><\/div>\n<h4 class=\"pt-cv-title\"><a href=\"https:\/\/gasquip.com\/fr\/the-4-methods-of-sf6-leak-detection\/\" class=\"_blank\" target=\"_blank\" >Les 4 m\u00e9thodes de d\u00e9tection des fuites de SF6<\/a><\/h4><\/div>\n<div class=\"pt-cv-content-item pt-cv-1-col\" ><div class=\"pt-cv-thumb-wrapper\"><a href=\"https:\/\/gasquip.com\/fr\/moisture-measurement-troubleshooting-with-sf6-analyzers\/\" class=\"_blank pt-cv-href-thumbnail pt-cv-thumb-default\" target=\"_blank\" ><img loading=\"lazy\" decoding=\"async\" width=\"300\" height=\"148\" src=\"https:\/\/gasquip.com\/wp-content\/uploads\/2021\/09\/FLEX-H20-Sensor-Module-No-BG-ISO-View-e1695738502406-300x148.png\" class=\"pt-cv-thumbnail\" alt=\"FLEX-H20-Module-de-capteur-No-BG-ISO-View\" srcset=\"https:\/\/gasquip.com\/wp-content\/uploads\/2021\/09\/FLEX-H20-Sensor-Module-No-BG-ISO-View-e1695738502406-300x148.png 300w, https:\/\/gasquip.com\/wp-content\/uploads\/2021\/09\/FLEX-H20-Sensor-Module-No-BG-ISO-View-e1695738502406-768x379.png 768w, https:\/\/gasquip.com\/wp-content\/uploads\/2021\/09\/FLEX-H20-Sensor-Module-No-BG-ISO-View-e1695738502406-600x296.png 600w, https:\/\/gasquip.com\/wp-content\/uploads\/2021\/09\/FLEX-H20-Sensor-Module-No-BG-ISO-View-e1695738502406.png 814w\" sizes=\"(max-width: 300px) 100vw, 300px\" \/><\/a><\/div>\n<h4 class=\"pt-cv-title\"><a href=\"https:\/\/gasquip.com\/fr\/moisture-measurement-troubleshooting-with-sf6-analyzers\/\" class=\"_blank\" target=\"_blank\" >D\u00e9pannage de mesure d&#039;humidit\u00e9 avec les analyseurs SF6<\/a><\/h4><\/div><\/div><\/div>\n<div class=\"pt-cv-pagination-wrapper\"><ul class=\"pt-cv-pagination pt-cv-ajax pagination\" data-totalpages=\"4\" data-currentpage=\"1\" data-sid=\"51c82dbd1l\" data-unid=\"\" data-isblock=\"\" data-postid=\"\"><li class=\"active\"><a href=\"#\">1<\/a><\/li>\n\t<li ><a class=\"\" href=\"https:\/\/gasquip.com\/fr\/wp-json\/wp\/v2\/pages\/4299\/?_page=2\">2<\/a><\/li>\n\t<li ><a class=\"\" href=\"https:\/\/gasquip.com\/fr\/wp-json\/wp\/v2\/pages\/4299\/?_page=3\">3<\/a><\/li>\n\t<li ><a class=\"\" href=\"https:\/\/gasquip.com\/fr\/wp-json\/wp\/v2\/pages\/4299\/?_page=4\">4<\/a><\/li>\n\t<li ><a class=\"\" href=\"https:\/\/gasquip.com\/fr\/wp-json\/wp\/v2\/pages\/4299\/?_page=2\">\u203a<\/a><\/li>\n\t<\/ul><img loading=\"lazy\" decoding=\"async\" width=\"15\" height=\"15\" class=\"pt-cv-spinner\" alt=\"Chargement\u2026\" src=\"data:image\/gif;base64,R0lGODlhDwAPALMPAMrKygwMDJOTkz09PZWVla+vr3p6euTk5M7OzuXl5TMzMwAAAJmZmWZmZszMzP\/\/\/yH\/C05FVFNDQVBFMi4wAwEAAAAh+QQFCgAPACwAAAAADwAPAAAEQvDJaZaZOIcV8iQK8VRX4iTYoAwZ4iCYoAjZ4RxejhVNoT+mRGP4cyF4Pp0N98sBGIBMEMOotl6YZ3S61Bmbkm4mAgAh+QQFCgAPACwAAAAADQANAAAENPDJSRSZeA418itN8QiK8BiLITVsFiyBBIoYqnoewAD4xPw9iY4XLGYSjkQR4UAUD45DLwIAIfkEBQoADwAsAAAAAA8ACQAABC\/wyVlamTi3nSdgwFNdhEJgTJoNyoB9ISYoQmdjiZPcj7EYCAeCF1gEDo4Dz2eIAAAh+QQFCgAPACwCAAAADQANAAAEM\/DJBxiYeLKdX3IJZT1FU0iIg2RNKx3OkZVnZ98ToRD4MyiDnkAh6BkNC0MvsAj0kMpHBAAh+QQFCgAPACwGAAAACQAPAAAEMDC59KpFDll73HkAA2wVY5KgiK5b0RRoI6MuzG6EQqCDMlSGheEhUAgqgUUAFRySIgAh+QQFCgAPACwCAAIADQANAAAEM\/DJKZNLND\/kkKaHc3xk+QAMYDKsiaqmZCxGVjSFFCxB1vwy2oOgIDxuucxAMTAJFAJNBAAh+QQFCgAPACwAAAYADwAJAAAEMNAs86q1yaWwwv2Ig0jUZx3OYa4XoRAfwADXoAwfo1+CIjyFRuEho60aSNYlOPxEAAAh+QQFCgAPACwAAAIADQANAAAENPA9s4y8+IUVcqaWJ4qEQozSoAzoIyhCK2NFU2SJk0hNnyEOhKR2AzAAj4Pj4GE4W0bkJQIAOw==\" \/><div class=\"clear pt-cv-clear-pagination\"><\/div><\/div><\/div>\t\t\t<style type=\"text\/css\" id=\"pt-cv-inline-style-87b8ac6m9p\">\n#pt-cv-view-51c82dbd1l .pt-cv-thumb-wrapper:not(.miniwrap) {  }#pt-cv-view-51c82dbd1l .pt-cv-thumbnail:not(.pt-cv-thumbnailsm) { height: 250px; }#pt-cv-view-51c82dbd1l > .pt-cv-page {grid-template-columns: repeat(3, 1fr);grid-gap: 15px;}\n@media all and (max-width: 1024px) { \n#pt-cv-view-51c82dbd1l > .pt-cv-page {grid-template-columns: repeat(3, 1fr);}\n} \n@media all and (max-width: 767px) { \n#pt-cv-view-51c82dbd1l > .pt-cv-page {grid-template-columns: repeat(1, 1fr);}\n} <\/style>\r\n\t\t\t\n\n\n\n<p><\/p>","protected":false},"excerpt":{"rendered":"","protected":false},"author":1,"featured_media":0,"parent":0,"menu_order":0,"comment_status":"closed","ping_status":"closed","template":"elementor_header_footer","meta":{"content-type":"","footnotes":""},"class_list":["post-4299","page","type-page","status-publish","hentry"],"yoast_head":"<!-- This site is optimized with the Yoast SEO plugin v27.3 - https:\/\/yoast.com\/product\/yoast-seo-wordpress\/ -->\n<title>GasQuip Blog - SF6 Equipment and Training Resources<\/title>\n<meta name=\"description\" content=\"Learn industry best practices when it comes to SF6 gas handling and equipment. We are the SF6 gas handling experts.\" \/>\n<meta name=\"robots\" content=\"index, follow, max-snippet:-1, max-image-preview:large, max-video-preview:-1\" \/>\n<link rel=\"canonical\" href=\"https:\/\/gasquip.com\/fr\/blog\/\" \/>\n<meta property=\"og:locale\" content=\"fr_FR\" \/>\n<meta property=\"og:type\" content=\"article\" \/>\n<meta property=\"og:title\" content=\"GasQuip Blog - SF6 Equipment and Training Resources\" \/>\n<meta property=\"og:description\" content=\"Learn industry best practices when it comes to SF6 gas handling and equipment. We are the SF6 gas handling experts.\" \/>\n<meta property=\"og:url\" content=\"https:\/\/gasquip.com\/fr\/blog\/\" \/>\n<meta property=\"og:site_name\" content=\"GasQuip\" \/>\n<meta property=\"article:publisher\" content=\"https:\/\/www.facebook.com\/gasquiptx\" \/>\n<meta property=\"article:modified_time\" content=\"2024-12-13T14:25:22+00:00\" \/>\n<meta name=\"twitter:card\" content=\"summary_large_image\" \/>\n<meta name=\"twitter:label1\" content=\"Dur\u00e9e de lecture estim\u00e9e\" \/>\n\t<meta name=\"twitter:data1\" content=\"1 minute\" \/>\n<script type=\"application\/ld+json\" class=\"yoast-schema-graph\">{\"@context\":\"https:\\\/\\\/schema.org\",\"@graph\":[{\"@type\":\"WebPage\",\"@id\":\"https:\\\/\\\/gasquip.com\\\/blog\\\/\",\"url\":\"https:\\\/\\\/gasquip.com\\\/blog\\\/\",\"name\":\"GasQuip Blog - SF6 Equipment and Training Resources\",\"isPartOf\":{\"@id\":\"https:\\\/\\\/gasquip.com\\\/#website\"},\"datePublished\":\"2020-11-06T21:28:31+00:00\",\"dateModified\":\"2024-12-13T14:25:22+00:00\",\"description\":\"Learn industry best practices when it comes to SF6 gas handling and equipment. We are the SF6 gas handling experts.\",\"breadcrumb\":{\"@id\":\"https:\\\/\\\/gasquip.com\\\/blog\\\/#breadcrumb\"},\"inLanguage\":\"fr-FR\",\"potentialAction\":[{\"@type\":\"ReadAction\",\"target\":[\"https:\\\/\\\/gasquip.com\\\/blog\\\/\"]}]},{\"@type\":\"BreadcrumbList\",\"@id\":\"https:\\\/\\\/gasquip.com\\\/blog\\\/#breadcrumb\",\"itemListElement\":[{\"@type\":\"ListItem\",\"position\":1,\"name\":\"Home\",\"item\":\"https:\\\/\\\/gasquip.com\\\/\"},{\"@type\":\"ListItem\",\"position\":2,\"name\":\"Blog\"}]},{\"@type\":\"WebSite\",\"@id\":\"https:\\\/\\\/gasquip.com\\\/#website\",\"url\":\"https:\\\/\\\/gasquip.com\\\/\",\"name\":\"GasQuip\",\"description\":\"SF6 Gas Equipment\",\"publisher\":{\"@id\":\"https:\\\/\\\/gasquip.com\\\/#organization\"},\"potentialAction\":[{\"@type\":\"SearchAction\",\"target\":{\"@type\":\"EntryPoint\",\"urlTemplate\":\"https:\\\/\\\/gasquip.com\\\/?s={search_term_string}\"},\"query-input\":{\"@type\":\"PropertyValueSpecification\",\"valueRequired\":true,\"valueName\":\"search_term_string\"}}],\"inLanguage\":\"fr-FR\"},{\"@type\":\"Organization\",\"@id\":\"https:\\\/\\\/gasquip.com\\\/#organization\",\"name\":\"GasQuip\",\"url\":\"https:\\\/\\\/gasquip.com\\\/\",\"logo\":{\"@type\":\"ImageObject\",\"inLanguage\":\"fr-FR\",\"@id\":\"https:\\\/\\\/gasquip.com\\\/#\\\/schema\\\/logo\\\/image\\\/\",\"url\":\"https:\\\/\\\/gasquip.com\\\/wp-content\\\/uploads\\\/2020\\\/10\\\/Logo-Original-PNG-Cropped.png\",\"contentUrl\":\"https:\\\/\\\/gasquip.com\\\/wp-content\\\/uploads\\\/2020\\\/10\\\/Logo-Original-PNG-Cropped.png\",\"width\":2819,\"height\":702,\"caption\":\"GasQuip\"},\"image\":{\"@id\":\"https:\\\/\\\/gasquip.com\\\/#\\\/schema\\\/logo\\\/image\\\/\"},\"sameAs\":[\"https:\\\/\\\/www.facebook.com\\\/gasquiptx\",\"https:\\\/\\\/www.linkedin.com\\\/company\\\/gasquip.com\",\"https:\\\/\\\/www.youtube.com\\\/channel\\\/UCUCicTtyc2zeJMcj5NMA0Ww\"]}]}<\/script>\n<!-- \/ Yoast SEO plugin. -->","yoast_head_json":{"title":"Blog GasQuip - \u00c9quipement SF6 et ressources de formation","description":"D\u00e9couvrez les meilleures pratiques de l&#039;industrie en mati\u00e8re de manipulation et d&#039;\u00e9quipement du gaz SF6. Nous sommes les experts en manipulation du gaz SF6.","robots":{"index":"index","follow":"follow","max-snippet":"max-snippet:-1","max-image-preview":"max-image-preview:large","max-video-preview":"max-video-preview:-1"},"canonical":"https:\/\/gasquip.com\/fr\/blog\/","og_locale":"fr_FR","og_type":"article","og_title":"GasQuip Blog - SF6 Equipment and Training Resources","og_description":"Learn industry best practices when it comes to SF6 gas handling and equipment. We are the SF6 gas handling experts.","og_url":"https:\/\/gasquip.com\/fr\/blog\/","og_site_name":"GasQuip","article_publisher":"https:\/\/www.facebook.com\/gasquiptx","article_modified_time":"2024-12-13T14:25:22+00:00","twitter_card":"summary_large_image","twitter_misc":{"Dur\u00e9e de lecture estim\u00e9e":"1 minute"},"schema":{"@context":"https:\/\/schema.org","@graph":[{"@type":"WebPage","@id":"https:\/\/gasquip.com\/blog\/","url":"https:\/\/gasquip.com\/blog\/","name":"Blog GasQuip - \u00c9quipement SF6 et ressources de formation","isPartOf":{"@id":"https:\/\/gasquip.com\/#website"},"datePublished":"2020-11-06T21:28:31+00:00","dateModified":"2024-12-13T14:25:22+00:00","description":"D\u00e9couvrez les meilleures pratiques de l&#039;industrie en mati\u00e8re de manipulation et d&#039;\u00e9quipement du gaz SF6. Nous sommes les experts en manipulation du gaz SF6.","breadcrumb":{"@id":"https:\/\/gasquip.com\/blog\/#breadcrumb"},"inLanguage":"fr-FR","potentialAction":[{"@type":"ReadAction","target":["https:\/\/gasquip.com\/blog\/"]}]},{"@type":"BreadcrumbList","@id":"https:\/\/gasquip.com\/blog\/#breadcrumb","itemListElement":[{"@type":"ListItem","position":1,"name":"Home","item":"https:\/\/gasquip.com\/"},{"@type":"ListItem","position":2,"name":"Blog"}]},{"@type":"WebSite","@id":"https:\/\/gasquip.com\/#website","url":"https:\/\/gasquip.com\/","name":"GazQuip","description":"\u00c9quipement de gaz SF6","publisher":{"@id":"https:\/\/gasquip.com\/#organization"},"potentialAction":[{"@type":"SearchAction","target":{"@type":"EntryPoint","urlTemplate":"https:\/\/gasquip.com\/?s={search_term_string}"},"query-input":{"@type":"PropertyValueSpecification","valueRequired":true,"valueName":"search_term_string"}}],"inLanguage":"fr-FR"},{"@type":"Organization","@id":"https:\/\/gasquip.com\/#organization","name":"GazQuip","url":"https:\/\/gasquip.com\/","logo":{"@type":"ImageObject","inLanguage":"fr-FR","@id":"https:\/\/gasquip.com\/#\/schema\/logo\/image\/","url":"https:\/\/gasquip.com\/wp-content\/uploads\/2020\/10\/Logo-Original-PNG-Cropped.png","contentUrl":"https:\/\/gasquip.com\/wp-content\/uploads\/2020\/10\/Logo-Original-PNG-Cropped.png","width":2819,"height":702,"caption":"GasQuip"},"image":{"@id":"https:\/\/gasquip.com\/#\/schema\/logo\/image\/"},"sameAs":["https:\/\/www.facebook.com\/gasquiptx","https:\/\/www.linkedin.com\/company\/gasquip.com","https:\/\/www.youtube.com\/channel\/UCUCicTtyc2zeJMcj5NMA0Ww"]}]}},"_links":{"self":[{"href":"https:\/\/gasquip.com\/fr\/wp-json\/wp\/v2\/pages\/4299","targetHints":{"allow":["GET"]}}],"collection":[{"href":"https:\/\/gasquip.com\/fr\/wp-json\/wp\/v2\/pages"}],"about":[{"href":"https:\/\/gasquip.com\/fr\/wp-json\/wp\/v2\/types\/page"}],"author":[{"embeddable":true,"href":"https:\/\/gasquip.com\/fr\/wp-json\/wp\/v2\/users\/1"}],"replies":[{"embeddable":true,"href":"https:\/\/gasquip.com\/fr\/wp-json\/wp\/v2\/comments?post=4299"}],"version-history":[{"count":1,"href":"https:\/\/gasquip.com\/fr\/wp-json\/wp\/v2\/pages\/4299\/revisions"}],"predecessor-version":[{"id":10175,"href":"https:\/\/gasquip.com\/fr\/wp-json\/wp\/v2\/pages\/4299\/revisions\/10175"}],"wp:attachment":[{"href":"https:\/\/gasquip.com\/fr\/wp-json\/wp\/v2\/media?parent=4299"}],"curies":[{"name":"wp","href":"https:\/\/api.w.org\/{rel}","templated":true}]}}