{"id":4535,"date":"2020-11-16T18:30:10","date_gmt":"2020-11-16T18:30:10","guid":{"rendered":"https:\/\/gasquip.com\/?page_id=4535"},"modified":"2024-05-21T17:58:23","modified_gmt":"2024-05-21T17:58:23","slug":"cours-en-ligne","status":"publish","type":"page","link":"https:\/\/gasquip.com\/fr\/online-courses\/","title":{"rendered":"Cours en ligne"},"content":{"rendered":"\n<p><\/p>\n\n\n\n<div id=\"ld-course-list-content-d751713988987e9331980363e24189ce\" class=\"ld-course-list-content\" data-shortcode-atts=\"[]\">\n\t\t\t<div class=\"ld-course-list-items row\">\n\t<!-- LearnDash Course Grid v1 --><div class=\"ld_course_grid col-sm-8 col-md-4 \">\n\t<article id=\"post-11198\" class=\" thumbnail course post-11198 sfwd-courses type-sfwd-courses status-publish has-post-thumbnail hentry\">\n\t\t\t\t\t\t\t\t<div class=\"ribbon\">\n\t\t\t\tFree\t\t\t<\/div>\n\t\t\t\n\t\t\t\t\t\t<a\n\t\t\t\taria-hidden=\"true\"\n\t\t\t\thref=\"https:\/\/gasquip.com\/fr\/courses\/sf6-gas-analysis-training-with-flex-analyzer\/\"\n\t\t\t\ttabindex=\"-1\"\n\t\t\t>\n\t\t\t\t<img fetchpriority=\"high\" decoding=\"async\" width=\"300\" height=\"169\" src=\"https:\/\/gasquip.com\/wp-content\/uploads\/2025\/09\/Gas-Analysis-Training-Thumbnail-1-1-300x169.png\" class=\"attachment-medium size-medium wp-post-image\" alt=\"SF6 Gas Analysis Training With the Flex Analyzer\" srcset=\"https:\/\/gasquip.com\/wp-content\/uploads\/2025\/09\/Gas-Analysis-Training-Thumbnail-1-1-300x169.png 300w, https:\/\/gasquip.com\/wp-content\/uploads\/2025\/09\/Gas-Analysis-Training-Thumbnail-1-1-1024x576.png 1024w, https:\/\/gasquip.com\/wp-content\/uploads\/2025\/09\/Gas-Analysis-Training-Thumbnail-1-1-768x432.png 768w, https:\/\/gasquip.com\/wp-content\/uploads\/2025\/09\/Gas-Analysis-Training-Thumbnail-1-1-18x10.png 18w, https:\/\/gasquip.com\/wp-content\/uploads\/2025\/09\/Gas-Analysis-Training-Thumbnail-1-1-600x338.png 600w, https:\/\/gasquip.com\/wp-content\/uploads\/2025\/09\/Gas-Analysis-Training-Thumbnail-1-1.png 1280w\" sizes=\"(max-width: 300px) 100vw, 300px\" \/>\t\t\t<\/a>\n\t\t\t\t\t\n\t\t\t\t\t<div class=\"caption\">\n\t\t\t\t<h3 class=\"entry-title\">SF6 Gas Analysis Training With the Flex Analyzer<\/h3>\n\t\t\t\t\t\t\t\t<div class=\"entry-content\"><p>Hands-on SF\u2086 analysis training with the FLEX Modular Analyzer, covering test execution, troubleshooting, setting limits, and more.<\/p>\n<\/div>\n\t\t\t\t\t\t\t\t<div class=\"ld_course_grid_button\">\n\t\t\t\t\t<a\n\t\t\t\t\t\taria-label=\"Enroll Now: SF6 Gas Analysis Training With the Flex Analyzer\"\n\t\t\t\t\t\tclass=\"btn btn-primary\"\n\t\t\t\t\t\thref=\"https:\/\/gasquip.com\/fr\/courses\/sf6-gas-analysis-training-with-flex-analyzer\/\"\n\t\t\t\t\t>\n\t\t\t\t\t\tEnroll Now\t\t\t\t\t<\/a>\n\t\t\t\t<\/div>\n\t\t\t\t\t\t\t<\/div><!-- .entry-header -->\n\t\t\t<\/article><!-- #post-## -->\n<\/div><!-- .ld_course_grid -->\n<!-- LearnDash Course Grid v1 --><div class=\"ld_course_grid col-sm-8 col-md-4 \">\n\t<article id=\"post-4449\" class=\" thumbnail course post-4449 sfwd-courses type-sfwd-courses status-publish has-post-thumbnail hentry\">\n\t\t\t\t\t\t\t\t<div class=\"ribbon\">\n\t\t\t\tFree\t\t\t<\/div>\n\t\t\t\n\t\t\t\t\t\t<a\n\t\t\t\taria-hidden=\"true\"\n\t\t\t\thref=\"https:\/\/gasquip.com\/fr\/courses\/sf6-handling-safety-training\/\"\n\t\t\t\ttabindex=\"-1\"\n\t\t\t>\n\t\t\t\t<img decoding=\"async\" width=\"300\" height=\"258\" src=\"https:\/\/gasquip.com\/wp-content\/uploads\/2020\/11\/SF6-Handling-Safety-Training-300x258.webp\" class=\"attachment-medium size-medium wp-post-image\" alt=\"SF6 Handling &#038; Safety Training\" srcset=\"https:\/\/gasquip.com\/wp-content\/uploads\/2020\/11\/SF6-Handling-Safety-Training-300x258.webp 300w, https:\/\/gasquip.com\/wp-content\/uploads\/2020\/11\/SF6-Handling-Safety-Training-768x661.webp 768w, https:\/\/gasquip.com\/wp-content\/uploads\/2020\/11\/SF6-Handling-Safety-Training-14x12.webp 14w, https:\/\/gasquip.com\/wp-content\/uploads\/2020\/11\/SF6-Handling-Safety-Training-600x516.webp 600w, https:\/\/gasquip.com\/wp-content\/uploads\/2020\/11\/SF6-Handling-Safety-Training.webp 908w\" sizes=\"(max-width: 300px) 100vw, 300px\" \/>\t\t\t<\/a>\n\t\t\t\t\t\n\t\t\t\t\t<div class=\"caption\">\n\t\t\t\t<h3 class=\"entry-title\">SF6 Handling &#038; Safety Training<\/h3>\n\t\t\t\t\t\t\t\t<div class=\"entry-content\"><p>A self-paced course covering SF\u2086 safety, handling, equipment use, leak detection, and regulations. Includes a certificate & 4 NETA CTD credits<\/p>\n<\/div>\n\t\t\t\t\t\t\t\t<div class=\"ld_course_grid_button\">\n\t\t\t\t\t<a\n\t\t\t\t\t\taria-label=\"Enroll Now: SF6 Handling &#038; Safety Training\"\n\t\t\t\t\t\tclass=\"btn btn-primary\"\n\t\t\t\t\t\thref=\"https:\/\/gasquip.com\/fr\/courses\/sf6-handling-safety-training\/\"\n\t\t\t\t\t>\n\t\t\t\t\t\tEnroll Now\t\t\t\t\t<\/a>\n\t\t\t\t<\/div>\n\t\t\t\t\t\t\t<\/div><!-- .entry-header -->\n\t\t\t<\/article><!-- #post-## -->\n<\/div><!-- .ld_course_grid -->\n\t<\/div>\n\t\t\t<\/div>\n\t\t\n\n\n\n<p>Get notified when new classes go live!<\/p>\n\n\n\n<div class=\"wpforms-container \" id=\"wpforms-4551\"><form id=\"wpforms-form-4551\" class=\"wpforms-validate wpforms-form\" data-formid=\"4551\" method=\"post\" enctype=\"multipart\/form-data\" action=\"\/fr\/wp-json\/wp\/v2\/pages\/4535\" data-token=\"4153c08bc85cf280570e656f376e9d79\" data-token-time=\"1777641578\"><noscript class=\"wpforms-error-noscript\">Veuillez activer JavaScript dans votre navigateur pour remplir ce formulaire.<\/noscript><div class=\"wpforms-field-container\"><div id=\"wpforms-4551-field_0-container\" class=\"wpforms-field wpforms-field-name\" data-field-id=\"0\"><label class=\"wpforms-field-label\">Name <span class=\"wpforms-required-label\">*<\/span><\/label><div class=\"wpforms-field-row wpforms-field-medium\"><div class=\"wpforms-field-row-block wpforms-first wpforms-one-half\"><input type=\"text\" id=\"wpforms-4551-field_0\" class=\"wpforms-field-name-first wpforms-field-required\" name=\"wpforms[fields][0][first]\" required><label for=\"wpforms-4551-field_0\" class=\"wpforms-field-sublabel after\">Pr\u00e9nom<\/label><\/div><div class=\"wpforms-field-row-block wpforms-one-half\"><input type=\"text\" id=\"wpforms-4551-field_0-last\" class=\"wpforms-field-name-last wpforms-field-required\" name=\"wpforms[fields][0][last]\" required><label for=\"wpforms-4551-field_0-last\" class=\"wpforms-field-sublabel after\">Nom<\/label><\/div><\/div><\/div><div id=\"wpforms-4551-field_1-container\" class=\"wpforms-field wpforms-field-email\" data-field-id=\"1\"><label class=\"wpforms-field-label\" for=\"wpforms-4551-field_1\">Email <span class=\"wpforms-required-label\">*<\/span><\/label><input type=\"email\" id=\"wpforms-4551-field_1\" class=\"wpforms-field-medium wpforms-field-required\" name=\"wpforms[fields][1]\" spellcheck=\"false\" required><\/div><\/div><!-- .wpforms-field-container --><div class=\"wpforms-recaptcha-container wpforms-is-recaptcha wpforms-is-recaptcha-type-v2\" ><div class=\"g-recaptcha\" data-sitekey=\"6LfqgYAaAAAAAKrWkNZWnVCfn06vDMf_XmnxFPil\"><\/div><input type=\"text\" name=\"g-recaptcha-hidden\" class=\"wpforms-recaptcha-hidden\" style=\"position:absolute!important;clip:rect(0,0,0,0)!important;height:1px!important;width:1px!important;border:0!important;overflow:hidden!important;padding:0!important;margin:0!important;\" data-rule-recaptcha=\"1\"><\/div><div class=\"wpforms-submit-container\" ><input type=\"hidden\" name=\"wpforms[id]\" value=\"4551\"><input type=\"hidden\" name=\"page_title\" value=\"\"><input type=\"hidden\" name=\"page_url\" value=\"https:\/\/gasquip.com\/fr\/wp-json\/wp\/v2\/pages\/4535\"><input type=\"hidden\" name=\"url_referer\" value=\"\"><button type=\"submit\" name=\"wpforms[submit]\" id=\"wpforms-submit-4551\" class=\"wpforms-submit\" data-alt-text=\"Sending...\" data-submit-text=\"Submit\" aria-live=\"assertive\" value=\"wpforms-submit\">Submit<\/button><\/div><input\n                    class=\"apbct_special_field apbct_email_id__wp_wpforms\"\n                    name=\"apbct__email_id__wp_wpforms\"\n                    aria-label=\"apbct__label_id__wp_wpforms\"\n                    type=\"text\" size=\"30\" maxlength=\"200\" autocomplete=\"off\"\n                    value=\"\"\n                \/><\/form><\/div>  <!-- .wpforms-container -->\n","protected":false},"excerpt":{"rendered":"<p>Get notified when new classes go live!<\/p>","protected":false},"author":1,"featured_media":0,"parent":0,"menu_order":0,"comment_status":"closed","ping_status":"closed","template":"","meta":{"content-type":"","footnotes":""},"class_list":["post-4535","page","type-page","status-publish","hentry"],"yoast_head":"<!-- This site is optimized with the Yoast SEO plugin v27.5 - https:\/\/yoast.com\/product\/yoast-seo-wordpress\/ -->\n<title>Online SF6 Gas Training Course - Basic SF6 Handling Course<\/title>\n<meta name=\"description\" content=\"Our SF6 Basics online course is designed specifically for technicians working in the electrical utility industry. Earn NETA CTD credits!\" \/>\n<meta name=\"robots\" content=\"index, follow, max-snippet:-1, max-image-preview:large, max-video-preview:-1\" \/>\n<link rel=\"canonical\" href=\"https:\/\/gasquip.com\/fr\/cours-en-ligne\/\" \/>\n<meta property=\"og:locale\" content=\"fr_FR\" \/>\n<meta property=\"og:type\" content=\"article\" \/>\n<meta property=\"og:title\" content=\"Online SF6 Gas Training Course - Basic SF6 Handling Course\" \/>\n<meta property=\"og:description\" content=\"Our SF6 Basics online course is designed specifically for technicians working in the electrical utility industry. Earn NETA CTD credits!\" \/>\n<meta property=\"og:url\" content=\"https:\/\/gasquip.com\/fr\/cours-en-ligne\/\" \/>\n<meta property=\"og:site_name\" content=\"GasQuip\" \/>\n<meta property=\"article:publisher\" content=\"https:\/\/www.facebook.com\/gasquiptx\" \/>\n<meta property=\"article:modified_time\" content=\"2024-05-21T17:58:23+00:00\" \/>\n<meta name=\"twitter:card\" content=\"summary_large_image\" \/>\n<meta name=\"twitter:label1\" content=\"Dur\u00e9e de lecture estim\u00e9e\" \/>\n\t<meta name=\"twitter:data1\" content=\"1 minute\" \/>\n<script type=\"application\/ld+json\" class=\"yoast-schema-graph\">{\"@context\":\"https:\\\/\\\/schema.org\",\"@graph\":[{\"@type\":\"WebPage\",\"@id\":\"https:\\\/\\\/gasquip.com\\\/online-courses\\\/\",\"url\":\"https:\\\/\\\/gasquip.com\\\/online-courses\\\/\",\"name\":\"Online SF6 Gas Training Course - Basic SF6 Handling Course\",\"isPartOf\":{\"@id\":\"https:\\\/\\\/gasquip.com\\\/#website\"},\"datePublished\":\"2020-11-16T18:30:10+00:00\",\"dateModified\":\"2024-05-21T17:58:23+00:00\",\"description\":\"Our SF6 Basics online course is designed specifically for technicians working in the electrical utility industry. Earn NETA CTD credits!\",\"breadcrumb\":{\"@id\":\"https:\\\/\\\/gasquip.com\\\/online-courses\\\/#breadcrumb\"},\"inLanguage\":\"fr-FR\",\"potentialAction\":[{\"@type\":\"ReadAction\",\"target\":[\"https:\\\/\\\/gasquip.com\\\/online-courses\\\/\"]}]},{\"@type\":\"BreadcrumbList\",\"@id\":\"https:\\\/\\\/gasquip.com\\\/online-courses\\\/#breadcrumb\",\"itemListElement\":[{\"@type\":\"ListItem\",\"position\":1,\"name\":\"Home\",\"item\":\"https:\\\/\\\/gasquip.com\\\/\"},{\"@type\":\"ListItem\",\"position\":2,\"name\":\"Online Courses\"}]},{\"@type\":\"WebSite\",\"@id\":\"https:\\\/\\\/gasquip.com\\\/#website\",\"url\":\"https:\\\/\\\/gasquip.com\\\/\",\"name\":\"GasQuip\",\"description\":\"SF6 Gas Equipment\",\"publisher\":{\"@id\":\"https:\\\/\\\/gasquip.com\\\/#organization\"},\"potentialAction\":[{\"@type\":\"SearchAction\",\"target\":{\"@type\":\"EntryPoint\",\"urlTemplate\":\"https:\\\/\\\/gasquip.com\\\/?s={search_term_string}\"},\"query-input\":{\"@type\":\"PropertyValueSpecification\",\"valueRequired\":true,\"valueName\":\"search_term_string\"}}],\"inLanguage\":\"fr-FR\"},{\"@type\":\"Organization\",\"@id\":\"https:\\\/\\\/gasquip.com\\\/#organization\",\"name\":\"GasQuip\",\"url\":\"https:\\\/\\\/gasquip.com\\\/\",\"logo\":{\"@type\":\"ImageObject\",\"inLanguage\":\"fr-FR\",\"@id\":\"https:\\\/\\\/gasquip.com\\\/#\\\/schema\\\/logo\\\/image\\\/\",\"url\":\"https:\\\/\\\/gasquip.com\\\/wp-content\\\/uploads\\\/2020\\\/10\\\/Logo-Original-PNG-Cropped.png\",\"contentUrl\":\"https:\\\/\\\/gasquip.com\\\/wp-content\\\/uploads\\\/2020\\\/10\\\/Logo-Original-PNG-Cropped.png\",\"width\":2819,\"height\":702,\"caption\":\"GasQuip\"},\"image\":{\"@id\":\"https:\\\/\\\/gasquip.com\\\/#\\\/schema\\\/logo\\\/image\\\/\"},\"sameAs\":[\"https:\\\/\\\/www.facebook.com\\\/gasquiptx\",\"https:\\\/\\\/www.linkedin.com\\\/company\\\/gasquip.com\",\"https:\\\/\\\/www.youtube.com\\\/channel\\\/UCUCicTtyc2zeJMcj5NMA0Ww\"]}]}<\/script>\n<!-- \/ Yoast SEO plugin. -->","yoast_head_json":{"title":"Cours de formation en ligne sur le gaz SF6 - Cours de base sur la manipulation du SF6","description":"Notre cours en ligne SF6 Basics est sp\u00e9cialement con\u00e7u pour les techniciens travaillant dans le secteur des services publics d\u2019\u00e9lectricit\u00e9. Gagnez des cr\u00e9dits NETA CTD\u00a0!","robots":{"index":"index","follow":"follow","max-snippet":"max-snippet:-1","max-image-preview":"max-image-preview:large","max-video-preview":"max-video-preview:-1"},"canonical":"https:\/\/gasquip.com\/fr\/cours-en-ligne\/","og_locale":"fr_FR","og_type":"article","og_title":"Online SF6 Gas Training Course - Basic SF6 Handling Course","og_description":"Our SF6 Basics online course is designed specifically for technicians working in the electrical utility industry. Earn NETA CTD credits!","og_url":"https:\/\/gasquip.com\/fr\/cours-en-ligne\/","og_site_name":"GasQuip","article_publisher":"https:\/\/www.facebook.com\/gasquiptx","article_modified_time":"2024-05-21T17:58:23+00:00","twitter_card":"summary_large_image","twitter_misc":{"Dur\u00e9e de lecture estim\u00e9e":"1 minute"},"schema":{"@context":"https:\/\/schema.org","@graph":[{"@type":"WebPage","@id":"https:\/\/gasquip.com\/online-courses\/","url":"https:\/\/gasquip.com\/online-courses\/","name":"Cours de formation en ligne sur le gaz SF6 - Cours de base sur la manipulation du SF6","isPartOf":{"@id":"https:\/\/gasquip.com\/#website"},"datePublished":"2020-11-16T18:30:10+00:00","dateModified":"2024-05-21T17:58:23+00:00","description":"Notre cours en ligne SF6 Basics est sp\u00e9cialement con\u00e7u pour les techniciens travaillant dans le secteur des services publics d\u2019\u00e9lectricit\u00e9. Gagnez des cr\u00e9dits NETA CTD\u00a0!","breadcrumb":{"@id":"https:\/\/gasquip.com\/online-courses\/#breadcrumb"},"inLanguage":"fr-FR","potentialAction":[{"@type":"ReadAction","target":["https:\/\/gasquip.com\/online-courses\/"]}]},{"@type":"BreadcrumbList","@id":"https:\/\/gasquip.com\/online-courses\/#breadcrumb","itemListElement":[{"@type":"ListItem","position":1,"name":"Home","item":"https:\/\/gasquip.com\/"},{"@type":"ListItem","position":2,"name":"Online Courses"}]},{"@type":"WebSite","@id":"https:\/\/gasquip.com\/#website","url":"https:\/\/gasquip.com\/","name":"GazQuip","description":"\u00c9quipement de gaz SF6","publisher":{"@id":"https:\/\/gasquip.com\/#organization"},"potentialAction":[{"@type":"SearchAction","target":{"@type":"EntryPoint","urlTemplate":"https:\/\/gasquip.com\/?s={search_term_string}"},"query-input":{"@type":"PropertyValueSpecification","valueRequired":true,"valueName":"search_term_string"}}],"inLanguage":"fr-FR"},{"@type":"Organization","@id":"https:\/\/gasquip.com\/#organization","name":"GazQuip","url":"https:\/\/gasquip.com\/","logo":{"@type":"ImageObject","inLanguage":"fr-FR","@id":"https:\/\/gasquip.com\/#\/schema\/logo\/image\/","url":"https:\/\/gasquip.com\/wp-content\/uploads\/2020\/10\/Logo-Original-PNG-Cropped.png","contentUrl":"https:\/\/gasquip.com\/wp-content\/uploads\/2020\/10\/Logo-Original-PNG-Cropped.png","width":2819,"height":702,"caption":"GasQuip"},"image":{"@id":"https:\/\/gasquip.com\/#\/schema\/logo\/image\/"},"sameAs":["https:\/\/www.facebook.com\/gasquiptx","https:\/\/www.linkedin.com\/company\/gasquip.com","https:\/\/www.youtube.com\/channel\/UCUCicTtyc2zeJMcj5NMA0Ww"]}]}},"_links":{"self":[{"href":"https:\/\/gasquip.com\/fr\/wp-json\/wp\/v2\/pages\/4535","targetHints":{"allow":["GET"]}}],"collection":[{"href":"https:\/\/gasquip.com\/fr\/wp-json\/wp\/v2\/pages"}],"about":[{"href":"https:\/\/gasquip.com\/fr\/wp-json\/wp\/v2\/types\/page"}],"author":[{"embeddable":true,"href":"https:\/\/gasquip.com\/fr\/wp-json\/wp\/v2\/users\/1"}],"replies":[{"embeddable":true,"href":"https:\/\/gasquip.com\/fr\/wp-json\/wp\/v2\/comments?post=4535"}],"version-history":[{"count":0,"href":"https:\/\/gasquip.com\/fr\/wp-json\/wp\/v2\/pages\/4535\/revisions"}],"wp:attachment":[{"href":"https:\/\/gasquip.com\/fr\/wp-json\/wp\/v2\/media?parent=4535"}],"curies":[{"name":"wp","href":"https:\/\/api.w.org\/{rel}","templated":true}]}}