{"id":13144,"date":"2025-10-31T16:16:06","date_gmt":"2025-10-31T16:16:06","guid":{"rendered":"https:\/\/gasquip.com\/?post_type=product&#038;p=13144"},"modified":"2026-01-16T19:22:46","modified_gmt":"2026-01-16T19:22:46","slug":"portable-pre-filter-for-sf6-gas","status":"publish","type":"product","link":"https:\/\/gasquip.com\/fr\/product\/portable-pre-filter-for-sf6-gas\/","title":{"rendered":"Portable Pre-Filter for SF6 Gas"},"content":{"rendered":"<div data-elementor-type=\"product-post\" data-elementor-id=\"13144\" class=\"elementor elementor-13144\" data-elementor-post-type=\"product\">\n\t\t\t\t\t\t<section class=\"elementor-section elementor-top-section elementor-element elementor-element-e6e1eff elementor-section-full_width elementor-section-height-default elementor-section-height-default\" data-id=\"e6e1eff\" data-element_type=\"section\" data-e-type=\"section\" data-settings=\"{&quot;background_background&quot;:&quot;classic&quot;}\">\n\t\t\t\t\t\t\t<div class=\"elementor-background-overlay\"><\/div>\n\t\t\t\t\t\t\t<div class=\"elementor-container elementor-column-gap-default\">\n\t\t\t\t\t<div class=\"elementor-column elementor-col-50 elementor-top-column elementor-element elementor-element-52981fe\" data-id=\"52981fe\" data-element_type=\"column\" data-e-type=\"column\">\n\t\t\t<div class=\"elementor-widget-wrap elementor-element-populated\">\n\t\t\t\t\t\t<div class=\"elementor-element elementor-element-7867c79 elementor-widget elementor-widget-heading\" data-id=\"7867c79\" data-element_type=\"widget\" data-e-type=\"widget\" data-widget_type=\"heading.default\">\n\t\t\t\t<div class=\"elementor-widget-container\">\n\t\t\t\t\t<h2 class=\"elementor-heading-title elementor-size-default\">Confiance de l&#039;industrie<\/h2>\t\t\t\t<\/div>\n\t\t\t\t<\/div>\n\t\t\t\t<div class=\"elementor-element elementor-element-886b614 elementor-widget elementor-widget-text-editor\" data-id=\"886b614\" data-element_type=\"widget\" data-e-type=\"widget\" data-widget_type=\"text-editor.default\">\n\t\t\t\t<div class=\"elementor-widget-container\">\n\t\t\t\t\t\t\t\t\t<p>GasQuip est le nom auquel les professionnels du transport et de la distribution d&#039;\u00e9lectricit\u00e9 font confiance pour la manipulation du gaz SF6, gr\u00e2ce \u00e0 la fiabilit\u00e9, aux normes techniques et \u00e0 la facilit\u00e9 d&#039;utilisation de nos produits.\u00a0<\/p>\t\t\t\t\t\t\t\t<\/div>\n\t\t\t\t<\/div>\n\t\t\t\t<div class=\"elementor-element elementor-element-493fcd7 elementor-widget elementor-widget-button\" data-id=\"493fcd7\" data-element_type=\"widget\" data-e-type=\"widget\" data-widget_type=\"button.default\">\n\t\t\t\t<div class=\"elementor-widget-container\">\n\t\t\t\t\t\t\t\t\t<div class=\"elementor-button-wrapper\">\n\t\t\t\t\t<a class=\"elementor-button elementor-button-link elementor-size-sm\" href=\"https:\/\/gasquip.com\/fr\/calculateur-de-point-de-rosee-pour-lhumidite-2\/\">\n\t\t\t\t\t\t<span class=\"elementor-button-content-wrapper\">\n\t\t\t\t\t\t\t\t\t<span class=\"elementor-button-text\">Calculate Moisture<\/span>\n\t\t\t\t\t<\/span>\n\t\t\t\t\t<\/a>\n\t\t\t\t<\/div>\n\t\t\t\t\t\t\t\t<\/div>\n\t\t\t\t<\/div>\n\t\t\t\t\t<\/div>\n\t\t<\/div>\n\t\t\t\t<div class=\"elementor-column elementor-col-50 elementor-top-column elementor-element elementor-element-5780e92\" data-id=\"5780e92\" data-element_type=\"column\" data-e-type=\"column\">\n\t\t\t<div class=\"elementor-widget-wrap elementor-element-populated\">\n\t\t\t\t\t\t<div class=\"elementor-element elementor-element-a527857 elementor-widget elementor-widget-image\" data-id=\"a527857\" data-element_type=\"widget\" data-e-type=\"widget\" data-widget_type=\"image.default\">\n\t\t\t\t<div class=\"elementor-widget-container\">\n\t\t\t\t\t\t\t\t\t\t\t\t\t\t\t<img fetchpriority=\"high\" decoding=\"async\" width=\"768\" height=\"768\" src=\"https:\/\/gasquip.com\/wp-content\/uploads\/2025\/10\/Pre-Filter-FIL2765-NO-BG-768x768.png\" class=\"attachment-medium_large size-medium_large wp-image-13289\" alt=\"\" srcset=\"https:\/\/gasquip.com\/wp-content\/uploads\/2025\/10\/Pre-Filter-FIL2765-NO-BG-768x768.png 768w, https:\/\/gasquip.com\/wp-content\/uploads\/2025\/10\/Pre-Filter-FIL2765-NO-BG-300x300.png 300w, https:\/\/gasquip.com\/wp-content\/uploads\/2025\/10\/Pre-Filter-FIL2765-NO-BG-150x150.png 150w, https:\/\/gasquip.com\/wp-content\/uploads\/2025\/10\/Pre-Filter-FIL2765-NO-BG-12x12.png 12w, https:\/\/gasquip.com\/wp-content\/uploads\/2025\/10\/Pre-Filter-FIL2765-NO-BG-600x600.png 600w, https:\/\/gasquip.com\/wp-content\/uploads\/2025\/10\/Pre-Filter-FIL2765-NO-BG-100x100.png 100w, https:\/\/gasquip.com\/wp-content\/uploads\/2025\/10\/Pre-Filter-FIL2765-NO-BG.png 1024w\" sizes=\"(max-width: 768px) 100vw, 768px\" \/>\t\t\t\t\t\t\t\t\t\t\t\t\t\t\t<\/div>\n\t\t\t\t<\/div>\n\t\t\t\t\t<\/div>\n\t\t<\/div>\n\t\t\t\t\t<\/div>\n\t\t<\/section>\n\t\t\t\t<section class=\"elementor-section elementor-top-section elementor-element elementor-element-de82cb4 elementor-section-boxed elementor-section-height-default elementor-section-height-default\" data-id=\"de82cb4\" data-element_type=\"section\" data-e-type=\"section\">\n\t\t\t\t\t\t<div class=\"elementor-container elementor-column-gap-default\">\n\t\t\t\t\t<div class=\"elementor-column elementor-col-100 elementor-top-column elementor-element elementor-element-5bf06c8\" data-id=\"5bf06c8\" data-element_type=\"column\" data-e-type=\"column\">\n\t\t\t<div class=\"elementor-widget-wrap elementor-element-populated\">\n\t\t\t\t\t\t<div class=\"elementor-element elementor-element-347fd56 elementor-widget elementor-widget-heading\" data-id=\"347fd56\" data-element_type=\"widget\" data-e-type=\"widget\" data-widget_type=\"heading.default\">\n\t\t\t\t<div class=\"elementor-widget-container\">\n\t\t\t\t\t<h3 class=\"elementor-heading-title elementor-size-default\">CARACT\u00c9RISTIQUES<\/h3>\t\t\t\t<\/div>\n\t\t\t\t<\/div>\n\t\t\t\t\t<\/div>\n\t\t<\/div>\n\t\t\t\t\t<\/div>\n\t\t<\/section>\n\t\t\t\t<section class=\"elementor-section elementor-top-section elementor-element elementor-element-7f25f4b elementor-section-boxed elementor-section-height-default elementor-section-height-default\" data-id=\"7f25f4b\" data-element_type=\"section\" data-e-type=\"section\" data-settings=\"{&quot;background_background&quot;:&quot;classic&quot;}\">\n\t\t\t\t\t\t<div class=\"elementor-container elementor-column-gap-default\">\n\t\t\t\t\t<div class=\"elementor-column elementor-col-100 elementor-top-column elementor-element elementor-element-34204c1\" data-id=\"34204c1\" data-element_type=\"column\" data-e-type=\"column\">\n\t\t\t<div class=\"elementor-widget-wrap elementor-element-populated\">\n\t\t\t\t\t\t<div class=\"elementor-element elementor-element-dcaabf2 eael-table-align-center eael-dt-th-align-left elementor-widget elementor-widget-eael-data-table\" data-id=\"dcaabf2\" data-element_type=\"widget\" data-e-type=\"widget\" data-widget_type=\"eael-data-table.default\">\n\t\t\t\t<div class=\"elementor-widget-container\">\n\t\t\t\t\t\t\t<div class=\"eael-data-table-wrap\" data-table_id=\"dcaabf2\" id=\"eael-data-table-wrapper-dcaabf2\" data-custom_responsive=\"false\">\n\t\t\t<table class=\"tablesorter eael-data-table center\" id=\"eael-data-table-dcaabf2\">\n\t\t\t    <thead>\n\t\t\t        <tr class=\"table-header\">\n\t\t\t\t\t\t\t\t\t            <th class=\"\" id=\"\" colspan=\"\">\n\t\t\t\t\t\t\t\t\t\t\t\t\t\t<span class=\"data-table-header-text\">GENERAL<\/span><\/th>\n\t\t\t        \t\t\t\t            <th class=\"\" id=\"\" colspan=\"\">\n\t\t\t\t\t\t\t\t\t\t\t\t\t\t<span class=\"data-table-header-text\"><\/span><\/th>\n\t\t\t        \t\t\t\t        <\/tr>\n\t\t\t    <\/thead>\n\t\t\t  \t<tbody>\n\t\t\t\t\t\t\t\t\t\t\t<tr>\n\t\t\t\t\t\t\t\t\t\t\t\t\t\t\t\t   \t\t\t\t\t\t\t\t\t\t\t<td colspan=\"\" rowspan=\"\" class=\"\" id=\"\">\n\t\t\t\t\t\t\t\t\t\t\t\t<div class=\"td-content-wrapper\"><div class=\"td-content\">\n\t\t\t\t\t\t\t\t\t\t\t\t\tMax Working Pressure\t\t\t\t\t\t\t\t\t\t\t\t<\/div><\/div>\n\t\t\t\t\t\t\t\t\t\t\t<\/td>\n\t\t\t\t\t\t\t\t\t\t\t\t\t\t\t\t\t\t\t\t\t\t\t\t\t\t\t\t\t   \t\t\t\t\t\t\t\t\t\t\t<td colspan=\"\" rowspan=\"\" class=\"\" id=\"\">\n\t\t\t\t\t\t\t\t\t\t\t\t<div class=\"td-content-wrapper\"><div class=\"td-content\">\n\t\t\t\t\t\t\t\t\t\t\t\t\t500 PSIG (34.5 Bar)\t\t\t\t\t\t\t\t\t\t\t\t<\/div><\/div>\n\t\t\t\t\t\t\t\t\t\t\t<\/td>\n\t\t\t\t\t\t\t\t\t\t\t\t\t\t\t\t\t\t\t\t\t\t\t\t\t\t<\/tr>\n\t\t\t        \t\t\t\t\t\t<tr>\n\t\t\t\t\t\t\t\t\t\t\t\t\t\t\t\t   \t\t\t\t\t\t\t\t\t\t\t<td colspan=\"\" rowspan=\"\" class=\"\" id=\"\">\n\t\t\t\t\t\t\t\t\t\t\t\t<div class=\"td-content-wrapper\"><div class=\"td-content\">\n\t\t\t\t\t\t\t\t\t\t\t\t\tBody Material\t\t\t\t\t\t\t\t\t\t\t\t<\/div><\/div>\n\t\t\t\t\t\t\t\t\t\t\t<\/td>\n\t\t\t\t\t\t\t\t\t\t\t\t\t\t\t\t\t\t\t\t\t\t\t\t\t\t\t\t\t   \t\t\t\t\t\t\t\t\t\t\t<td colspan=\"\" rowspan=\"\" class=\"\" id=\"\">\n\t\t\t\t\t\t\t\t\t\t\t\t<div class=\"td-content-wrapper\"><div class=\"td-content\">\n\t\t\t\t\t\t\t\t\t\t\t\t\tAnodized Aluminum\t\t\t\t\t\t\t\t\t\t\t\t<\/div><\/div>\n\t\t\t\t\t\t\t\t\t\t\t<\/td>\n\t\t\t\t\t\t\t\t\t\t\t\t\t\t\t\t\t\t\t\t\t\t\t\t\t\t<\/tr>\n\t\t\t        \t\t\t\t\t\t<tr>\n\t\t\t\t\t\t\t\t\t\t\t\t\t\t\t\t   \t\t\t\t\t\t\t\t\t\t\t<td colspan=\"\" rowspan=\"\" class=\"\" id=\"\">\n\t\t\t\t\t\t\t\t\t\t\t\t<div class=\"td-content-wrapper\"><div class=\"td-content\">\n\t\t\t\t\t\t\t\t\t\t\t\t\tFiltration\t\t\t\t\t\t\t\t\t\t\t\t<\/div><\/div>\n\t\t\t\t\t\t\t\t\t\t\t<\/td>\n\t\t\t\t\t\t\t\t\t\t\t\t\t\t\t\t\t\t\t\t\t\t\t\t\t\t\t\t\t   \t\t\t\t\t\t\t\t\t\t\t<td colspan=\"\" rowspan=\"\" class=\"\" id=\"\">\n\t\t\t\t\t\t\t\t\t\t\t\t<div class=\"td-content-wrapper\"><div class=\"td-content\">\n\t\t\t\t\t\t\t\t\t\t\t\t\tPTFE + double AISI mesh, internal sorbent cavity\t\t\t\t\t\t\t\t\t\t\t\t<\/div><\/div>\n\t\t\t\t\t\t\t\t\t\t\t<\/td>\n\t\t\t\t\t\t\t\t\t\t\t\t\t\t\t\t\t\t\t\t\t\t\t\t\t\t<\/tr>\n\t\t\t        \t\t\t\t\t\t<tr>\n\t\t\t\t\t\t\t\t\t\t\t\t\t\t\t\t   \t\t\t\t\t\t\t\t\t\t\t<td colspan=\"\" rowspan=\"\" class=\"\" id=\"\">\n\t\t\t\t\t\t\t\t\t\t\t\t<div class=\"td-content-wrapper\"><div class=\"td-content\">\n\t\t\t\t\t\t\t\t\t\t\t\t\tDimensions\t\t\t\t\t\t\t\t\t\t\t\t<\/div><\/div>\n\t\t\t\t\t\t\t\t\t\t\t<\/td>\n\t\t\t\t\t\t\t\t\t\t\t\t\t\t\t\t\t\t\t\t\t\t\t\t\t\t\t\t\t   \t\t\t\t\t\t\t\t\t\t\t<td colspan=\"\" rowspan=\"\" class=\"\" id=\"\">\n\t\t\t\t\t\t\t\t\t\t\t\t<div class=\"td-content-wrapper\"><div class=\"td-content\">\n\t\t\t\t\t\t\t\t\t\t\t\t\t356 mm x 68mm\t\t\t\t\t\t\t\t\t\t\t\t<\/div><\/div>\n\t\t\t\t\t\t\t\t\t\t\t<\/td>\n\t\t\t\t\t\t\t\t\t\t\t\t\t\t\t\t\t\t\t\t\t\t\t\t\t\t<\/tr>\n\t\t\t        \t\t\t\t\t\t<tr>\n\t\t\t\t\t\t\t\t\t\t\t\t\t<\/tr>\n\t\t\t        \t\t\t\t\t\t<tr>\n\t\t\t\t\t\t\t\t\t\t\t\t\t\t\t\t   \t\t\t\t\t\t\t\t\t\t\t<td colspan=\"\" rowspan=\"\" class=\"\" id=\"\">\n\t\t\t\t\t\t\t\t\t\t\t\t<div class=\"td-content-wrapper\"><div class=\"td-content\">\n\t\t\t\t\t\t\t\t\t\t\t\t\tConnection Type\t\t\t\t\t\t\t\t\t\t\t\t<\/div><\/div>\n\t\t\t\t\t\t\t\t\t\t\t<\/td>\n\t\t\t\t\t\t\t\t\t\t\t\t\t\t\t\t\t\t\t\t\t\t\t\t\t\t\t\t\t   \t\t\t\t\t\t\t\t\t\t\t<td colspan=\"\" rowspan=\"\" class=\"\" id=\"\">\n\t\t\t\t\t\t\t\t\t\t\t\t<div class=\"td-content-wrapper\"><div class=\"td-content\">\n\t\t\t\t\t\t\t\t\t\t\t\t\tDN8 Male\t\t\t\t\t\t\t\t\t\t\t\t<\/div><\/div>\n\t\t\t\t\t\t\t\t\t\t\t<\/td>\n\t\t\t\t\t\t\t\t\t\t\t\t\t\t\t\t\t\t\t\t\t\t\t\t\t\t<\/tr>\n\t\t\t        \t\t\t\t\t\t<tr>\n\t\t\t\t\t\t\t\t\t\t\t\t\t\t\t\t   \t\t\t\t\t\t\t\t\t\t\t<td colspan=\"\" rowspan=\"\" class=\"\" id=\"\">\n\t\t\t\t\t\t\t\t\t\t\t\t<div class=\"td-content-wrapper\"><div class=\"td-content\">\n\t\t\t\t\t\t\t\t\t\t\t\t\tMoisture Indicator\t\t\t\t\t\t\t\t\t\t\t\t<\/div><\/div>\n\t\t\t\t\t\t\t\t\t\t\t<\/td>\n\t\t\t\t\t\t\t\t\t\t\t\t\t\t\t\t\t\t\t\t\t\t\t\t\t\t\t\t\t   \t\t\t\t\t\t\t\t\t\t\t<td colspan=\"\" rowspan=\"\" class=\"\" id=\"\">\n\t\t\t\t\t\t\t\t\t\t\t\t<div class=\"td-content-wrapper\"><div class=\"td-content\">\n\t\t\t\t\t\t\t\t\t\t\t\t\tClear window indicator\t\t\t\t\t\t\t\t\t\t\t\t<\/div><\/div>\n\t\t\t\t\t\t\t\t\t\t\t<\/td>\n\t\t\t\t\t\t\t\t\t\t\t\t\t\t\t\t\t\t\t\t\t\t\t\t\t\t<\/tr>\n\t\t\t        \t\t\t    <\/tbody>\n\t\t\t<\/table>\n\t\t<\/div>\n\t  \t\t\t\t\t<\/div>\n\t\t\t\t<\/div>\n\t\t\t\t\t<\/div>\n\t\t<\/div>\n\t\t\t\t\t<\/div>\n\t\t<\/section>\n\t\t\t\t<\/div>","protected":false},"excerpt":{"rendered":"<p>Compact anodized-blue aluminum prefilter designed for GasQuip hose reels and fill kits. Features integrated 500 PSIG relief valve, humidity indicator, and internal cavity for molecular sieve media. Provides particle and moisture filtration via PTFE double AISI mesh insert, ensuring clean, dry SF\u2086 gas flow to analyzers and filling systems. DN8 male self-sealing valves on either side.<\/p>\n<p><strong>G\u00e9n\u00e9ralement exp\u00e9di\u00e9 dans\u00a0: <\/strong>Call For Availability<\/p>","protected":false},"featured_media":13289,"template":"","meta":{"content-type":""},"product_brand":[],"product_cat":[169,112],"product_tag":[],"class_list":{"0":"post-13144","1":"product","2":"type-product","3":"status-publish","4":"has-post-thumbnail","6":"product_cat-filters-driers","7":"product_cat-gas-handling","9":"first","10":"instock","11":"taxable","12":"shipping-taxable","13":"purchasable","14":"product-type-simple"},"yoast_head":"<!-- This site is optimized with the Yoast SEO plugin v27.3 - https:\/\/yoast.com\/product\/yoast-seo-wordpress\/ -->\n<title>Portable Pre-Filter for SF6 Gas - GasQuip<\/title>\n<meta name=\"description\" content=\"Compact SF\u2086 prefilter with 500 PSIG relief valve, humidity indicator, and PTFE + AISI mesh filter for clean, dry gas handling.\" \/>\n<meta name=\"robots\" content=\"index, follow, max-snippet:-1, max-image-preview:large, max-video-preview:-1\" \/>\n<link rel=\"canonical\" href=\"https:\/\/gasquip.com\/fr\/produit\/portable-pre-filter-for-sf6-gas\/\" \/>\n<meta property=\"og:locale\" content=\"fr_FR\" \/>\n<meta property=\"og:type\" content=\"article\" \/>\n<meta property=\"og:title\" content=\"Portable Pre-Filter for SF6 Gas - GasQuip\" \/>\n<meta property=\"og:description\" content=\"Compact SF\u2086 prefilter with 500 PSIG relief valve, humidity indicator, and PTFE + AISI mesh filter for clean, dry gas handling.\" \/>\n<meta property=\"og:url\" content=\"https:\/\/gasquip.com\/fr\/produit\/portable-pre-filter-for-sf6-gas\/\" \/>\n<meta property=\"og:site_name\" content=\"GasQuip\" \/>\n<meta property=\"article:publisher\" content=\"https:\/\/www.facebook.com\/gasquiptx\" \/>\n<meta property=\"article:modified_time\" content=\"2026-01-16T19:22:46+00:00\" \/>\n<meta property=\"og:image\" content=\"https:\/\/gasquip.com\/wp-content\/uploads\/2025\/10\/Pre-Filter-FIL2765-NO-BG.png\" \/>\n\t<meta property=\"og:image:width\" content=\"1024\" \/>\n\t<meta property=\"og:image:height\" content=\"1024\" \/>\n\t<meta property=\"og:image:type\" content=\"image\/png\" \/>\n<meta name=\"twitter:card\" content=\"summary_large_image\" \/>\n<script type=\"application\/ld+json\" class=\"yoast-schema-graph\">{\"@context\":\"https:\\\/\\\/schema.org\",\"@graph\":[{\"@type\":\"WebPage\",\"@id\":\"https:\\\/\\\/gasquip.com\\\/zh\\\/%e4%ba%a7%e5%93%81\\\/portable-pre-filter-for-sf6-gas\\\/\",\"url\":\"https:\\\/\\\/gasquip.com\\\/zh\\\/%e4%ba%a7%e5%93%81\\\/portable-pre-filter-for-sf6-gas\\\/\",\"name\":\"Portable Pre-Filter for SF6 Gas - GasQuip\",\"isPartOf\":{\"@id\":\"https:\\\/\\\/gasquip.com\\\/#website\"},\"primaryImageOfPage\":{\"@id\":\"https:\\\/\\\/gasquip.com\\\/zh\\\/%e4%ba%a7%e5%93%81\\\/portable-pre-filter-for-sf6-gas\\\/#primaryimage\"},\"image\":{\"@id\":\"https:\\\/\\\/gasquip.com\\\/zh\\\/%e4%ba%a7%e5%93%81\\\/portable-pre-filter-for-sf6-gas\\\/#primaryimage\"},\"thumbnailUrl\":\"https:\\\/\\\/gasquip.com\\\/wp-content\\\/uploads\\\/2025\\\/10\\\/Pre-Filter-FIL2765-NO-BG.png\",\"datePublished\":\"2025-10-31T16:16:06+00:00\",\"dateModified\":\"2026-01-16T19:22:46+00:00\",\"description\":\"Compact SF\u2086 prefilter with 500 PSIG relief valve, humidity indicator, and PTFE + AISI mesh filter for clean, dry gas handling.\",\"breadcrumb\":{\"@id\":\"https:\\\/\\\/gasquip.com\\\/zh\\\/%e4%ba%a7%e5%93%81\\\/portable-pre-filter-for-sf6-gas\\\/#breadcrumb\"},\"inLanguage\":\"fr-FR\",\"potentialAction\":[{\"@type\":\"ReadAction\",\"target\":[\"https:\\\/\\\/gasquip.com\\\/zh\\\/%e4%ba%a7%e5%93%81\\\/portable-pre-filter-for-sf6-gas\\\/\"]}]},{\"@type\":\"ImageObject\",\"inLanguage\":\"fr-FR\",\"@id\":\"https:\\\/\\\/gasquip.com\\\/zh\\\/%e4%ba%a7%e5%93%81\\\/portable-pre-filter-for-sf6-gas\\\/#primaryimage\",\"url\":\"https:\\\/\\\/gasquip.com\\\/wp-content\\\/uploads\\\/2025\\\/10\\\/Pre-Filter-FIL2765-NO-BG.png\",\"contentUrl\":\"https:\\\/\\\/gasquip.com\\\/wp-content\\\/uploads\\\/2025\\\/10\\\/Pre-Filter-FIL2765-NO-BG.png\",\"width\":1024,\"height\":1024},{\"@type\":\"BreadcrumbList\",\"@id\":\"https:\\\/\\\/gasquip.com\\\/zh\\\/%e4%ba%a7%e5%93%81\\\/portable-pre-filter-for-sf6-gas\\\/#breadcrumb\",\"itemListElement\":[{\"@type\":\"ListItem\",\"position\":1,\"name\":\"Home\",\"item\":\"https:\\\/\\\/gasquip.com\\\/\"},{\"@type\":\"ListItem\",\"position\":2,\"name\":\"products\",\"item\":\"https:\\\/\\\/gasquip.com\\\/products-3\\\/\"},{\"@type\":\"ListItem\",\"position\":3,\"name\":\"Portable Pre-Filter for SF6 Gas\"}]},{\"@type\":\"WebSite\",\"@id\":\"https:\\\/\\\/gasquip.com\\\/#website\",\"url\":\"https:\\\/\\\/gasquip.com\\\/\",\"name\":\"GasQuip\",\"description\":\"SF6 Gas Equipment\",\"publisher\":{\"@id\":\"https:\\\/\\\/gasquip.com\\\/#organization\"},\"potentialAction\":[{\"@type\":\"SearchAction\",\"target\":{\"@type\":\"EntryPoint\",\"urlTemplate\":\"https:\\\/\\\/gasquip.com\\\/?s={search_term_string}\"},\"query-input\":{\"@type\":\"PropertyValueSpecification\",\"valueRequired\":true,\"valueName\":\"search_term_string\"}}],\"inLanguage\":\"fr-FR\"},{\"@type\":\"Organization\",\"@id\":\"https:\\\/\\\/gasquip.com\\\/#organization\",\"name\":\"GasQuip\",\"url\":\"https:\\\/\\\/gasquip.com\\\/\",\"logo\":{\"@type\":\"ImageObject\",\"inLanguage\":\"fr-FR\",\"@id\":\"https:\\\/\\\/gasquip.com\\\/#\\\/schema\\\/logo\\\/image\\\/\",\"url\":\"https:\\\/\\\/gasquip.com\\\/wp-content\\\/uploads\\\/2020\\\/10\\\/Logo-Original-PNG-Cropped.png\",\"contentUrl\":\"https:\\\/\\\/gasquip.com\\\/wp-content\\\/uploads\\\/2020\\\/10\\\/Logo-Original-PNG-Cropped.png\",\"width\":2819,\"height\":702,\"caption\":\"GasQuip\"},\"image\":{\"@id\":\"https:\\\/\\\/gasquip.com\\\/#\\\/schema\\\/logo\\\/image\\\/\"},\"sameAs\":[\"https:\\\/\\\/www.facebook.com\\\/gasquiptx\",\"https:\\\/\\\/www.linkedin.com\\\/company\\\/gasquip.com\",\"https:\\\/\\\/www.youtube.com\\\/channel\\\/UCUCicTtyc2zeJMcj5NMA0Ww\"]}]}<\/script>\n<!-- \/ Yoast SEO plugin. -->","yoast_head_json":{"title":"Portable Pre-Filter for SF6 Gas - GasQuip","description":"Compact SF\u2086 prefilter with 500 PSIG relief valve, humidity indicator, and PTFE + AISI mesh filter for clean, dry gas handling.","robots":{"index":"index","follow":"follow","max-snippet":"max-snippet:-1","max-image-preview":"max-image-preview:large","max-video-preview":"max-video-preview:-1"},"canonical":"https:\/\/gasquip.com\/fr\/produit\/portable-pre-filter-for-sf6-gas\/","og_locale":"fr_FR","og_type":"article","og_title":"Portable Pre-Filter for SF6 Gas - GasQuip","og_description":"Compact SF\u2086 prefilter with 500 PSIG relief valve, humidity indicator, and PTFE + AISI mesh filter for clean, dry gas handling.","og_url":"https:\/\/gasquip.com\/fr\/produit\/portable-pre-filter-for-sf6-gas\/","og_site_name":"GasQuip","article_publisher":"https:\/\/www.facebook.com\/gasquiptx","article_modified_time":"2026-01-16T19:22:46+00:00","og_image":[{"width":1024,"height":1024,"url":"https:\/\/gasquip.com\/wp-content\/uploads\/2025\/10\/Pre-Filter-FIL2765-NO-BG.png","type":"image\/png"}],"twitter_card":"summary_large_image","schema":{"@context":"https:\/\/schema.org","@graph":[{"@type":"WebPage","@id":"https:\/\/gasquip.com\/zh\/%e4%ba%a7%e5%93%81\/portable-pre-filter-for-sf6-gas\/","url":"https:\/\/gasquip.com\/zh\/%e4%ba%a7%e5%93%81\/portable-pre-filter-for-sf6-gas\/","name":"Portable Pre-Filter for SF6 Gas - GasQuip","isPartOf":{"@id":"https:\/\/gasquip.com\/#website"},"primaryImageOfPage":{"@id":"https:\/\/gasquip.com\/zh\/%e4%ba%a7%e5%93%81\/portable-pre-filter-for-sf6-gas\/#primaryimage"},"image":{"@id":"https:\/\/gasquip.com\/zh\/%e4%ba%a7%e5%93%81\/portable-pre-filter-for-sf6-gas\/#primaryimage"},"thumbnailUrl":"https:\/\/gasquip.com\/wp-content\/uploads\/2025\/10\/Pre-Filter-FIL2765-NO-BG.png","datePublished":"2025-10-31T16:16:06+00:00","dateModified":"2026-01-16T19:22:46+00:00","description":"Compact SF\u2086 prefilter with 500 PSIG relief valve, humidity indicator, and PTFE + AISI mesh filter for clean, dry gas handling.","breadcrumb":{"@id":"https:\/\/gasquip.com\/zh\/%e4%ba%a7%e5%93%81\/portable-pre-filter-for-sf6-gas\/#breadcrumb"},"inLanguage":"fr-FR","potentialAction":[{"@type":"ReadAction","target":["https:\/\/gasquip.com\/zh\/%e4%ba%a7%e5%93%81\/portable-pre-filter-for-sf6-gas\/"]}]},{"@type":"ImageObject","inLanguage":"fr-FR","@id":"https:\/\/gasquip.com\/zh\/%e4%ba%a7%e5%93%81\/portable-pre-filter-for-sf6-gas\/#primaryimage","url":"https:\/\/gasquip.com\/wp-content\/uploads\/2025\/10\/Pre-Filter-FIL2765-NO-BG.png","contentUrl":"https:\/\/gasquip.com\/wp-content\/uploads\/2025\/10\/Pre-Filter-FIL2765-NO-BG.png","width":1024,"height":1024},{"@type":"BreadcrumbList","@id":"https:\/\/gasquip.com\/zh\/%e4%ba%a7%e5%93%81\/portable-pre-filter-for-sf6-gas\/#breadcrumb","itemListElement":[{"@type":"ListItem","position":1,"name":"Home","item":"https:\/\/gasquip.com\/"},{"@type":"ListItem","position":2,"name":"products","item":"https:\/\/gasquip.com\/products-3\/"},{"@type":"ListItem","position":3,"name":"Portable Pre-Filter for SF6 Gas"}]},{"@type":"WebSite","@id":"https:\/\/gasquip.com\/#website","url":"https:\/\/gasquip.com\/","name":"GazQuip","description":"\u00c9quipement de gaz SF6","publisher":{"@id":"https:\/\/gasquip.com\/#organization"},"potentialAction":[{"@type":"SearchAction","target":{"@type":"EntryPoint","urlTemplate":"https:\/\/gasquip.com\/?s={search_term_string}"},"query-input":{"@type":"PropertyValueSpecification","valueRequired":true,"valueName":"search_term_string"}}],"inLanguage":"fr-FR"},{"@type":"Organization","@id":"https:\/\/gasquip.com\/#organization","name":"GazQuip","url":"https:\/\/gasquip.com\/","logo":{"@type":"ImageObject","inLanguage":"fr-FR","@id":"https:\/\/gasquip.com\/#\/schema\/logo\/image\/","url":"https:\/\/gasquip.com\/wp-content\/uploads\/2020\/10\/Logo-Original-PNG-Cropped.png","contentUrl":"https:\/\/gasquip.com\/wp-content\/uploads\/2020\/10\/Logo-Original-PNG-Cropped.png","width":2819,"height":702,"caption":"GasQuip"},"image":{"@id":"https:\/\/gasquip.com\/#\/schema\/logo\/image\/"},"sameAs":["https:\/\/www.facebook.com\/gasquiptx","https:\/\/www.linkedin.com\/company\/gasquip.com","https:\/\/www.youtube.com\/channel\/UCUCicTtyc2zeJMcj5NMA0Ww"]}]}},"_links":{"self":[{"href":"https:\/\/gasquip.com\/fr\/wp-json\/wp\/v2\/product\/13144","targetHints":{"allow":["GET"]}}],"collection":[{"href":"https:\/\/gasquip.com\/fr\/wp-json\/wp\/v2\/product"}],"about":[{"href":"https:\/\/gasquip.com\/fr\/wp-json\/wp\/v2\/types\/product"}],"version-history":[{"count":8,"href":"https:\/\/gasquip.com\/fr\/wp-json\/wp\/v2\/product\/13144\/revisions"}],"predecessor-version":[{"id":13292,"href":"https:\/\/gasquip.com\/fr\/wp-json\/wp\/v2\/product\/13144\/revisions\/13292"}],"wp:featuredmedia":[{"embeddable":true,"href":"https:\/\/gasquip.com\/fr\/wp-json\/wp\/v2\/media\/13289"}],"wp:attachment":[{"href":"https:\/\/gasquip.com\/fr\/wp-json\/wp\/v2\/media?parent=13144"}],"wp:term":[{"taxonomy":"product_brand","embeddable":true,"href":"https:\/\/gasquip.com\/fr\/wp-json\/wp\/v2\/product_brand?post=13144"},{"taxonomy":"product_cat","embeddable":true,"href":"https:\/\/gasquip.com\/fr\/wp-json\/wp\/v2\/product_cat?post=13144"},{"taxonomy":"product_tag","embeddable":true,"href":"https:\/\/gasquip.com\/fr\/wp-json\/wp\/v2\/product_tag?post=13144"}],"curies":[{"name":"wp","href":"https:\/\/api.w.org\/{rel}","templated":true}]}}