{"id":3836,"date":"2020-08-27T19:03:35","date_gmt":"2020-08-27T19:03:35","guid":{"rendered":"https:\/\/gasquip.com\/?post_type=product&#038;p=3836"},"modified":"2026-01-29T17:33:40","modified_gmt":"2026-01-29T17:33:40","slug":"kit-dadaptateur-de-raccords-pour-analyseur-sf6","status":"publish","type":"product","link":"https:\/\/gasquip.com\/fr\/product\/sf6-analyzer-fittings-adapter-kit\/","title":{"rendered":"Kit de raccords pour analyseur SF6"},"content":{"rendered":"<h2>Caract\u00e9ristiques du kit de raccords pour analyseur SF6\u00a0:<\/h2>\n<ul>\n<li>D\u00e9coupes et \u00e9tiquettes en mousse personnalis\u00e9es<\/li>\n<li>Bo\u00eetier SKB \u00e9tanche et robuste \u00e0 double verrouillage<\/li>\n<li>Raccords italiens SF6 d\u00e9coup\u00e9s au laser<\/li>\n<li>R\u00e9gulateur SF6 inclus<\/li>\n<\/ul>\n<h2>Adaptateurs inclus\u00a0:<\/h2>\n<ul>\n<li>RECTUS 21 D\u00e9connexion rapide m\u00e2le vers JIC femelle \u00bc&quot;<\/li>\n<li>RECTUS 21 D\u00e9connexion rapide m\u00e2le vers JIC femelle 3\/8&quot;<\/li>\n<li>RECTUS 21 D\u00e9connexion rapide m\u00e2le vers JIC femelle \u00bd&quot;<\/li>\n<li>RECTUS 21 m\u00e2le \u00e0 d\u00e9connexion rapide vers 1 1\/4&quot; femelle JIC<\/li>\n<li>RECTUS 21 m\u00e2le \u00e0 d\u00e9connexion rapide vers 1\/4&quot; m\u00e2le NPT (3 pi\u00e8ces)<\/li>\n<li>RECTUS 21 m\u00e2le \u00e0 d\u00e9connexion rapide vers DN20 femelle<\/li>\n<li>RECTUS 21 m\u00e2le \u00e0 d\u00e9connexion rapide vers Aeroquip<\/li>\n<li>RECTUS 21 m\u00e2le \u00e0 d\u00e9connexion rapide vers Malmquist femelle<\/li>\n<li>RECTUS 21 M\u00e2le D\u00e9connexion Rapide DN8 Femelle<\/li>\n<li>R\u00e9gulateur d&#039;\u00e9chantillonnage SF6 avec RECTUS 21M QD<\/li>\n<\/ul>\n<h2>Quel analyseur SF6 peut \u00eatre utilis\u00e9 avec cela\u00a0?<\/h2>\n<ul>\n<li><a href=\"https:\/\/gasquip.com\/fr\/produit\/analyseur-flexible-sf6\/\">FLEX \u2013 Analyseur SF6 modulaire<\/a><\/li>\n<li><a href=\"http:\/\/www.rhs.com\/product_973_sf6.php\">Analyseur RH Systems 973<\/a><\/li>\n<li>Analyseur multi Dilo<\/li>\n<li><a href=\"https:\/\/www.sf6.co.uk\/products\/sf6-6100-portable\/\">SMC Rapidox<\/a><\/li>\n<li><a href=\"https:\/\/www.wika.us\/ga11_en_co.WIKA\">Analyseur de gaz Wika SF6<\/a><\/li>\n<li>Tout autre fabricant d&#039;analyseur SF6 avec une connexion rectus standard de type 21<\/li>\n<\/ul>\n<h2>Pourquoi un kit adaptateur ?<\/h2>\n<p>Notre kit de raccords pour analyseur SF6 permet d&#039;\u00e9liminer la recherche constante du bon raccord lors du raccordement \u00e0 un disjoncteur de gaz SF6. Pour en savoir plus sur les techniques appropri\u00e9es de manipulation des gaz, consultez notre <a href=\"https:\/\/gasquip.com\/fr\/blog\/\">Blog.\u00a0<\/a><\/p>\n<p>&nbsp;<\/p>\n<h2>Quels types de raccords sont courants sur le terrain ?<\/h2>\n<p><strong>D\u00e9coupes Type 21\u00a0:<\/strong><\/p>\n<p>Ce raccord est le type de connexion couramment utilis\u00e9 avec les analyseurs de gaz SF6, en particulier sur le terrain. Il poss\u00e8de une t\u00eate auto-scellante \u00e0 ressort et est consid\u00e9r\u00e9 comme un \u00ab Quick Connect \u00bb.<\/p>\n<p><strong>Rainure et languette:<\/strong><\/p>\n<p>Ce type de raccord est couramment utilis\u00e9 dans le domaine et est devenu un standard de l&#039;industrie. Les deux tailles g\u00e9n\u00e9ralement vues sont DN8 et DN20. Les d\u00e9signations de tailles 8 et 20 sont bas\u00e9es sur l&#039;ID du raccord. Ces raccords fonctionnent en utilisant un joint m\u00e9tal sur m\u00e9tal une fois serr\u00e9s. La languette ou partie sur\u00e9lev\u00e9e se trouve \u00e0 l\u2019int\u00e9rieur de la valve femelle et la rainure se trouve du c\u00f4t\u00e9 m\u00e2le. Ces types de raccords fonctionnent bien en pr\u00e9sence de vibrations, sous vide ou sous pression positive, et peuvent rester \u00e9tanches dans une large plage de temp\u00e9ratures. L&#039;avantage de ces joints est qu&#039;ils ne peuvent pas \u00eatre trop serr\u00e9s et peuvent \u00eatre r\u00e9utilis\u00e9s ind\u00e9finiment, mais les surfaces d&#039;\u00e9tanch\u00e9it\u00e9 doivent rester propres.<\/p>\n<p><strong>TNP\u00a0:<\/strong><\/p>\n<p>Ce raccord \u00e9tablit une \u00e9tanch\u00e9it\u00e9 gr\u00e2ce au coincement m\u00e9tal sur m\u00e9tal qui se produit lorsque ce filetage est serr\u00e9. Ces connexions n\u00e9cessitent un produit d&#039;\u00e9tanch\u00e9it\u00e9 liquide pour filetage ou du ruban t\u00e9flon pour assurer une \u00e9tanch\u00e9it\u00e9 correcte. Une fois ceux-ci assembl\u00e9s, il est pr\u00e9f\u00e9rable de les laisser ensemble car chaque fois qu&#039;ils sont desserr\u00e9s et serr\u00e9s, cela use les filetages et c&#039;est un moyen d&#039;\u00e9tanch\u00e9it\u00e9. La bonne nouvelle est qu\u2019ils sont facilement disponibles, il est donc facile d\u2019en remplacer un en cas de fuite.<\/p>\n<p><strong>Parall\u00e8le:<\/strong><\/p>\n<p>Ces filetages sont scell\u00e9s soit au niveau de la \u00ab face \u00bb, soit au sommet de la partie filet\u00e9e situ\u00e9e sous le boulon hexagonal. Alternativement, certains types scellent au \u00ab nez \u00bb ou au bas des filetages oppos\u00e9s au boulon hexagonal. Ceci est accompli \u00e0 l&#039;aide d&#039;un joint torique ou d&#039;une rondelle coll\u00e9e qui peut \u00eatre remplac\u00e9 au fil du temps. Ceux-ci ne n\u00e9cessitent pas de produit d&#039;\u00e9tanch\u00e9it\u00e9 pour filetage. Ce type de raccord est un bon choix pour les applications qui doivent \u00eatre d\u00e9mont\u00e9es et remont\u00e9es, car seul le joint ou la rondelle doit \u00eatre remplac\u00e9 en cas de fuite. Il est \u00e9galement important de garder les surfaces d&#039;\u00e9tanch\u00e9it\u00e9 propres et intactes.<\/p>\n<p><b>Raccords \u00e9vas\u00e9s<\/b><\/p>\n<p>Ces raccords \u00e0 compression sont scell\u00e9s par contact direct m\u00e9tal sur m\u00e9tal ou \u00e0 l&#039;aide d&#039;un joint en cuivre entre les deux surfaces \u00e9vas\u00e9es oppos\u00e9es. Ceux-ci sont couramment utilis\u00e9s pour la construction de tuyaux et ne sont pas destin\u00e9s \u00e0 une r\u00e9utilisation fr\u00e9quente car les surfaces d&#039;\u00e9tanch\u00e9it\u00e9 commenceront \u00e0 s&#039;user et \u00e0 devenir concaves, provoquant des fuites. Ils sont cependant facilement disponibles et facilement remplac\u00e9s si cela se produit.<\/p>\n<p>Gardez \u00e0 l&#039;esprit que ces raccords sont disponibles dans les versions JIC (37 degr\u00e9s) et SAE (45 degr\u00e9s) qui ne sont pas interchangeables. De nombreux disjoncteurs plus anciens utilisent JIC comme port de connexion de gaz. Les SAE sont plus courants dans l&#039;industrie de la r\u00e9frig\u00e9ration mais peuvent \u00eatre trouv\u00e9s sur certains appareillages MT.<\/p>","protected":false},"excerpt":{"rendered":"<p>Notre kit d&#039;adaptateurs de raccords pour analyseur de gaz SF6 est con\u00e7u pour fonctionner avec les analyseurs SF6 les plus populaires et les connexions de disjoncteur SF6 d&#039;Am\u00e9rique du Nord. Nos raccords sont fabriqu\u00e9s avec pr\u00e9cision et import\u00e9s d&#039;Italie. Le bo\u00eetier est un bo\u00eetier SKB I-Series robuste et \u00e9tanche avec deux loquets de verrouillage.<\/p>\n<p><strong>G\u00e9n\u00e9ralement exp\u00e9di\u00e9 dans\u00a0:\u00a0<\/strong>1-3 Days<\/p>","protected":false},"featured_media":13194,"template":"","meta":{"content-type":""},"product_brand":[],"product_cat":[36],"product_tag":[],"class_list":{"0":"post-3836","1":"product","2":"type-product","3":"status-publish","4":"has-post-thumbnail","6":"product_cat-adapter-kits","8":"first","9":"instock","10":"featured","11":"taxable","12":"shipping-taxable","13":"purchasable","14":"product-type-simple"},"yoast_head":"<!-- This site is optimized with the Yoast SEO plugin v27.3 - https:\/\/yoast.com\/product\/yoast-seo-wordpress\/ -->\n<title>SF6 Analyzer Fittings Kit - GasQuip DILO Fittings Kit Alternative<\/title>\n<meta name=\"description\" content=\"GasQuip&#039;s SF6 Gas Analyzer Fittings Adapter Kit is designed for use with SF6 gas carts and SF6 breakers. Our kits are an alternative to Dilo.\" \/>\n<meta name=\"robots\" content=\"index, follow, max-snippet:-1, max-image-preview:large, max-video-preview:-1\" \/>\n<link rel=\"canonical\" href=\"https:\/\/gasquip.com\/fr\/produit\/kit-dadaptateur-de-raccords-pour-analyseur-sf6\/\" \/>\n<meta property=\"og:locale\" content=\"fr_FR\" \/>\n<meta property=\"og:type\" content=\"article\" \/>\n<meta property=\"og:title\" content=\"SF6 Analyzer Fittings Kit - GasQuip DILO Fittings Kit Alternative\" \/>\n<meta property=\"og:description\" content=\"GasQuip&#039;s SF6 Gas Analyzer Fittings Adapter Kit is designed for use with SF6 gas carts and SF6 breakers. Our kits are an alternative to Dilo.\" \/>\n<meta property=\"og:url\" content=\"https:\/\/gasquip.com\/fr\/produit\/kit-dadaptateur-de-raccords-pour-analyseur-sf6\/\" \/>\n<meta property=\"og:site_name\" content=\"GasQuip\" \/>\n<meta property=\"article:publisher\" content=\"https:\/\/www.facebook.com\/gasquiptx\" \/>\n<meta property=\"article:modified_time\" content=\"2026-01-29T17:33:40+00:00\" \/>\n<meta property=\"og:image\" content=\"https:\/\/gasquip.com\/wp-content\/uploads\/2020\/08\/GQ-ANLZR-AKIT-OPEN.png\" \/>\n\t<meta property=\"og:image:width\" content=\"1024\" \/>\n\t<meta property=\"og:image:height\" content=\"1024\" \/>\n\t<meta property=\"og:image:type\" content=\"image\/png\" \/>\n<meta name=\"twitter:card\" content=\"summary_large_image\" \/>\n<meta name=\"twitter:label1\" content=\"Dur\u00e9e de lecture estim\u00e9e\" \/>\n\t<meta name=\"twitter:data1\" content=\"4 minutes\" \/>\n<script type=\"application\/ld+json\" class=\"yoast-schema-graph\">{\"@context\":\"https:\\\/\\\/schema.org\",\"@graph\":[{\"@type\":\"WebPage\",\"@id\":\"https:\\\/\\\/gasquip.com\\\/fr\\\/produit\\\/kit-dadaptateur-de-raccords-pour-analyseur-sf6\\\/\",\"url\":\"https:\\\/\\\/gasquip.com\\\/fr\\\/produit\\\/kit-dadaptateur-de-raccords-pour-analyseur-sf6\\\/\",\"name\":\"SF6 Analyzer Fittings Kit - GasQuip DILO Fittings Kit Alternative\",\"isPartOf\":{\"@id\":\"https:\\\/\\\/gasquip.com\\\/#website\"},\"primaryImageOfPage\":{\"@id\":\"https:\\\/\\\/gasquip.com\\\/fr\\\/produit\\\/kit-dadaptateur-de-raccords-pour-analyseur-sf6\\\/#primaryimage\"},\"image\":{\"@id\":\"https:\\\/\\\/gasquip.com\\\/fr\\\/produit\\\/kit-dadaptateur-de-raccords-pour-analyseur-sf6\\\/#primaryimage\"},\"thumbnailUrl\":\"https:\\\/\\\/gasquip.com\\\/wp-content\\\/uploads\\\/2020\\\/08\\\/GQ-ANLZR-AKIT-OPEN.png\",\"datePublished\":\"2020-08-27T19:03:35+00:00\",\"dateModified\":\"2026-01-29T17:33:40+00:00\",\"description\":\"GasQuip's SF6 Gas Analyzer Fittings Adapter Kit is designed for use with SF6 gas carts and SF6 breakers. Our kits are an alternative to Dilo.\",\"breadcrumb\":{\"@id\":\"https:\\\/\\\/gasquip.com\\\/fr\\\/produit\\\/kit-dadaptateur-de-raccords-pour-analyseur-sf6\\\/#breadcrumb\"},\"inLanguage\":\"fr-FR\",\"potentialAction\":[{\"@type\":\"ReadAction\",\"target\":[\"https:\\\/\\\/gasquip.com\\\/fr\\\/produit\\\/kit-dadaptateur-de-raccords-pour-analyseur-sf6\\\/\"]}]},{\"@type\":\"ImageObject\",\"inLanguage\":\"fr-FR\",\"@id\":\"https:\\\/\\\/gasquip.com\\\/fr\\\/produit\\\/kit-dadaptateur-de-raccords-pour-analyseur-sf6\\\/#primaryimage\",\"url\":\"https:\\\/\\\/gasquip.com\\\/wp-content\\\/uploads\\\/2020\\\/08\\\/GQ-ANLZR-AKIT-OPEN.png\",\"contentUrl\":\"https:\\\/\\\/gasquip.com\\\/wp-content\\\/uploads\\\/2020\\\/08\\\/GQ-ANLZR-AKIT-OPEN.png\",\"width\":1024,\"height\":1024,\"caption\":\"GQ-ANLZR-AKIT\"},{\"@type\":\"BreadcrumbList\",\"@id\":\"https:\\\/\\\/gasquip.com\\\/fr\\\/produit\\\/kit-dadaptateur-de-raccords-pour-analyseur-sf6\\\/#breadcrumb\",\"itemListElement\":[{\"@type\":\"ListItem\",\"position\":1,\"name\":\"Home\",\"item\":\"https:\\\/\\\/gasquip.com\\\/\"},{\"@type\":\"ListItem\",\"position\":2,\"name\":\"products\",\"item\":\"https:\\\/\\\/gasquip.com\\\/products-3\\\/\"},{\"@type\":\"ListItem\",\"position\":3,\"name\":\"SF6 Analyzer Fittings Kit\"}]},{\"@type\":\"WebSite\",\"@id\":\"https:\\\/\\\/gasquip.com\\\/#website\",\"url\":\"https:\\\/\\\/gasquip.com\\\/\",\"name\":\"GasQuip\",\"description\":\"SF6 Gas Equipment\",\"publisher\":{\"@id\":\"https:\\\/\\\/gasquip.com\\\/#organization\"},\"potentialAction\":[{\"@type\":\"SearchAction\",\"target\":{\"@type\":\"EntryPoint\",\"urlTemplate\":\"https:\\\/\\\/gasquip.com\\\/?s={search_term_string}\"},\"query-input\":{\"@type\":\"PropertyValueSpecification\",\"valueRequired\":true,\"valueName\":\"search_term_string\"}}],\"inLanguage\":\"fr-FR\"},{\"@type\":\"Organization\",\"@id\":\"https:\\\/\\\/gasquip.com\\\/#organization\",\"name\":\"GasQuip\",\"url\":\"https:\\\/\\\/gasquip.com\\\/\",\"logo\":{\"@type\":\"ImageObject\",\"inLanguage\":\"fr-FR\",\"@id\":\"https:\\\/\\\/gasquip.com\\\/#\\\/schema\\\/logo\\\/image\\\/\",\"url\":\"https:\\\/\\\/gasquip.com\\\/wp-content\\\/uploads\\\/2020\\\/10\\\/Logo-Original-PNG-Cropped.png\",\"contentUrl\":\"https:\\\/\\\/gasquip.com\\\/wp-content\\\/uploads\\\/2020\\\/10\\\/Logo-Original-PNG-Cropped.png\",\"width\":2819,\"height\":702,\"caption\":\"GasQuip\"},\"image\":{\"@id\":\"https:\\\/\\\/gasquip.com\\\/#\\\/schema\\\/logo\\\/image\\\/\"},\"sameAs\":[\"https:\\\/\\\/www.facebook.com\\\/gasquiptx\",\"https:\\\/\\\/www.linkedin.com\\\/company\\\/gasquip.com\",\"https:\\\/\\\/www.youtube.com\\\/channel\\\/UCUCicTtyc2zeJMcj5NMA0Ww\"]}]}<\/script>\n<!-- \/ Yoast SEO plugin. -->","yoast_head_json":{"title":"SF6 Analyzer Fittings Kit - GasQuip DILO Fittings Kit Alternative","description":"Le kit d&#039;adaptateurs de raccords pour analyseur de gaz SF6 de GasQuip est con\u00e7u pour \u00eatre utilis\u00e9 avec les chariots de gaz SF6 et les disjoncteurs SF6. Nos kits sont une alternative \u00e0 Dilo.","robots":{"index":"index","follow":"follow","max-snippet":"max-snippet:-1","max-image-preview":"max-image-preview:large","max-video-preview":"max-video-preview:-1"},"canonical":"https:\/\/gasquip.com\/fr\/produit\/kit-dadaptateur-de-raccords-pour-analyseur-sf6\/","og_locale":"fr_FR","og_type":"article","og_title":"SF6 Analyzer Fittings Kit - GasQuip DILO Fittings Kit Alternative","og_description":"GasQuip's SF6 Gas Analyzer Fittings Adapter Kit is designed for use with SF6 gas carts and SF6 breakers. Our kits are an alternative to Dilo.","og_url":"https:\/\/gasquip.com\/fr\/produit\/kit-dadaptateur-de-raccords-pour-analyseur-sf6\/","og_site_name":"GasQuip","article_publisher":"https:\/\/www.facebook.com\/gasquiptx","article_modified_time":"2026-01-29T17:33:40+00:00","og_image":[{"width":1024,"height":1024,"url":"https:\/\/gasquip.com\/wp-content\/uploads\/2020\/08\/GQ-ANLZR-AKIT-OPEN.png","type":"image\/png"}],"twitter_card":"summary_large_image","twitter_misc":{"Dur\u00e9e de lecture estim\u00e9e":"4 minutes"},"schema":{"@context":"https:\/\/schema.org","@graph":[{"@type":"WebPage","@id":"https:\/\/gasquip.com\/fr\/produit\/kit-dadaptateur-de-raccords-pour-analyseur-sf6\/","url":"https:\/\/gasquip.com\/fr\/produit\/kit-dadaptateur-de-raccords-pour-analyseur-sf6\/","name":"SF6 Analyzer Fittings Kit - GasQuip DILO Fittings Kit Alternative","isPartOf":{"@id":"https:\/\/gasquip.com\/#website"},"primaryImageOfPage":{"@id":"https:\/\/gasquip.com\/fr\/produit\/kit-dadaptateur-de-raccords-pour-analyseur-sf6\/#primaryimage"},"image":{"@id":"https:\/\/gasquip.com\/fr\/produit\/kit-dadaptateur-de-raccords-pour-analyseur-sf6\/#primaryimage"},"thumbnailUrl":"https:\/\/gasquip.com\/wp-content\/uploads\/2020\/08\/GQ-ANLZR-AKIT-OPEN.png","datePublished":"2020-08-27T19:03:35+00:00","dateModified":"2026-01-29T17:33:40+00:00","description":"Le kit d&#039;adaptateurs de raccords pour analyseur de gaz SF6 de GasQuip est con\u00e7u pour \u00eatre utilis\u00e9 avec les chariots de gaz SF6 et les disjoncteurs SF6. Nos kits sont une alternative \u00e0 Dilo.","breadcrumb":{"@id":"https:\/\/gasquip.com\/fr\/produit\/kit-dadaptateur-de-raccords-pour-analyseur-sf6\/#breadcrumb"},"inLanguage":"fr-FR","potentialAction":[{"@type":"ReadAction","target":["https:\/\/gasquip.com\/fr\/produit\/kit-dadaptateur-de-raccords-pour-analyseur-sf6\/"]}]},{"@type":"ImageObject","inLanguage":"fr-FR","@id":"https:\/\/gasquip.com\/fr\/produit\/kit-dadaptateur-de-raccords-pour-analyseur-sf6\/#primaryimage","url":"https:\/\/gasquip.com\/wp-content\/uploads\/2020\/08\/GQ-ANLZR-AKIT-OPEN.png","contentUrl":"https:\/\/gasquip.com\/wp-content\/uploads\/2020\/08\/GQ-ANLZR-AKIT-OPEN.png","width":1024,"height":1024,"caption":"GQ-ANLZR-AKIT"},{"@type":"BreadcrumbList","@id":"https:\/\/gasquip.com\/fr\/produit\/kit-dadaptateur-de-raccords-pour-analyseur-sf6\/#breadcrumb","itemListElement":[{"@type":"ListItem","position":1,"name":"Home","item":"https:\/\/gasquip.com\/"},{"@type":"ListItem","position":2,"name":"products","item":"https:\/\/gasquip.com\/products-3\/"},{"@type":"ListItem","position":3,"name":"SF6 Analyzer Fittings Kit"}]},{"@type":"WebSite","@id":"https:\/\/gasquip.com\/#website","url":"https:\/\/gasquip.com\/","name":"GazQuip","description":"\u00c9quipement de gaz SF6","publisher":{"@id":"https:\/\/gasquip.com\/#organization"},"potentialAction":[{"@type":"SearchAction","target":{"@type":"EntryPoint","urlTemplate":"https:\/\/gasquip.com\/?s={search_term_string}"},"query-input":{"@type":"PropertyValueSpecification","valueRequired":true,"valueName":"search_term_string"}}],"inLanguage":"fr-FR"},{"@type":"Organization","@id":"https:\/\/gasquip.com\/#organization","name":"GazQuip","url":"https:\/\/gasquip.com\/","logo":{"@type":"ImageObject","inLanguage":"fr-FR","@id":"https:\/\/gasquip.com\/#\/schema\/logo\/image\/","url":"https:\/\/gasquip.com\/wp-content\/uploads\/2020\/10\/Logo-Original-PNG-Cropped.png","contentUrl":"https:\/\/gasquip.com\/wp-content\/uploads\/2020\/10\/Logo-Original-PNG-Cropped.png","width":2819,"height":702,"caption":"GasQuip"},"image":{"@id":"https:\/\/gasquip.com\/#\/schema\/logo\/image\/"},"sameAs":["https:\/\/www.facebook.com\/gasquiptx","https:\/\/www.linkedin.com\/company\/gasquip.com","https:\/\/www.youtube.com\/channel\/UCUCicTtyc2zeJMcj5NMA0Ww"]}]}},"_links":{"self":[{"href":"https:\/\/gasquip.com\/fr\/wp-json\/wp\/v2\/product\/3836","targetHints":{"allow":["GET"]}}],"collection":[{"href":"https:\/\/gasquip.com\/fr\/wp-json\/wp\/v2\/product"}],"about":[{"href":"https:\/\/gasquip.com\/fr\/wp-json\/wp\/v2\/types\/product"}],"version-history":[{"count":2,"href":"https:\/\/gasquip.com\/fr\/wp-json\/wp\/v2\/product\/3836\/revisions"}],"predecessor-version":[{"id":13321,"href":"https:\/\/gasquip.com\/fr\/wp-json\/wp\/v2\/product\/3836\/revisions\/13321"}],"wp:featuredmedia":[{"embeddable":true,"href":"https:\/\/gasquip.com\/fr\/wp-json\/wp\/v2\/media\/13194"}],"wp:attachment":[{"href":"https:\/\/gasquip.com\/fr\/wp-json\/wp\/v2\/media?parent=3836"}],"wp:term":[{"taxonomy":"product_brand","embeddable":true,"href":"https:\/\/gasquip.com\/fr\/wp-json\/wp\/v2\/product_brand?post=3836"},{"taxonomy":"product_cat","embeddable":true,"href":"https:\/\/gasquip.com\/fr\/wp-json\/wp\/v2\/product_cat?post=3836"},{"taxonomy":"product_tag","embeddable":true,"href":"https:\/\/gasquip.com\/fr\/wp-json\/wp\/v2\/product_tag?post=3836"}],"curies":[{"name":"wp","href":"https:\/\/api.w.org\/{rel}","templated":true}]}}