{"id":3837,"date":"2020-08-27T19:04:45","date_gmt":"2020-08-27T19:04:45","guid":{"rendered":"https:\/\/gasquip.com\/?post_type=product&#038;p=3837"},"modified":"2026-01-29T17:35:22","modified_gmt":"2026-01-29T17:35:22","slug":"kit-adaptateur-pour-chariot-a-gaz-sf6-dn8","status":"publish","type":"product","link":"https:\/\/gasquip.com\/fr\/product\/sf6-gas-cart-adapter-kit-dn8\/","title":{"rendered":"DN8 Adapter Fittings Kit"},"content":{"rendered":"<h2>DN8 Adapter Fittings Kit:<\/h2>\n<ul>\n<li>D\u00e9coupes et \u00e9tiquettes en mousse personnalis\u00e9es<\/li>\n<li>Bo\u00eetier SKB \u00e9tanche et robuste \u00e0 double verrouillage<\/li>\n<li>Raccords italiens SF6 d\u00e9coup\u00e9s au laser<\/li>\n<li>R\u00e9gulateur de remplissage inclus pour les compl\u00e9ments<\/li>\n<\/ul>\n<h2>Adaptateurs inclus\u00a0:<\/h2>\n<ul>\n<li>DN8 m\u00e2le vers \u00bc&quot; femelle JIC<\/li>\n<li>DN8 m\u00e2le vers 3\/8&quot; femelle JIC<\/li>\n<li>DN8 m\u00e2le vers \u00bd&quot; femelle JIC<\/li>\n<li>DN8 m\u00e2le vers 1 1\/4&quot; femelle JIC<\/li>\n<li>DN8 m\u00e2le \u00e0 3\/8&quot; m\u00e2le NPT<\/li>\n<li>DN8 m\u00e2le \u00e0 DN20 femelle<\/li>\n<li>DN8 m\u00e2le vers Aeroquip<\/li>\n<li>DN8 m\u00e2le vers Malmquist<\/li>\n<li>DN8 m\u00e2le vers cylindre SF6<\/li>\n<li>DN8 m\u00e2le \u00e0 DN8 m\u00e2le<\/li>\n<li>R\u00e9gulateur SF6 avec sortie DN8 M\u00e2le<\/li>\n<li>Tuyau en caoutchouc DN8 de 10&#039;<\/li>\n<\/ul>\n<h2>Quels chariots \u00e0 gaz SF6 peuvent \u00eatre utilis\u00e9s avec cela\u00a0?<\/h2>\n<ul>\n<li><a href=\"https:\/\/us.dilo.com\/sf6-gas\/products\">Dilo<\/a> remorques, chariots, chariots et autres dispositifs de remplissage<\/li>\n<li><a href=\"http:\/\/www.enervac.com\/sf6-gas-servicing-equipment\">Enervac<\/a> remorques, chariots, chariots et autres dispositifs de remplissage<\/li>\n<li><a href=\"https:\/\/www.wika.us\/gfu08_b_gfu08_c_gfu08_e_gfu08_w_en_co.WIKA\">Wika<\/a> remorques, chariots, chariots et autres dispositifs de remplissage<\/li>\n<li>Autres fabricants de chariots \u00e0 gaz SF6<\/li>\n<\/ul>\n<h2>Pourquoi un kit adaptateur ?<\/h2>\n<p>Notre kit de raccords pour analyseur SF6 permet d&#039;\u00e9liminer la recherche constante du bon raccord lors du raccordement \u00e0 un disjoncteur de gaz SF6. Pour en savoir plus sur les techniques appropri\u00e9es de manipulation des gaz, consultez notre <a href=\"https:\/\/gasquip.com\/fr\/blog\/\">Blog.\u00a0<\/a><\/p>\n<h2>Quels types de raccords sont courants sur le terrain ?<\/h2>\n<p><strong>Rainure et languette:<\/strong><\/p>\n<p>Ce type de raccord est couramment utilis\u00e9 dans le domaine et est devenu un standard de l&#039;industrie. Les deux tailles g\u00e9n\u00e9ralement vues sont DN8 et DN20. Les d\u00e9signations de tailles 8 et 20 sont bas\u00e9es sur l&#039;ID du raccord. Ces raccords fonctionnent en utilisant un joint m\u00e9tal sur m\u00e9tal une fois serr\u00e9s. La languette ou partie sur\u00e9lev\u00e9e se trouve \u00e0 l\u2019int\u00e9rieur de la valve femelle et la rainure se trouve du c\u00f4t\u00e9 m\u00e2le. Ces types de raccords fonctionnent bien en pr\u00e9sence de vibrations, sous vide ou sous pression positive, et peuvent rester \u00e9tanches dans une large plage de temp\u00e9ratures. L&#039;avantage de ces joints est qu&#039;ils ne peuvent pas \u00eatre trop serr\u00e9s et peuvent \u00eatre r\u00e9utilis\u00e9s ind\u00e9finiment, mais les surfaces d&#039;\u00e9tanch\u00e9it\u00e9 doivent rester propres.<\/p>\n<p><strong>TNP\u00a0:<\/strong><\/p>\n<p>Ce raccord \u00e9tablit une \u00e9tanch\u00e9it\u00e9 gr\u00e2ce au coincement m\u00e9tal sur m\u00e9tal qui se produit lorsque ce filetage est serr\u00e9. Ces connexions n\u00e9cessitent un produit d&#039;\u00e9tanch\u00e9it\u00e9 liquide pour filetage ou du ruban t\u00e9flon pour assurer une \u00e9tanch\u00e9it\u00e9 correcte. Une fois ceux-ci assembl\u00e9s, il est pr\u00e9f\u00e9rable de les laisser ensemble car chaque fois qu&#039;ils sont desserr\u00e9s et serr\u00e9s, cela use les filetages et c&#039;est un moyen d&#039;\u00e9tanch\u00e9it\u00e9. La bonne nouvelle est qu\u2019ils sont facilement disponibles, il est donc facile d\u2019en remplacer un en cas de fuite.<\/p>\n<p><strong>Parall\u00e8le:<\/strong><\/p>\n<p>Ces filetages sont scell\u00e9s soit au niveau de la \u00ab face \u00bb, soit au sommet de la partie filet\u00e9e situ\u00e9e sous le boulon hexagonal. Alternativement, certains types scellent au \u00ab nez \u00bb ou au bas des filetages oppos\u00e9s au boulon hexagonal. Ceci est accompli \u00e0 l&#039;aide d&#039;un joint torique ou d&#039;une rondelle coll\u00e9e qui peut \u00eatre remplac\u00e9 au fil du temps. Ceux-ci ne n\u00e9cessitent pas de produit d&#039;\u00e9tanch\u00e9it\u00e9 pour filetage. Ce type de raccord est un bon choix pour les applications qui doivent \u00eatre d\u00e9mont\u00e9es et remont\u00e9es, car seul le joint ou la rondelle doit \u00eatre remplac\u00e9 en cas de fuite. Il est \u00e9galement important de garder les surfaces d&#039;\u00e9tanch\u00e9it\u00e9 propres et intactes.<\/p>\n<p><b>Raccords \u00e9vas\u00e9s<\/b><\/p>\n<p>Ces raccords \u00e0 compression sont scell\u00e9s par contact direct m\u00e9tal sur m\u00e9tal ou \u00e0 l&#039;aide d&#039;un joint en cuivre entre les deux surfaces \u00e9vas\u00e9es oppos\u00e9es. Ceux-ci sont couramment utilis\u00e9s pour la construction de tuyaux et ne sont pas destin\u00e9s \u00e0 une r\u00e9utilisation fr\u00e9quente car les surfaces d&#039;\u00e9tanch\u00e9it\u00e9 commenceront \u00e0 s&#039;user et \u00e0 devenir concaves, provoquant des fuites. Ils sont cependant facilement disponibles et facilement remplac\u00e9s si cela se produit.<\/p>\n<p>Gardez \u00e0 l&#039;esprit que ces raccords sont disponibles dans les versions JIC (37 degr\u00e9s) et SAE (45 degr\u00e9s) qui ne sont pas interchangeables. De nombreux disjoncteurs plus anciens utilisent JIC comme port de connexion de gaz. Les SAE sont plus courants dans l&#039;industrie de la r\u00e9frig\u00e9ration mais peuvent \u00eatre trouv\u00e9s sur certains appareillages MT.<\/p>","protected":false},"excerpt":{"rendered":"<p>Le kit d&#039;adaptateur DN8 pour chariot \u00e0 gaz SF6 est con\u00e7u pour s&#039;adapter aux connexions populaires de disjoncteur et de chariot SF6. Le kit, enferm\u00e9 dans un bo\u00eetier robuste et \u00e9tanche avec deux loquets de verrouillage, comprend des raccords SF6 et un r\u00e9gulateur de remplissage pour un remplissage facile. Ce kit complet simplifie les connexions aux disjoncteurs \u00e0 gaz SF6, minimisant les temps d&#039;arr\u00eat et garantissant un ajustement \u00e9tanche au gaz \u00e0 chaque fois. Id\u00e9al pour les services publics d\u2019\u00e9lectricit\u00e9 recherchant une solution fiable \u00e0 long terme pour la manipulation du gaz SF6.<\/p>\n<p><strong>G\u00e9n\u00e9ralement exp\u00e9di\u00e9\u00a0:\u00a0<\/strong>Within 1-3 Days<\/p>","protected":false},"featured_media":7661,"template":"","meta":{"content-type":""},"product_brand":[],"product_cat":[36],"product_tag":[],"class_list":{"0":"post-3837","1":"product","2":"type-product","3":"status-publish","4":"has-post-thumbnail","6":"product_cat-adapter-kits","8":"first","9":"instock","10":"featured","11":"taxable","12":"shipping-taxable","13":"purchasable","14":"product-type-simple"},"yoast_head":"<!-- This site is optimized with the Yoast SEO plugin v27.4 - https:\/\/yoast.com\/product\/yoast-seo-wordpress\/ -->\n<title>DN8 Adapter Fittings Kit - GasQuip DILO Kit Alternative for Electrical Utilities<\/title>\n<meta name=\"description\" content=\"GasQuip&#039;s SF6 Gas Cart DN8 Adapter Kit is designed for SF6 gas carts and common SF6 breakers. This kit is an alternative to a DILO kit\" \/>\n<meta name=\"robots\" content=\"index, follow, max-snippet:-1, max-image-preview:large, max-video-preview:-1\" \/>\n<link rel=\"canonical\" href=\"https:\/\/gasquip.com\/fr\/produit\/kit-adaptateur-pour-chariot-a-gaz-sf6-dn8\/\" \/>\n<meta property=\"og:locale\" content=\"fr_FR\" \/>\n<meta property=\"og:type\" content=\"article\" \/>\n<meta property=\"og:title\" content=\"DN8 Adapter Fittings Kit - GasQuip DILO Kit Alternative for Electrical Utilities\" \/>\n<meta property=\"og:description\" content=\"GasQuip&#039;s SF6 Gas Cart DN8 Adapter Kit is designed for SF6 gas carts and common SF6 breakers. This kit is an alternative to a DILO kit\" \/>\n<meta property=\"og:url\" content=\"https:\/\/gasquip.com\/fr\/produit\/kit-adaptateur-pour-chariot-a-gaz-sf6-dn8\/\" \/>\n<meta property=\"og:site_name\" content=\"GasQuip\" \/>\n<meta property=\"article:publisher\" content=\"https:\/\/www.facebook.com\/gasquiptx\" \/>\n<meta property=\"article:modified_time\" content=\"2026-01-29T17:35:22+00:00\" \/>\n<meta property=\"og:image\" content=\"https:\/\/gasquip.com\/wp-content\/uploads\/2020\/08\/DN8-Adapter-Kit.png\" \/>\n\t<meta property=\"og:image:width\" content=\"1024\" \/>\n\t<meta property=\"og:image:height\" content=\"1024\" \/>\n\t<meta property=\"og:image:type\" content=\"image\/png\" \/>\n<meta name=\"twitter:card\" content=\"summary_large_image\" \/>\n<meta name=\"twitter:label1\" content=\"Dur\u00e9e de lecture estim\u00e9e\" \/>\n\t<meta name=\"twitter:data1\" content=\"3 minutes\" \/>\n<script type=\"application\/ld+json\" class=\"yoast-schema-graph\">{\"@context\":\"https:\\\/\\\/schema.org\",\"@graph\":[{\"@type\":\"WebPage\",\"@id\":\"https:\\\/\\\/gasquip.com\\\/es\\\/producto\\\/kit-adaptador-carro-gas-sf6-dn8\\\/\",\"url\":\"https:\\\/\\\/gasquip.com\\\/es\\\/producto\\\/kit-adaptador-carro-gas-sf6-dn8\\\/\",\"name\":\"DN8 Adapter Fittings Kit - GasQuip DILO Kit Alternative for Electrical Utilities\",\"isPartOf\":{\"@id\":\"https:\\\/\\\/gasquip.com\\\/#website\"},\"primaryImageOfPage\":{\"@id\":\"https:\\\/\\\/gasquip.com\\\/es\\\/producto\\\/kit-adaptador-carro-gas-sf6-dn8\\\/#primaryimage\"},\"image\":{\"@id\":\"https:\\\/\\\/gasquip.com\\\/es\\\/producto\\\/kit-adaptador-carro-gas-sf6-dn8\\\/#primaryimage\"},\"thumbnailUrl\":\"https:\\\/\\\/gasquip.com\\\/wp-content\\\/uploads\\\/2020\\\/08\\\/DN8-Adapter-Kit.png\",\"datePublished\":\"2020-08-27T19:04:45+00:00\",\"dateModified\":\"2026-01-29T17:35:22+00:00\",\"description\":\"GasQuip's SF6 Gas Cart DN8 Adapter Kit is designed for SF6 gas carts and common SF6 breakers. This kit is an alternative to a DILO kit\",\"breadcrumb\":{\"@id\":\"https:\\\/\\\/gasquip.com\\\/es\\\/producto\\\/kit-adaptador-carro-gas-sf6-dn8\\\/#breadcrumb\"},\"inLanguage\":\"fr-FR\",\"potentialAction\":[{\"@type\":\"ReadAction\",\"target\":[\"https:\\\/\\\/gasquip.com\\\/es\\\/producto\\\/kit-adaptador-carro-gas-sf6-dn8\\\/\"]}]},{\"@type\":\"ImageObject\",\"inLanguage\":\"fr-FR\",\"@id\":\"https:\\\/\\\/gasquip.com\\\/es\\\/producto\\\/kit-adaptador-carro-gas-sf6-dn8\\\/#primaryimage\",\"url\":\"https:\\\/\\\/gasquip.com\\\/wp-content\\\/uploads\\\/2020\\\/08\\\/DN8-Adapter-Kit.png\",\"contentUrl\":\"https:\\\/\\\/gasquip.com\\\/wp-content\\\/uploads\\\/2020\\\/08\\\/DN8-Adapter-Kit.png\",\"width\":1024,\"height\":1024},{\"@type\":\"BreadcrumbList\",\"@id\":\"https:\\\/\\\/gasquip.com\\\/es\\\/producto\\\/kit-adaptador-carro-gas-sf6-dn8\\\/#breadcrumb\",\"itemListElement\":[{\"@type\":\"ListItem\",\"position\":1,\"name\":\"Home\",\"item\":\"https:\\\/\\\/gasquip.com\\\/\"},{\"@type\":\"ListItem\",\"position\":2,\"name\":\"products\",\"item\":\"https:\\\/\\\/gasquip.com\\\/products-3\\\/\"},{\"@type\":\"ListItem\",\"position\":3,\"name\":\"DN8 Adapter Fittings Kit\"}]},{\"@type\":\"WebSite\",\"@id\":\"https:\\\/\\\/gasquip.com\\\/#website\",\"url\":\"https:\\\/\\\/gasquip.com\\\/\",\"name\":\"GasQuip\",\"description\":\"SF6 Gas Equipment\",\"publisher\":{\"@id\":\"https:\\\/\\\/gasquip.com\\\/#organization\"},\"potentialAction\":[{\"@type\":\"SearchAction\",\"target\":{\"@type\":\"EntryPoint\",\"urlTemplate\":\"https:\\\/\\\/gasquip.com\\\/?s={search_term_string}\"},\"query-input\":{\"@type\":\"PropertyValueSpecification\",\"valueRequired\":true,\"valueName\":\"search_term_string\"}}],\"inLanguage\":\"fr-FR\"},{\"@type\":\"Organization\",\"@id\":\"https:\\\/\\\/gasquip.com\\\/#organization\",\"name\":\"GasQuip\",\"url\":\"https:\\\/\\\/gasquip.com\\\/\",\"logo\":{\"@type\":\"ImageObject\",\"inLanguage\":\"fr-FR\",\"@id\":\"https:\\\/\\\/gasquip.com\\\/#\\\/schema\\\/logo\\\/image\\\/\",\"url\":\"https:\\\/\\\/gasquip.com\\\/wp-content\\\/uploads\\\/2020\\\/10\\\/Logo-Original-PNG-Cropped.png\",\"contentUrl\":\"https:\\\/\\\/gasquip.com\\\/wp-content\\\/uploads\\\/2020\\\/10\\\/Logo-Original-PNG-Cropped.png\",\"width\":2819,\"height\":702,\"caption\":\"GasQuip\"},\"image\":{\"@id\":\"https:\\\/\\\/gasquip.com\\\/#\\\/schema\\\/logo\\\/image\\\/\"},\"sameAs\":[\"https:\\\/\\\/www.facebook.com\\\/gasquiptx\",\"https:\\\/\\\/www.linkedin.com\\\/company\\\/gasquip.com\",\"https:\\\/\\\/www.youtube.com\\\/channel\\\/UCUCicTtyc2zeJMcj5NMA0Ww\"]}]}<\/script>\n<!-- \/ Yoast SEO plugin. -->","yoast_head_json":{"title":"DN8 Adapter Fittings Kit - GasQuip DILO Kit Alternative for Electrical Utilities","description":"Le kit d&#039;adaptateur DN8 pour chariot \u00e0 gaz SF6 de GasQuip est con\u00e7u pour les chariots \u00e0 gaz SF6 et les disjoncteurs SF6 courants. Ce kit est une alternative \u00e0 un kit DILO","robots":{"index":"index","follow":"follow","max-snippet":"max-snippet:-1","max-image-preview":"max-image-preview:large","max-video-preview":"max-video-preview:-1"},"canonical":"https:\/\/gasquip.com\/fr\/produit\/kit-adaptateur-pour-chariot-a-gaz-sf6-dn8\/","og_locale":"fr_FR","og_type":"article","og_title":"DN8 Adapter Fittings Kit - GasQuip DILO Kit Alternative for Electrical Utilities","og_description":"GasQuip's SF6 Gas Cart DN8 Adapter Kit is designed for SF6 gas carts and common SF6 breakers. This kit is an alternative to a DILO kit","og_url":"https:\/\/gasquip.com\/fr\/produit\/kit-adaptateur-pour-chariot-a-gaz-sf6-dn8\/","og_site_name":"GasQuip","article_publisher":"https:\/\/www.facebook.com\/gasquiptx","article_modified_time":"2026-01-29T17:35:22+00:00","og_image":[{"width":1024,"height":1024,"url":"https:\/\/gasquip.com\/wp-content\/uploads\/2020\/08\/DN8-Adapter-Kit.png","type":"image\/png"}],"twitter_card":"summary_large_image","twitter_misc":{"Dur\u00e9e de lecture estim\u00e9e":"3 minutes"},"schema":{"@context":"https:\/\/schema.org","@graph":[{"@type":"WebPage","@id":"https:\/\/gasquip.com\/es\/producto\/kit-adaptador-carro-gas-sf6-dn8\/","url":"https:\/\/gasquip.com\/es\/producto\/kit-adaptador-carro-gas-sf6-dn8\/","name":"DN8 Adapter Fittings Kit - GasQuip DILO Kit Alternative for Electrical Utilities","isPartOf":{"@id":"https:\/\/gasquip.com\/#website"},"primaryImageOfPage":{"@id":"https:\/\/gasquip.com\/es\/producto\/kit-adaptador-carro-gas-sf6-dn8\/#primaryimage"},"image":{"@id":"https:\/\/gasquip.com\/es\/producto\/kit-adaptador-carro-gas-sf6-dn8\/#primaryimage"},"thumbnailUrl":"https:\/\/gasquip.com\/wp-content\/uploads\/2020\/08\/DN8-Adapter-Kit.png","datePublished":"2020-08-27T19:04:45+00:00","dateModified":"2026-01-29T17:35:22+00:00","description":"Le kit d&#039;adaptateur DN8 pour chariot \u00e0 gaz SF6 de GasQuip est con\u00e7u pour les chariots \u00e0 gaz SF6 et les disjoncteurs SF6 courants. Ce kit est une alternative \u00e0 un kit DILO","breadcrumb":{"@id":"https:\/\/gasquip.com\/es\/producto\/kit-adaptador-carro-gas-sf6-dn8\/#breadcrumb"},"inLanguage":"fr-FR","potentialAction":[{"@type":"ReadAction","target":["https:\/\/gasquip.com\/es\/producto\/kit-adaptador-carro-gas-sf6-dn8\/"]}]},{"@type":"ImageObject","inLanguage":"fr-FR","@id":"https:\/\/gasquip.com\/es\/producto\/kit-adaptador-carro-gas-sf6-dn8\/#primaryimage","url":"https:\/\/gasquip.com\/wp-content\/uploads\/2020\/08\/DN8-Adapter-Kit.png","contentUrl":"https:\/\/gasquip.com\/wp-content\/uploads\/2020\/08\/DN8-Adapter-Kit.png","width":1024,"height":1024},{"@type":"BreadcrumbList","@id":"https:\/\/gasquip.com\/es\/producto\/kit-adaptador-carro-gas-sf6-dn8\/#breadcrumb","itemListElement":[{"@type":"ListItem","position":1,"name":"Home","item":"https:\/\/gasquip.com\/"},{"@type":"ListItem","position":2,"name":"products","item":"https:\/\/gasquip.com\/products-3\/"},{"@type":"ListItem","position":3,"name":"DN8 Adapter Fittings Kit"}]},{"@type":"WebSite","@id":"https:\/\/gasquip.com\/#website","url":"https:\/\/gasquip.com\/","name":"GazQuip","description":"\u00c9quipement de gaz SF6","publisher":{"@id":"https:\/\/gasquip.com\/#organization"},"potentialAction":[{"@type":"SearchAction","target":{"@type":"EntryPoint","urlTemplate":"https:\/\/gasquip.com\/?s={search_term_string}"},"query-input":{"@type":"PropertyValueSpecification","valueRequired":true,"valueName":"search_term_string"}}],"inLanguage":"fr-FR"},{"@type":"Organization","@id":"https:\/\/gasquip.com\/#organization","name":"GazQuip","url":"https:\/\/gasquip.com\/","logo":{"@type":"ImageObject","inLanguage":"fr-FR","@id":"https:\/\/gasquip.com\/#\/schema\/logo\/image\/","url":"https:\/\/gasquip.com\/wp-content\/uploads\/2020\/10\/Logo-Original-PNG-Cropped.png","contentUrl":"https:\/\/gasquip.com\/wp-content\/uploads\/2020\/10\/Logo-Original-PNG-Cropped.png","width":2819,"height":702,"caption":"GasQuip"},"image":{"@id":"https:\/\/gasquip.com\/#\/schema\/logo\/image\/"},"sameAs":["https:\/\/www.facebook.com\/gasquiptx","https:\/\/www.linkedin.com\/company\/gasquip.com","https:\/\/www.youtube.com\/channel\/UCUCicTtyc2zeJMcj5NMA0Ww"]}]}},"_links":{"self":[{"href":"https:\/\/gasquip.com\/fr\/wp-json\/wp\/v2\/product\/3837","targetHints":{"allow":["GET"]}}],"collection":[{"href":"https:\/\/gasquip.com\/fr\/wp-json\/wp\/v2\/product"}],"about":[{"href":"https:\/\/gasquip.com\/fr\/wp-json\/wp\/v2\/types\/product"}],"version-history":[{"count":4,"href":"https:\/\/gasquip.com\/fr\/wp-json\/wp\/v2\/product\/3837\/revisions"}],"predecessor-version":[{"id":13323,"href":"https:\/\/gasquip.com\/fr\/wp-json\/wp\/v2\/product\/3837\/revisions\/13323"}],"wp:featuredmedia":[{"embeddable":true,"href":"https:\/\/gasquip.com\/fr\/wp-json\/wp\/v2\/media\/7661"}],"wp:attachment":[{"href":"https:\/\/gasquip.com\/fr\/wp-json\/wp\/v2\/media?parent=3837"}],"wp:term":[{"taxonomy":"product_brand","embeddable":true,"href":"https:\/\/gasquip.com\/fr\/wp-json\/wp\/v2\/product_brand?post=3837"},{"taxonomy":"product_cat","embeddable":true,"href":"https:\/\/gasquip.com\/fr\/wp-json\/wp\/v2\/product_cat?post=3837"},{"taxonomy":"product_tag","embeddable":true,"href":"https:\/\/gasquip.com\/fr\/wp-json\/wp\/v2\/product_tag?post=3837"}],"curies":[{"name":"wp","href":"https:\/\/api.w.org\/{rel}","templated":true}]}}