{"id":6084,"date":"2021-09-24T22:16:13","date_gmt":"2021-09-24T22:16:13","guid":{"rendered":"https:\/\/gasquip.com\/?post_type=product&#038;p=6084"},"modified":"2024-09-26T16:49:45","modified_gmt":"2024-09-26T16:49:45","slug":"kit-de-gaz-detalonnage-pour-analyseur","status":"publish","type":"product","link":"https:\/\/gasquip.com\/fr\/product\/analyzer-calibration-gas-kit\/","title":{"rendered":"Analyzer Verification Gas Kit"},"content":{"rendered":"<p>The GasQuip Analyzer Verification Gas Kit is an important accessory to any brand of SF6 analyzer. When operating an SF6 analyzer, it&#8217;s vital to know that your device is giving you accurate readings. Checking your device with certified gas mixtures is a simple way to verify that your analyzer is functioning within the specified tolerances. This kit is compatible with any SF6 analyzer, and other gas mixtures are available upon request. This kit is not intended for performing calibrations, only verifying within a certain range.<\/p>\n<h3><strong>Ce qui est inclu<\/strong><\/h3>\n<ul>\n<li>SF6, cylindre de 58 L, puret\u00e9 99.99%<\/li>\n<li>H2O, bouteille de 58 L, 200 ppm (gaz vecteur azote)<\/li>\n<li>SO2, bouteille de 58 L, 75 ppm (gaz vecteur azote)<\/li>\n<li>R\u00e9gulateur C-10 avec adaptateur \u00e0 d\u00e9connexion rapide (pression de sortie 50 PSI, d\u00e9bit 6 LPM)<\/li>\n<li>Mallette de transport pour trois bouteilles de 58 L et r\u00e9gulateur<\/li>\n<\/ul>\n<h3><strong>La n\u00e9cessit\u00e9 d&#039;un analyseur SF6 pr\u00e9cis <\/strong><\/h3>\n<p><span data-tt=\"{&quot;paragraphStyle&quot;:{&quot;alignment&quot;:4,&quot;writingDirection&quot;:1}}\">L\u2019analyse du gaz SF6 a toujours \u00e9t\u00e9 une \u00e9tape importante dans la maintenance des \u00e9quipements isol\u00e9s au gaz (GIE). L\u2019outil de choix des services publics d\u2019\u00e9lectricit\u00e9 et des entrepreneurs a toujours \u00e9t\u00e9 une version d\u2019un analyseur SF6 portable. Ces analyseurs permettent \u00e0 un op\u00e9rateur de se connecter rapidement \u00e0 un \u00e9quipement SF6 et de comprendre la composition du gaz en quelques minutes. Les tests les plus courants analyseront la puret\u00e9 du gaz SF6 en pourcentage, la quantit\u00e9 de SO2 en termes de PPM et la teneur en humidit\u00e9 mesur\u00e9e en point de ros\u00e9e. Si ces valeurs ne correspondent pas \u00e0 la plage recommand\u00e9e par le fabricant, l&#039;\u00e9quipement risque d&#039;\u00eatre gravement endommag\u00e9. Bien entendu, cela peut entra\u00eener d\u2019\u00e9normes charges financi\u00e8res pour remplacer l\u2019\u00e9quipement endommag\u00e9. <\/span><\/p>\n<p>&nbsp;<\/p>\n<h3><strong>Analyseur SF6 hors tol\u00e9rance <\/strong><\/h3>\n<p><span data-tt=\"{&quot;paragraphStyle&quot;:{&quot;alignment&quot;:4,&quot;writingDirection&quot;:1}}\">Confucius a dit un jour : \u00ab Si un artisan veut faire du bon travail, il doit aff\u00fbter ses outils \u00bb. La question se pose alors\u00a0: comment savoir si mon outil doit \u00eatre aff\u00fbt\u00e9\u00a0? Votre analyseur peut avoir exactement le m\u00eame aspect depuis le jour o\u00f9 vous l&#039;avez achet\u00e9 (moins l&#039;\u00e9cran fissur\u00e9 parce que vous avez laiss\u00e9 tomber votre cl\u00e9 \u00e0 molette dessus). Il peut donc \u00eatre difficile de savoir si votre appareil fonctionne toujours comme pr\u00e9vu sans disposer d&#039;un point de r\u00e9f\u00e9rence pour le tester. C&#039;est l\u00e0 que nous intervenons <\/span><\/p>\n<p>&nbsp;<\/p>\n<h3><strong>Gaz de v\u00e9rification <\/strong><\/h3>\n<p><span data-tt=\"{&quot;paragraphStyle&quot;:{&quot;alignment&quot;:4,&quot;writingDirection&quot;:1}}\">Gr\u00e2ce \u00e0 notre kit de v\u00e9rification des gaz, vous pouvez connecter des gaz calibr\u00e9s directement \u00e0 votre analyseur. Par exemple, vous pouvez brancher la bouteille de SF6 pur et r\u00e9aliser un test sur votre analyseur. Si votre appareil affiche 94% SF6 alors qu&#039;il devrait afficher 99.9%, il est temps d&#039;envoyer l&#039;appareil pour r\u00e9paration au fabricant. Nous vous recommandons d&#039;utiliser ce kit pour v\u00e9rifier \u00e0 tout moment que votre analyseur est en tol\u00e9rance. <\/span><\/p>","protected":false},"excerpt":{"rendered":"<p>Notre kit de gaz d&#039;\u00e9talonnage pour analyseur peut \u00eatre utilis\u00e9 pour v\u00e9rifier si les capteurs d&#039;une marque de l&#039;analyseur SF6 fonctionnent dans les tol\u00e9rances sp\u00e9cifi\u00e9es. M\u00e9langes de bouteilles de gaz certifi\u00e9s SF6, H2O et SO2.<\/p>","protected":false},"featured_media":6087,"template":"","meta":{"content-type":""},"product_brand":[],"product_cat":[152],"product_tag":[],"class_list":{"0":"post-6084","1":"product","2":"type-product","3":"status-publish","4":"has-post-thumbnail","6":"product_cat-flex-accessories","8":"first","9":"instock","10":"taxable","11":"shipping-taxable","12":"purchasable","13":"product-type-simple"},"yoast_head":"<!-- This site is optimized with the Yoast SEO plugin v27.3 - https:\/\/yoast.com\/product\/yoast-seo-wordpress\/ -->\n<title>SF6 Analyzer Verification Gas Kit - GasQuip<\/title>\n<meta name=\"description\" content=\"Our analyzer calibration gas kit can be used to check if any brand of SF6 analyzer&#039;s sensors are operating within the specified tolerances.\" \/>\n<meta name=\"robots\" content=\"index, follow, max-snippet:-1, max-image-preview:large, max-video-preview:-1\" \/>\n<link rel=\"canonical\" href=\"https:\/\/gasquip.com\/fr\/produit\/kit-de-gaz-detalonnage-pour-analyseur\/\" \/>\n<meta property=\"og:locale\" content=\"fr_FR\" \/>\n<meta property=\"og:type\" content=\"article\" \/>\n<meta property=\"og:title\" content=\"SF6 Analyzer Verification Gas Kit - GasQuip\" \/>\n<meta property=\"og:description\" content=\"Our analyzer calibration gas kit can be used to check if any brand of SF6 analyzer&#039;s sensors are operating within the specified tolerances.\" \/>\n<meta property=\"og:url\" content=\"https:\/\/gasquip.com\/fr\/produit\/kit-de-gaz-detalonnage-pour-analyseur\/\" \/>\n<meta property=\"og:site_name\" content=\"GasQuip\" \/>\n<meta property=\"article:publisher\" content=\"https:\/\/www.facebook.com\/gasquiptx\" \/>\n<meta property=\"article:modified_time\" content=\"2024-09-26T16:49:45+00:00\" \/>\n<meta property=\"og:image\" content=\"https:\/\/gasquip.com\/wp-content\/uploads\/2021\/09\/Analyzer-Calibration-Gas-Kit-1.jpg\" \/>\n\t<meta property=\"og:image:width\" content=\"1024\" \/>\n\t<meta property=\"og:image:height\" content=\"1024\" \/>\n\t<meta property=\"og:image:type\" content=\"image\/jpeg\" \/>\n<meta name=\"twitter:card\" content=\"summary_large_image\" \/>\n<meta name=\"twitter:label1\" content=\"Dur\u00e9e de lecture estim\u00e9e\" \/>\n\t<meta name=\"twitter:data1\" content=\"3 minutes\" \/>\n<script type=\"application\/ld+json\" class=\"yoast-schema-graph\">{\"@context\":\"https:\\\/\\\/schema.org\",\"@graph\":[{\"@type\":\"WebPage\",\"@id\":\"https:\\\/\\\/gasquip.com\\\/es\\\/producto\\\/kit-de-gas-de-calibracion-del-analizador\\\/\",\"url\":\"https:\\\/\\\/gasquip.com\\\/es\\\/producto\\\/kit-de-gas-de-calibracion-del-analizador\\\/\",\"name\":\"SF6 Analyzer Verification Gas Kit - GasQuip\",\"isPartOf\":{\"@id\":\"https:\\\/\\\/gasquip.com\\\/#website\"},\"primaryImageOfPage\":{\"@id\":\"https:\\\/\\\/gasquip.com\\\/es\\\/producto\\\/kit-de-gas-de-calibracion-del-analizador\\\/#primaryimage\"},\"image\":{\"@id\":\"https:\\\/\\\/gasquip.com\\\/es\\\/producto\\\/kit-de-gas-de-calibracion-del-analizador\\\/#primaryimage\"},\"thumbnailUrl\":\"https:\\\/\\\/gasquip.com\\\/wp-content\\\/uploads\\\/2021\\\/09\\\/Analyzer-Calibration-Gas-Kit-1.jpg\",\"datePublished\":\"2021-09-24T22:16:13+00:00\",\"dateModified\":\"2024-09-26T16:49:45+00:00\",\"description\":\"Our analyzer calibration gas kit can be used to check if any brand of SF6 analyzer's sensors are operating within the specified tolerances.\",\"breadcrumb\":{\"@id\":\"https:\\\/\\\/gasquip.com\\\/es\\\/producto\\\/kit-de-gas-de-calibracion-del-analizador\\\/#breadcrumb\"},\"inLanguage\":\"fr-FR\",\"potentialAction\":[{\"@type\":\"ReadAction\",\"target\":[\"https:\\\/\\\/gasquip.com\\\/es\\\/producto\\\/kit-de-gas-de-calibracion-del-analizador\\\/\"]}]},{\"@type\":\"ImageObject\",\"inLanguage\":\"fr-FR\",\"@id\":\"https:\\\/\\\/gasquip.com\\\/es\\\/producto\\\/kit-de-gas-de-calibracion-del-analizador\\\/#primaryimage\",\"url\":\"https:\\\/\\\/gasquip.com\\\/wp-content\\\/uploads\\\/2021\\\/09\\\/Analyzer-Calibration-Gas-Kit-1.jpg\",\"contentUrl\":\"https:\\\/\\\/gasquip.com\\\/wp-content\\\/uploads\\\/2021\\\/09\\\/Analyzer-Calibration-Gas-Kit-1.jpg\",\"width\":1024,\"height\":1024,\"caption\":\"SF6 Analyzer Calibration Gas Kit\"},{\"@type\":\"BreadcrumbList\",\"@id\":\"https:\\\/\\\/gasquip.com\\\/es\\\/producto\\\/kit-de-gas-de-calibracion-del-analizador\\\/#breadcrumb\",\"itemListElement\":[{\"@type\":\"ListItem\",\"position\":1,\"name\":\"Home\",\"item\":\"https:\\\/\\\/gasquip.com\\\/\"},{\"@type\":\"ListItem\",\"position\":2,\"name\":\"products\",\"item\":\"https:\\\/\\\/gasquip.com\\\/products-3\\\/\"},{\"@type\":\"ListItem\",\"position\":3,\"name\":\"Analyzer Verification Gas Kit\"}]},{\"@type\":\"WebSite\",\"@id\":\"https:\\\/\\\/gasquip.com\\\/#website\",\"url\":\"https:\\\/\\\/gasquip.com\\\/\",\"name\":\"GasQuip\",\"description\":\"SF6 Gas Equipment\",\"publisher\":{\"@id\":\"https:\\\/\\\/gasquip.com\\\/#organization\"},\"potentialAction\":[{\"@type\":\"SearchAction\",\"target\":{\"@type\":\"EntryPoint\",\"urlTemplate\":\"https:\\\/\\\/gasquip.com\\\/?s={search_term_string}\"},\"query-input\":{\"@type\":\"PropertyValueSpecification\",\"valueRequired\":true,\"valueName\":\"search_term_string\"}}],\"inLanguage\":\"fr-FR\"},{\"@type\":\"Organization\",\"@id\":\"https:\\\/\\\/gasquip.com\\\/#organization\",\"name\":\"GasQuip\",\"url\":\"https:\\\/\\\/gasquip.com\\\/\",\"logo\":{\"@type\":\"ImageObject\",\"inLanguage\":\"fr-FR\",\"@id\":\"https:\\\/\\\/gasquip.com\\\/#\\\/schema\\\/logo\\\/image\\\/\",\"url\":\"https:\\\/\\\/gasquip.com\\\/wp-content\\\/uploads\\\/2020\\\/10\\\/Logo-Original-PNG-Cropped.png\",\"contentUrl\":\"https:\\\/\\\/gasquip.com\\\/wp-content\\\/uploads\\\/2020\\\/10\\\/Logo-Original-PNG-Cropped.png\",\"width\":2819,\"height\":702,\"caption\":\"GasQuip\"},\"image\":{\"@id\":\"https:\\\/\\\/gasquip.com\\\/#\\\/schema\\\/logo\\\/image\\\/\"},\"sameAs\":[\"https:\\\/\\\/www.facebook.com\\\/gasquiptx\",\"https:\\\/\\\/www.linkedin.com\\\/company\\\/gasquip.com\",\"https:\\\/\\\/www.youtube.com\\\/channel\\\/UCUCicTtyc2zeJMcj5NMA0Ww\"]}]}<\/script>\n<!-- \/ Yoast SEO plugin. -->","yoast_head_json":{"title":"SF6 Analyzer Verification Gas Kit - GasQuip","description":"Notre kit de gaz d&#039;\u00e9talonnage pour analyseur peut \u00eatre utilis\u00e9 pour v\u00e9rifier si les capteurs d&#039;une marque de l&#039;analyseur SF6 fonctionnent dans les tol\u00e9rances sp\u00e9cifi\u00e9es.","robots":{"index":"index","follow":"follow","max-snippet":"max-snippet:-1","max-image-preview":"max-image-preview:large","max-video-preview":"max-video-preview:-1"},"canonical":"https:\/\/gasquip.com\/fr\/produit\/kit-de-gaz-detalonnage-pour-analyseur\/","og_locale":"fr_FR","og_type":"article","og_title":"SF6 Analyzer Verification Gas Kit - GasQuip","og_description":"Our analyzer calibration gas kit can be used to check if any brand of SF6 analyzer's sensors are operating within the specified tolerances.","og_url":"https:\/\/gasquip.com\/fr\/produit\/kit-de-gaz-detalonnage-pour-analyseur\/","og_site_name":"GasQuip","article_publisher":"https:\/\/www.facebook.com\/gasquiptx","article_modified_time":"2024-09-26T16:49:45+00:00","og_image":[{"width":1024,"height":1024,"url":"https:\/\/gasquip.com\/wp-content\/uploads\/2021\/09\/Analyzer-Calibration-Gas-Kit-1.jpg","type":"image\/jpeg"}],"twitter_card":"summary_large_image","twitter_misc":{"Dur\u00e9e de lecture estim\u00e9e":"3 minutes"},"schema":{"@context":"https:\/\/schema.org","@graph":[{"@type":"WebPage","@id":"https:\/\/gasquip.com\/es\/producto\/kit-de-gas-de-calibracion-del-analizador\/","url":"https:\/\/gasquip.com\/es\/producto\/kit-de-gas-de-calibracion-del-analizador\/","name":"SF6 Analyzer Verification Gas Kit - GasQuip","isPartOf":{"@id":"https:\/\/gasquip.com\/#website"},"primaryImageOfPage":{"@id":"https:\/\/gasquip.com\/es\/producto\/kit-de-gas-de-calibracion-del-analizador\/#primaryimage"},"image":{"@id":"https:\/\/gasquip.com\/es\/producto\/kit-de-gas-de-calibracion-del-analizador\/#primaryimage"},"thumbnailUrl":"https:\/\/gasquip.com\/wp-content\/uploads\/2021\/09\/Analyzer-Calibration-Gas-Kit-1.jpg","datePublished":"2021-09-24T22:16:13+00:00","dateModified":"2024-09-26T16:49:45+00:00","description":"Notre kit de gaz d&#039;\u00e9talonnage pour analyseur peut \u00eatre utilis\u00e9 pour v\u00e9rifier si les capteurs d&#039;une marque de l&#039;analyseur SF6 fonctionnent dans les tol\u00e9rances sp\u00e9cifi\u00e9es.","breadcrumb":{"@id":"https:\/\/gasquip.com\/es\/producto\/kit-de-gas-de-calibracion-del-analizador\/#breadcrumb"},"inLanguage":"fr-FR","potentialAction":[{"@type":"ReadAction","target":["https:\/\/gasquip.com\/es\/producto\/kit-de-gas-de-calibracion-del-analizador\/"]}]},{"@type":"ImageObject","inLanguage":"fr-FR","@id":"https:\/\/gasquip.com\/es\/producto\/kit-de-gas-de-calibracion-del-analizador\/#primaryimage","url":"https:\/\/gasquip.com\/wp-content\/uploads\/2021\/09\/Analyzer-Calibration-Gas-Kit-1.jpg","contentUrl":"https:\/\/gasquip.com\/wp-content\/uploads\/2021\/09\/Analyzer-Calibration-Gas-Kit-1.jpg","width":1024,"height":1024,"caption":"SF6 Analyzer Calibration Gas Kit"},{"@type":"BreadcrumbList","@id":"https:\/\/gasquip.com\/es\/producto\/kit-de-gas-de-calibracion-del-analizador\/#breadcrumb","itemListElement":[{"@type":"ListItem","position":1,"name":"Home","item":"https:\/\/gasquip.com\/"},{"@type":"ListItem","position":2,"name":"products","item":"https:\/\/gasquip.com\/products-3\/"},{"@type":"ListItem","position":3,"name":"Analyzer Verification Gas Kit"}]},{"@type":"WebSite","@id":"https:\/\/gasquip.com\/#website","url":"https:\/\/gasquip.com\/","name":"GazQuip","description":"\u00c9quipement de gaz SF6","publisher":{"@id":"https:\/\/gasquip.com\/#organization"},"potentialAction":[{"@type":"SearchAction","target":{"@type":"EntryPoint","urlTemplate":"https:\/\/gasquip.com\/?s={search_term_string}"},"query-input":{"@type":"PropertyValueSpecification","valueRequired":true,"valueName":"search_term_string"}}],"inLanguage":"fr-FR"},{"@type":"Organization","@id":"https:\/\/gasquip.com\/#organization","name":"GazQuip","url":"https:\/\/gasquip.com\/","logo":{"@type":"ImageObject","inLanguage":"fr-FR","@id":"https:\/\/gasquip.com\/#\/schema\/logo\/image\/","url":"https:\/\/gasquip.com\/wp-content\/uploads\/2020\/10\/Logo-Original-PNG-Cropped.png","contentUrl":"https:\/\/gasquip.com\/wp-content\/uploads\/2020\/10\/Logo-Original-PNG-Cropped.png","width":2819,"height":702,"caption":"GasQuip"},"image":{"@id":"https:\/\/gasquip.com\/#\/schema\/logo\/image\/"},"sameAs":["https:\/\/www.facebook.com\/gasquiptx","https:\/\/www.linkedin.com\/company\/gasquip.com","https:\/\/www.youtube.com\/channel\/UCUCicTtyc2zeJMcj5NMA0Ww"]}]}},"_links":{"self":[{"href":"https:\/\/gasquip.com\/fr\/wp-json\/wp\/v2\/product\/6084","targetHints":{"allow":["GET"]}}],"collection":[{"href":"https:\/\/gasquip.com\/fr\/wp-json\/wp\/v2\/product"}],"about":[{"href":"https:\/\/gasquip.com\/fr\/wp-json\/wp\/v2\/types\/product"}],"version-history":[{"count":1,"href":"https:\/\/gasquip.com\/fr\/wp-json\/wp\/v2\/product\/6084\/revisions"}],"predecessor-version":[{"id":9713,"href":"https:\/\/gasquip.com\/fr\/wp-json\/wp\/v2\/product\/6084\/revisions\/9713"}],"wp:featuredmedia":[{"embeddable":true,"href":"https:\/\/gasquip.com\/fr\/wp-json\/wp\/v2\/media\/6087"}],"wp:attachment":[{"href":"https:\/\/gasquip.com\/fr\/wp-json\/wp\/v2\/media?parent=6084"}],"wp:term":[{"taxonomy":"product_brand","embeddable":true,"href":"https:\/\/gasquip.com\/fr\/wp-json\/wp\/v2\/product_brand?post=6084"},{"taxonomy":"product_cat","embeddable":true,"href":"https:\/\/gasquip.com\/fr\/wp-json\/wp\/v2\/product_cat?post=6084"},{"taxonomy":"product_tag","embeddable":true,"href":"https:\/\/gasquip.com\/fr\/wp-json\/wp\/v2\/product_tag?post=6084"}],"curies":[{"name":"wp","href":"https:\/\/api.w.org\/{rel}","templated":true}]}}