{"id":3514,"date":"2020-04-28T13:35:56","date_gmt":"2020-04-28T13:35:56","guid":{"rendered":"https:\/\/uxlthemes.com\/demo\/azuma\/?page_id=3514"},"modified":"2020-11-11T16:27:23","modified_gmt":"2020-11-11T16:27:23","slug":"cabecalho-transparente","status":"publish","type":"page","link":"https:\/\/gasquip.com\/pt\/transparent-header\/","title":{"rendered":"Cabe\u00e7alho Transparente"},"content":{"rendered":"<div class=\"wp-block-cover alignfull has-background-dim has-background-gradient\" style=\"background:linear-gradient(135deg,rgb(45,54,76) 0%,rgb(107,124,167) 100%)\"><div class=\"wp-block-cover__inner-container is-layout-flow wp-block-cover-is-layout-flow\">\n<p class=\"has-text-align-center has-huge-font-size\">Bloco de cobertura<\/p>\n\n\n\n<div style=\"height:20px\" aria-hidden=\"true\" class=\"wp-block-spacer\"><\/div>\n\n\n\n<div class=\"wp-block-buttons aligncenter is-layout-flex wp-block-buttons-is-layout-flex\">\n<div class=\"wp-block-button\"><a class=\"wp-block-button__link has-background has-custom-color-2-background-color\" href=\"\/\/uxlthemes.com\/theme\/azuma\/\" target=\"_blank\" rel=\"noreferrer noopener\">Download<\/a><\/div>\n\n\n\n<div class=\"wp-block-button\"><a class=\"wp-block-button__link\" href=\"\/\/uxlthemes.com\/theme\/azuma-pro\/\" target=\"_blank\" rel=\"noreferrer noopener\">Torne-se profissional<\/a><\/div>\n<\/div>\n\n\n\n<div style=\"height:20px\" aria-hidden=\"true\" class=\"wp-block-spacer\"><\/div>\n\n\n\n<p class=\"has-text-align-center\">Este \u00e9 um Cover Block com uma sobreposi\u00e7\u00e3o de cor gradiente, dois bot\u00f5es e um pequeno par\u00e1grafo de texto.<\/p>\n<\/div><\/div>\n\n\n\n<p>Este \u00e9 o modelo de p\u00e1gina de cabe\u00e7alho transparente.<\/p>\n\n\n\n<p>O cabe\u00e7alho \u00e9 transparente e aparece no topo do conte\u00fado da p\u00e1gina e funciona bem com um bloco de capa.<\/p>\n\n\n\n<p>Ele cont\u00e9m apenas o cabe\u00e7alho e o rodap\u00e9 do site, sem t\u00edtulo de p\u00e1gina ou barra lateral, tornando o modelo de tela em branco ideal para uso com o editor de blocos.<\/p>\n\n\n\n<p>Veja tamb\u00e9m o <a href=\"httpss:\/\/uxlthemes.com\/demo\/azuma\/default-page-template\/\">modelo de p\u00e1gina padr\u00e3o<\/a>, <a href=\"httpss:\/\/uxlthemes.com\/demo\/azuma\/landing-page\/\">modelo de p\u00e1gina de destino<\/a>, e <a href=\"httpss:\/\/uxlthemes.com\/demo\/azuma\/blank-canvas\/\">modelo de p\u00e1gina em tela em branco<\/a>.<\/p>\n\n\n\n<p>Lorem ipsum dolor sit amet consectetur adipiscing, elit vehicula tempor nisl nulla, scelerisque himenaeos sagittis quisque tempus. Vel malesuada cubilia purus plateafamous condimentum hendrerit, himenaeos aliquet nec erat enim pellentesque. Sed ullamcorper eros sagitis montes fermentum dis hendrerit eleifend, magnis mus ut placerat ultrices ac at, suspendisse gravida ultricies mattis in penatibus conubia. Mi Tellus fringilla porta congue consequat posuere sempre porttitor id tortor sollicitudin, ridiculus metus inceptos ante vel neque mollis curae aenean per, luctus faucibus natoque conubia sodales interdum sociosqu aliquet lacus augue.<\/p>\n\n\n\n<p>Lacus magnis habitant eget taciti proin ornare praesent, et fermentum mi cum parturient ad gravida, class id sociis lacinia at mattis. Tortor in ligula felis condimentum tempor neque pretium, eu porta urna platea ultricies dui laoreet morbi, orci quam porttitor inteiro commodo fusce. Auctor senectus risus penatibus eros felis proin tincidunt massa neque aliquam viverra velit dictumst, ullamcorper torquent est urna tempus volutpat ridiculus blandit habitasse pharetra lacus facilisis. Fermentum nibh netus Tellus dui eros quisque, blandit metus eget ornare pellentesque porta, at justo habitant facilisis tempus.<\/p>\n\n\n\n<p>Malesuada habitant aenean sodales sollicitudin rutrum ultricies donec quam mauris, ut nisl pretium dictum ullamcorper vehicula magna hac ad augue, morbi dictumst dui habitasse cursus facilisi turpis aptent. Maecenas posuere nullam aliquet cubilia cum eu eget, congue ultricies ornare pretium libero class nisl, ut nibh ligula tortor commodo tempor. Convallis quis eu vestibulum natoque class mecenas, phasellus justo quam faucibus posuere, sociis aptent mi risus viverra. Nisi ut a quis senectus vitae, neque nam diam cras lobortis vehicula, morbi tristique fermentum primis.<\/p>\n\n\n\n<p>Ultricies sed mi inteiro comodo congue enim ante, turpis diam praesent penatibus pellentesque sapien non odio, maecenas cursus molestie felis dignissim quam. Ornare primis laoreet cubilia montes sem cursus vitae ad cum, habitant id mus morbi etiam dis pretium justo ac mauris, at torquent duis inceptos suscipit non tortor venenatis. Facilisi turpis hendrerit euismod mollis interdum pretium, dis metus curae cum iaculis pharetra, dictum at accumsan morbi commodo.<\/p>","protected":false},"excerpt":{"rendered":"<p>This is the transparent header page template. The header is transparent and appears on top of the page content, and works well with a cover block. It contains only the site masthead and footer, with no page title or sidebar, making the blank canvas template ideal for use with the block editor. See also the [&hellip;]<\/p>\n","protected":false},"author":1,"featured_media":0,"parent":0,"menu_order":0,"comment_status":"closed","ping_status":"closed","template":"","meta":{"content-type":"","footnotes":""},"class_list":["post-3514","page","type-page","status-publish","hentry"],"yoast_head":"<!-- This site is optimized with the Yoast SEO plugin v27.4 - https:\/\/yoast.com\/product\/yoast-seo-wordpress\/ -->\n<title>Transparent Header - GasQuip<\/title>\n<meta name=\"robots\" content=\"index, follow, max-snippet:-1, max-image-preview:large, max-video-preview:-1\" \/>\n<link rel=\"canonical\" href=\"https:\/\/gasquip.com\/pt\/cabecalho-transparente\/\" \/>\n<meta property=\"og:locale\" content=\"pt_BR\" \/>\n<meta property=\"og:type\" content=\"article\" \/>\n<meta property=\"og:title\" content=\"Transparent Header - GasQuip\" \/>\n<meta property=\"og:description\" content=\"This is the transparent header page template. The header is transparent and appears on top of the page content, and works well with a cover block. It contains only the site masthead and footer, with no page title or sidebar, making the blank canvas template ideal for use with the block editor. See also the [&hellip;]\" \/>\n<meta property=\"og:url\" content=\"https:\/\/gasquip.com\/pt\/cabecalho-transparente\/\" \/>\n<meta property=\"og:site_name\" content=\"GasQuip\" \/>\n<meta property=\"article:publisher\" content=\"https:\/\/www.facebook.com\/gasquiptx\" \/>\n<meta property=\"article:modified_time\" content=\"2020-11-11T16:27:23+00:00\" \/>\n<meta name=\"twitter:card\" content=\"summary_large_image\" \/>\n<meta name=\"twitter:label1\" content=\"Est. tempo de leitura\" \/>\n\t<meta name=\"twitter:data1\" content=\"2 minutos\" \/>\n<script type=\"application\/ld+json\" class=\"yoast-schema-graph\">{\"@context\":\"https:\\\/\\\/schema.org\",\"@graph\":[{\"@type\":\"WebPage\",\"@id\":\"https:\\\/\\\/gasquip.com\\\/transparent-header\\\/\",\"url\":\"https:\\\/\\\/gasquip.com\\\/transparent-header\\\/\",\"name\":\"Transparent Header - GasQuip\",\"isPartOf\":{\"@id\":\"https:\\\/\\\/gasquip.com\\\/#website\"},\"datePublished\":\"2020-04-28T13:35:56+00:00\",\"dateModified\":\"2020-11-11T16:27:23+00:00\",\"breadcrumb\":{\"@id\":\"https:\\\/\\\/gasquip.com\\\/transparent-header\\\/#breadcrumb\"},\"inLanguage\":\"pt-BR\",\"potentialAction\":[{\"@type\":\"ReadAction\",\"target\":[\"https:\\\/\\\/gasquip.com\\\/transparent-header\\\/\"]}]},{\"@type\":\"BreadcrumbList\",\"@id\":\"https:\\\/\\\/gasquip.com\\\/transparent-header\\\/#breadcrumb\",\"itemListElement\":[{\"@type\":\"ListItem\",\"position\":1,\"name\":\"Home\",\"item\":\"https:\\\/\\\/gasquip.com\\\/\"},{\"@type\":\"ListItem\",\"position\":2,\"name\":\"Transparent Header\"}]},{\"@type\":\"WebSite\",\"@id\":\"https:\\\/\\\/gasquip.com\\\/#website\",\"url\":\"https:\\\/\\\/gasquip.com\\\/\",\"name\":\"GasQuip\",\"description\":\"SF6 Gas Equipment\",\"publisher\":{\"@id\":\"https:\\\/\\\/gasquip.com\\\/#organization\"},\"potentialAction\":[{\"@type\":\"SearchAction\",\"target\":{\"@type\":\"EntryPoint\",\"urlTemplate\":\"https:\\\/\\\/gasquip.com\\\/?s={search_term_string}\"},\"query-input\":{\"@type\":\"PropertyValueSpecification\",\"valueRequired\":true,\"valueName\":\"search_term_string\"}}],\"inLanguage\":\"pt-BR\"},{\"@type\":\"Organization\",\"@id\":\"https:\\\/\\\/gasquip.com\\\/#organization\",\"name\":\"GasQuip\",\"url\":\"https:\\\/\\\/gasquip.com\\\/\",\"logo\":{\"@type\":\"ImageObject\",\"inLanguage\":\"pt-BR\",\"@id\":\"https:\\\/\\\/gasquip.com\\\/#\\\/schema\\\/logo\\\/image\\\/\",\"url\":\"https:\\\/\\\/gasquip.com\\\/wp-content\\\/uploads\\\/2020\\\/10\\\/Logo-Original-PNG-Cropped.png\",\"contentUrl\":\"https:\\\/\\\/gasquip.com\\\/wp-content\\\/uploads\\\/2020\\\/10\\\/Logo-Original-PNG-Cropped.png\",\"width\":2819,\"height\":702,\"caption\":\"GasQuip\"},\"image\":{\"@id\":\"https:\\\/\\\/gasquip.com\\\/#\\\/schema\\\/logo\\\/image\\\/\"},\"sameAs\":[\"https:\\\/\\\/www.facebook.com\\\/gasquiptx\",\"https:\\\/\\\/www.linkedin.com\\\/company\\\/gasquip.com\",\"https:\\\/\\\/www.youtube.com\\\/channel\\\/UCUCicTtyc2zeJMcj5NMA0Ww\"]}]}<\/script>\n<!-- \/ Yoast SEO plugin. -->","yoast_head_json":{"title":"Transparent Header - GasQuip","robots":{"index":"index","follow":"follow","max-snippet":"max-snippet:-1","max-image-preview":"max-image-preview:large","max-video-preview":"max-video-preview:-1"},"canonical":"https:\/\/gasquip.com\/pt\/cabecalho-transparente\/","og_locale":"pt_BR","og_type":"article","og_title":"Transparent Header - GasQuip","og_description":"This is the transparent header page template. The header is transparent and appears on top of the page content, and works well with a cover block. It contains only the site masthead and footer, with no page title or sidebar, making the blank canvas template ideal for use with the block editor. See also the [&hellip;]","og_url":"https:\/\/gasquip.com\/pt\/cabecalho-transparente\/","og_site_name":"GasQuip","article_publisher":"https:\/\/www.facebook.com\/gasquiptx","article_modified_time":"2020-11-11T16:27:23+00:00","twitter_card":"summary_large_image","twitter_misc":{"Est. tempo de leitura":"2 minutos"},"schema":{"@context":"https:\/\/schema.org","@graph":[{"@type":"WebPage","@id":"https:\/\/gasquip.com\/transparent-header\/","url":"https:\/\/gasquip.com\/transparent-header\/","name":"Transparent Header - GasQuip","isPartOf":{"@id":"https:\/\/gasquip.com\/#website"},"datePublished":"2020-04-28T13:35:56+00:00","dateModified":"2020-11-11T16:27:23+00:00","breadcrumb":{"@id":"https:\/\/gasquip.com\/transparent-header\/#breadcrumb"},"inLanguage":"pt-BR","potentialAction":[{"@type":"ReadAction","target":["https:\/\/gasquip.com\/transparent-header\/"]}]},{"@type":"BreadcrumbList","@id":"https:\/\/gasquip.com\/transparent-header\/#breadcrumb","itemListElement":[{"@type":"ListItem","position":1,"name":"Home","item":"https:\/\/gasquip.com\/"},{"@type":"ListItem","position":2,"name":"Transparent Header"}]},{"@type":"WebSite","@id":"https:\/\/gasquip.com\/#website","url":"https:\/\/gasquip.com\/","name":"G\u00e1sQuip","description":"Equipamento de g\u00e1s SF6","publisher":{"@id":"https:\/\/gasquip.com\/#organization"},"potentialAction":[{"@type":"SearchAction","target":{"@type":"EntryPoint","urlTemplate":"https:\/\/gasquip.com\/?s={search_term_string}"},"query-input":{"@type":"PropertyValueSpecification","valueRequired":true,"valueName":"search_term_string"}}],"inLanguage":"pt-BR"},{"@type":"Organization","@id":"https:\/\/gasquip.com\/#organization","name":"G\u00e1sQuip","url":"https:\/\/gasquip.com\/","logo":{"@type":"ImageObject","inLanguage":"pt-BR","@id":"https:\/\/gasquip.com\/#\/schema\/logo\/image\/","url":"https:\/\/gasquip.com\/wp-content\/uploads\/2020\/10\/Logo-Original-PNG-Cropped.png","contentUrl":"https:\/\/gasquip.com\/wp-content\/uploads\/2020\/10\/Logo-Original-PNG-Cropped.png","width":2819,"height":702,"caption":"GasQuip"},"image":{"@id":"https:\/\/gasquip.com\/#\/schema\/logo\/image\/"},"sameAs":["https:\/\/www.facebook.com\/gasquiptx","https:\/\/www.linkedin.com\/company\/gasquip.com","https:\/\/www.youtube.com\/channel\/UCUCicTtyc2zeJMcj5NMA0Ww"]}]}},"_links":{"self":[{"href":"https:\/\/gasquip.com\/pt\/wp-json\/wp\/v2\/pages\/3514","targetHints":{"allow":["GET"]}}],"collection":[{"href":"https:\/\/gasquip.com\/pt\/wp-json\/wp\/v2\/pages"}],"about":[{"href":"https:\/\/gasquip.com\/pt\/wp-json\/wp\/v2\/types\/page"}],"author":[{"embeddable":true,"href":"https:\/\/gasquip.com\/pt\/wp-json\/wp\/v2\/users\/1"}],"replies":[{"embeddable":true,"href":"https:\/\/gasquip.com\/pt\/wp-json\/wp\/v2\/comments?post=3514"}],"version-history":[{"count":0,"href":"https:\/\/gasquip.com\/pt\/wp-json\/wp\/v2\/pages\/3514\/revisions"}],"wp:attachment":[{"href":"https:\/\/gasquip.com\/pt\/wp-json\/wp\/v2\/media?parent=3514"}],"curies":[{"name":"wp","href":"https:\/\/api.w.org\/{rel}","templated":true}]}}