{"id":3835,"date":"2020-08-27T19:03:17","date_gmt":"2020-08-27T19:03:17","guid":{"rendered":"https:\/\/gasquip.com\/?post_type=product&#038;p=3835"},"modified":"2026-01-29T17:34:29","modified_gmt":"2026-01-29T17:34:29","slug":"kit-adaptador-dn20-para-carrinho-de-gas-sf6","status":"publish","type":"product","link":"https:\/\/gasquip.com\/pt\/product\/sf6-gas-cart-dn20-adapter-kit\/","title":{"rendered":"Kit adaptador DN20 para carrinho de g\u00e1s SF6"},"content":{"rendered":"<h2>Caracter\u00edsticas do kit adaptador DN20 do carrinho de g\u00e1s SF6:<\/h2>\n<ul>\n<li>Recortes e etiquetas de espuma personalizados<\/li>\n<li>Caixa SKB resistente e \u00e0 prova d&#039;\u00e1gua com trava dupla<\/li>\n<li>Acess\u00f3rios italianos cortados a laser SF6<\/li>\n<li>Regulador de enchimento inclu\u00eddo para recargas<\/li>\n<\/ul>\n<h2>Adaptadores inclu\u00eddos:<\/h2>\n<ul>\n<li>DN20 Macho para 3\/8\u201d F\u00eamea NPT<\/li>\n<li>DN20 Macho para 1 1\/4\u201d JIC F\u00eamea<\/li>\n<li>DN20 Macho para 1\u201d Macho NPT<\/li>\n<li>DN20 Macho para DN8 F\u00eamea<\/li>\n<li>DN20 Masculino para Malmquist Feminino<\/li>\n<li>Cilindro DN20M para SF6<\/li>\n<li>DN20 Macho para DN20 Macho<\/li>\n<\/ul>\n<h2>Quais carrinhos e equipamentos de g\u00e1s SF6 podem ser usados com isso?<\/h2>\n<ul>\n<li><a href=\"https:\/\/us.dilo.com\/sf6-gas\/products\">Dilo<\/a> reboques, carrinhos, carrinhos e outros dispositivos de enchimento<\/li>\n<li><a href=\"http:\/\/www.enervac.com\/sf6-gas-servicing-equipment\">Enervac<\/a> reboques, carrinhos, carrinhos e outros dispositivos de enchimento<\/li>\n<li><a href=\"https:\/\/www.wika.us\/gfu08_b_gfu08_c_gfu08_e_gfu08_w_en_co.WIKA\">Wiki<\/a> reboques, carrinhos, carrinhos e outros dispositivos de enchimento<\/li>\n<li>Outros fabricantes de carrinhos de g\u00e1s SF6<\/li>\n<\/ul>\n<h2>Por que um kit adaptador?<\/h2>\n<p>Nosso kit de acess\u00f3rios para analisador SF6 ajuda a eliminar a busca constante pelo acess\u00f3rio certo ao conectar um disjuntor de g\u00e1s SF6. Para saber mais sobre t\u00e9cnicas adequadas de manuseio de g\u00e1s, confira nosso <a href=\"https:\/\/gasquip.com\/pt\/blog\/\">blog.\u00a0<\/a><\/p>\n<h2>Que tipos de acess\u00f3rios s\u00e3o comuns no campo?<\/h2>\n<p><strong>L\u00edngua e ranhura:<\/strong><\/p>\n<p>Esse tipo de conex\u00e3o \u00e9 comumente usado na \u00e1rea e se tornou um padr\u00e3o da ind\u00fastria. Os dois tamanhos normalmente vistos s\u00e3o DN8 e DN20. As designa\u00e7\u00f5es de tamanho 8 e 20 s\u00e3o baseadas no ID da conex\u00e3o. Essas conex\u00f5es funcionam utilizando uma veda\u00e7\u00e3o de metal com metal quando apertadas. A lingueta ou por\u00e7\u00e3o elevada pode ser encontrada dentro da v\u00e1lvula f\u00eamea e a ranhura est\u00e1 no lado macho. Esses tipos de conex\u00f5es funcionam bem quando h\u00e1 vibra\u00e7\u00e3o, sob v\u00e1cuo ou press\u00e3o positiva, e podem permanecer estanques sob uma ampla faixa de temperaturas. O bom disso \u00e9 que n\u00e3o podem ser apertados demais e podem ser reutilizados indefinidamente, mas as superf\u00edcies de veda\u00e7\u00e3o devem ser mantidas limpas.<\/p>\n<p><strong>TNP:<\/strong><\/p>\n<p>Esta conex\u00e3o estabelece uma veda\u00e7\u00e3o atrav\u00e9s do cal\u00e7o metal-metal que ocorre quando esta rosca \u00e9 apertada. Essas conex\u00f5es requerem um selante de rosca l\u00edquido ou fita de Teflon para vedar adequadamente. Depois de montados, \u00e9 melhor deix\u00e1-los juntos, pois cada vez que s\u00e3o afrouxados e apertados, desgasta as roscas e \u00e9 o meio de veda\u00e7\u00e3o. A boa not\u00edcia \u00e9 que eles est\u00e3o prontamente dispon\u00edveis, por isso \u00e9 f\u00e1cil substitu\u00ed-los caso haja vazamento.<\/p>\n<p><strong>Paralelo:<\/strong><\/p>\n<p>Essas roscas s\u00e3o vedadas na \u201cface\u201d ou na parte superior da parte rosqueada abaixo do parafuso sextavado. Alternativamente, alguns tipos vedam na \u201cnariz\u201d ou na parte inferior das roscas opostas ao parafuso sextavado. Isso \u00e9 feito usando um anel de veda\u00e7\u00e3o ou arruela colada que pode ser substitu\u00edda com o tempo. Estes n\u00e3o requerem selante de rosca. Este tipo de conex\u00e3o \u00e9 uma boa op\u00e7\u00e3o para aplica\u00e7\u00f5es que precisam ser desmontadas e montadas novamente, pois apenas a gaxeta ou arruela precisa ser substitu\u00edda caso ocorra vazamento. Tamb\u00e9m \u00e9 importante manter as superf\u00edcies de veda\u00e7\u00e3o limpas e sem danos.<\/p>\n<p><b>Acess\u00f3rios de alargamento<\/b><\/p>\n<p>Essas conex\u00f5es do tipo compress\u00e3o s\u00e3o vedadas atrav\u00e9s do contato direto de metal com metal ou com o uso de uma junta de cobre entre as duas superf\u00edcies alargadas opostas. Eles s\u00e3o comumente usados para constru\u00e7\u00e3o de mangueiras e n\u00e3o se destinam \u00e0 reutiliza\u00e7\u00e3o frequente, pois as superf\u00edcies de veda\u00e7\u00e3o come\u00e7ar\u00e3o a se desgastar e ficar c\u00f4ncavas, causando vazamentos. Eles est\u00e3o prontamente dispon\u00edveis e s\u00e3o facilmente substitu\u00eddos caso isso aconte\u00e7a.<\/p>\n<p>Lembre-se de que essas conex\u00f5es est\u00e3o dispon\u00edveis nas vers\u00f5es JIC (37 graus) e SAE (45 graus) que n\u00e3o s\u00e3o intercambi\u00e1veis. Muitos disjuntores mais antigos usam JIC como porta de conex\u00e3o de g\u00e1s. SAE s\u00e3o mais comuns na ind\u00fastria de refrigera\u00e7\u00e3o, mas podem ser encontrados em alguns quadros de distribui\u00e7\u00e3o de MT.<\/p>","protected":false},"excerpt":{"rendered":"<p>O kit adaptador SF6 Gas Cart DN20 facilita conex\u00f5es perfeitas entre carrinhos de g\u00e1s SF6 e disjuntores de fabricantes proeminentes como Siemens, ABB, GE, Schneider Electric e outros. Facilita conex\u00f5es f\u00e1ceis e seguras, reduzindo o tempo de configura\u00e7\u00e3o e garantindo um ajuste preciso para um manuseio eficaz do g\u00e1s. Ideal para concession\u00e1rias de energia el\u00e9trica que buscam um kit adaptador robusto para gerenciamento de g\u00e1s SF6.<\/p>\n<p><strong>Normalmente envia:<\/strong> Within 1-3 Days<\/p>","protected":false},"featured_media":8215,"template":"","meta":{"content-type":""},"product_brand":[],"product_cat":[36],"product_tag":[],"class_list":{"0":"post-3835","1":"product","2":"type-product","3":"status-publish","4":"has-post-thumbnail","6":"product_cat-adapter-kits","8":"first","9":"instock","10":"featured","11":"taxable","12":"shipping-taxable","13":"purchasable","14":"product-type-simple"},"yoast_head":"<!-- This site is optimized with the Yoast SEO plugin v27.4 - https:\/\/yoast.com\/product\/yoast-seo-wordpress\/ -->\n<title>SF6 Gas Cart DN20 Adapter Kit - GasQuip Dilo Alternative for Electrical Utilities<\/title>\n<meta name=\"description\" content=\"GasQuip&#039;s DN20 SF6 adapter kit is designed for use with a SF6 gas cart and common SF6 breakers. This kit is an alternative to a DILO SF6 kit.\" \/>\n<meta name=\"robots\" content=\"index, follow, max-snippet:-1, max-image-preview:large, max-video-preview:-1\" \/>\n<link rel=\"canonical\" href=\"https:\/\/gasquip.com\/pt\/produtos\/kit-adaptador-dn20-para-carrinho-de-gas-sf6\/\" \/>\n<meta property=\"og:locale\" content=\"pt_BR\" \/>\n<meta property=\"og:type\" content=\"article\" \/>\n<meta property=\"og:title\" content=\"SF6 Gas Cart DN20 Adapter Kit - GasQuip Dilo Alternative for Electrical Utilities\" \/>\n<meta property=\"og:description\" content=\"GasQuip&#039;s DN20 SF6 adapter kit is designed for use with a SF6 gas cart and common SF6 breakers. This kit is an alternative to a DILO SF6 kit.\" \/>\n<meta property=\"og:url\" content=\"https:\/\/gasquip.com\/pt\/produtos\/kit-adaptador-dn20-para-carrinho-de-gas-sf6\/\" \/>\n<meta property=\"og:site_name\" content=\"GasQuip\" \/>\n<meta property=\"article:publisher\" content=\"https:\/\/www.facebook.com\/gasquiptx\" \/>\n<meta property=\"article:modified_time\" content=\"2026-01-29T17:34:29+00:00\" \/>\n<meta property=\"og:image\" content=\"https:\/\/gasquip.com\/wp-content\/uploads\/2020\/08\/DN20-Adapter-Kit-V2.png\" \/>\n\t<meta property=\"og:image:width\" content=\"1024\" \/>\n\t<meta property=\"og:image:height\" content=\"1024\" \/>\n\t<meta property=\"og:image:type\" content=\"image\/png\" \/>\n<meta name=\"twitter:card\" content=\"summary_large_image\" \/>\n<meta name=\"twitter:label1\" content=\"Est. tempo de leitura\" \/>\n\t<meta name=\"twitter:data1\" content=\"3 minutos\" \/>\n<script type=\"application\/ld+json\" class=\"yoast-schema-graph\">{\"@context\":\"https:\\\/\\\/schema.org\",\"@graph\":[{\"@type\":\"WebPage\",\"@id\":\"https:\\\/\\\/gasquip.com\\\/product\\\/sf6-gas-cart-dn20-adapter-kit\\\/\",\"url\":\"https:\\\/\\\/gasquip.com\\\/product\\\/sf6-gas-cart-dn20-adapter-kit\\\/\",\"name\":\"SF6 Gas Cart DN20 Adapter Kit - GasQuip Dilo Alternative for Electrical Utilities\",\"isPartOf\":{\"@id\":\"https:\\\/\\\/gasquip.com\\\/#website\"},\"primaryImageOfPage\":{\"@id\":\"https:\\\/\\\/gasquip.com\\\/product\\\/sf6-gas-cart-dn20-adapter-kit\\\/#primaryimage\"},\"image\":{\"@id\":\"https:\\\/\\\/gasquip.com\\\/product\\\/sf6-gas-cart-dn20-adapter-kit\\\/#primaryimage\"},\"thumbnailUrl\":\"https:\\\/\\\/gasquip.com\\\/wp-content\\\/uploads\\\/2020\\\/08\\\/DN20-Adapter-Kit-V2.png\",\"datePublished\":\"2020-08-27T19:03:17+00:00\",\"dateModified\":\"2026-01-29T17:34:29+00:00\",\"description\":\"GasQuip's DN20 SF6 adapter kit is designed for use with a SF6 gas cart and common SF6 breakers. This kit is an alternative to a DILO SF6 kit.\",\"breadcrumb\":{\"@id\":\"https:\\\/\\\/gasquip.com\\\/product\\\/sf6-gas-cart-dn20-adapter-kit\\\/#breadcrumb\"},\"inLanguage\":\"pt-BR\",\"potentialAction\":[{\"@type\":\"ReadAction\",\"target\":[\"https:\\\/\\\/gasquip.com\\\/product\\\/sf6-gas-cart-dn20-adapter-kit\\\/\"]}]},{\"@type\":\"ImageObject\",\"inLanguage\":\"pt-BR\",\"@id\":\"https:\\\/\\\/gasquip.com\\\/product\\\/sf6-gas-cart-dn20-adapter-kit\\\/#primaryimage\",\"url\":\"https:\\\/\\\/gasquip.com\\\/wp-content\\\/uploads\\\/2020\\\/08\\\/DN20-Adapter-Kit-V2.png\",\"contentUrl\":\"https:\\\/\\\/gasquip.com\\\/wp-content\\\/uploads\\\/2020\\\/08\\\/DN20-Adapter-Kit-V2.png\",\"width\":1024,\"height\":1024,\"caption\":\"DN20 Adapter Kit V2\"},{\"@type\":\"BreadcrumbList\",\"@id\":\"https:\\\/\\\/gasquip.com\\\/product\\\/sf6-gas-cart-dn20-adapter-kit\\\/#breadcrumb\",\"itemListElement\":[{\"@type\":\"ListItem\",\"position\":1,\"name\":\"Home\",\"item\":\"https:\\\/\\\/gasquip.com\\\/\"},{\"@type\":\"ListItem\",\"position\":2,\"name\":\"products\",\"item\":\"https:\\\/\\\/gasquip.com\\\/products-3\\\/\"},{\"@type\":\"ListItem\",\"position\":3,\"name\":\"SF6 Gas Cart DN20 Adapter Kit\"}]},{\"@type\":\"WebSite\",\"@id\":\"https:\\\/\\\/gasquip.com\\\/#website\",\"url\":\"https:\\\/\\\/gasquip.com\\\/\",\"name\":\"GasQuip\",\"description\":\"SF6 Gas Equipment\",\"publisher\":{\"@id\":\"https:\\\/\\\/gasquip.com\\\/#organization\"},\"potentialAction\":[{\"@type\":\"SearchAction\",\"target\":{\"@type\":\"EntryPoint\",\"urlTemplate\":\"https:\\\/\\\/gasquip.com\\\/?s={search_term_string}\"},\"query-input\":{\"@type\":\"PropertyValueSpecification\",\"valueRequired\":true,\"valueName\":\"search_term_string\"}}],\"inLanguage\":\"pt-BR\"},{\"@type\":\"Organization\",\"@id\":\"https:\\\/\\\/gasquip.com\\\/#organization\",\"name\":\"GasQuip\",\"url\":\"https:\\\/\\\/gasquip.com\\\/\",\"logo\":{\"@type\":\"ImageObject\",\"inLanguage\":\"pt-BR\",\"@id\":\"https:\\\/\\\/gasquip.com\\\/#\\\/schema\\\/logo\\\/image\\\/\",\"url\":\"https:\\\/\\\/gasquip.com\\\/wp-content\\\/uploads\\\/2020\\\/10\\\/Logo-Original-PNG-Cropped.png\",\"contentUrl\":\"https:\\\/\\\/gasquip.com\\\/wp-content\\\/uploads\\\/2020\\\/10\\\/Logo-Original-PNG-Cropped.png\",\"width\":2819,\"height\":702,\"caption\":\"GasQuip\"},\"image\":{\"@id\":\"https:\\\/\\\/gasquip.com\\\/#\\\/schema\\\/logo\\\/image\\\/\"},\"sameAs\":[\"https:\\\/\\\/www.facebook.com\\\/gasquiptx\",\"https:\\\/\\\/www.linkedin.com\\\/company\\\/gasquip.com\",\"https:\\\/\\\/www.youtube.com\\\/channel\\\/UCUCicTtyc2zeJMcj5NMA0Ww\"]}]}<\/script>\n<!-- \/ Yoast SEO plugin. -->","yoast_head_json":{"title":"SF6 Gas Cart DN20 Adapter Kit - GasQuip Dilo Alternative for Electrical Utilities","description":"O kit adaptador DN20 SF6 da GasQuip foi projetado para uso com um carrinho de g\u00e1s SF6 e disjuntores SF6 comuns. Este kit \u00e9 uma alternativa ao kit DILO SF6.","robots":{"index":"index","follow":"follow","max-snippet":"max-snippet:-1","max-image-preview":"max-image-preview:large","max-video-preview":"max-video-preview:-1"},"canonical":"https:\/\/gasquip.com\/pt\/produtos\/kit-adaptador-dn20-para-carrinho-de-gas-sf6\/","og_locale":"pt_BR","og_type":"article","og_title":"SF6 Gas Cart DN20 Adapter Kit - GasQuip Dilo Alternative for Electrical Utilities","og_description":"GasQuip's DN20 SF6 adapter kit is designed for use with a SF6 gas cart and common SF6 breakers. This kit is an alternative to a DILO SF6 kit.","og_url":"https:\/\/gasquip.com\/pt\/produtos\/kit-adaptador-dn20-para-carrinho-de-gas-sf6\/","og_site_name":"GasQuip","article_publisher":"https:\/\/www.facebook.com\/gasquiptx","article_modified_time":"2026-01-29T17:34:29+00:00","og_image":[{"width":1024,"height":1024,"url":"https:\/\/gasquip.com\/wp-content\/uploads\/2020\/08\/DN20-Adapter-Kit-V2.png","type":"image\/png"}],"twitter_card":"summary_large_image","twitter_misc":{"Est. tempo de leitura":"3 minutos"},"schema":{"@context":"https:\/\/schema.org","@graph":[{"@type":"WebPage","@id":"https:\/\/gasquip.com\/product\/sf6-gas-cart-dn20-adapter-kit\/","url":"https:\/\/gasquip.com\/product\/sf6-gas-cart-dn20-adapter-kit\/","name":"SF6 Gas Cart DN20 Adapter Kit - GasQuip Dilo Alternative for Electrical Utilities","isPartOf":{"@id":"https:\/\/gasquip.com\/#website"},"primaryImageOfPage":{"@id":"https:\/\/gasquip.com\/product\/sf6-gas-cart-dn20-adapter-kit\/#primaryimage"},"image":{"@id":"https:\/\/gasquip.com\/product\/sf6-gas-cart-dn20-adapter-kit\/#primaryimage"},"thumbnailUrl":"https:\/\/gasquip.com\/wp-content\/uploads\/2020\/08\/DN20-Adapter-Kit-V2.png","datePublished":"2020-08-27T19:03:17+00:00","dateModified":"2026-01-29T17:34:29+00:00","description":"O kit adaptador DN20 SF6 da GasQuip foi projetado para uso com um carrinho de g\u00e1s SF6 e disjuntores SF6 comuns. Este kit \u00e9 uma alternativa ao kit DILO SF6.","breadcrumb":{"@id":"https:\/\/gasquip.com\/product\/sf6-gas-cart-dn20-adapter-kit\/#breadcrumb"},"inLanguage":"pt-BR","potentialAction":[{"@type":"ReadAction","target":["https:\/\/gasquip.com\/product\/sf6-gas-cart-dn20-adapter-kit\/"]}]},{"@type":"ImageObject","inLanguage":"pt-BR","@id":"https:\/\/gasquip.com\/product\/sf6-gas-cart-dn20-adapter-kit\/#primaryimage","url":"https:\/\/gasquip.com\/wp-content\/uploads\/2020\/08\/DN20-Adapter-Kit-V2.png","contentUrl":"https:\/\/gasquip.com\/wp-content\/uploads\/2020\/08\/DN20-Adapter-Kit-V2.png","width":1024,"height":1024,"caption":"DN20 Adapter Kit V2"},{"@type":"BreadcrumbList","@id":"https:\/\/gasquip.com\/product\/sf6-gas-cart-dn20-adapter-kit\/#breadcrumb","itemListElement":[{"@type":"ListItem","position":1,"name":"Home","item":"https:\/\/gasquip.com\/"},{"@type":"ListItem","position":2,"name":"products","item":"https:\/\/gasquip.com\/products-3\/"},{"@type":"ListItem","position":3,"name":"SF6 Gas Cart DN20 Adapter Kit"}]},{"@type":"WebSite","@id":"https:\/\/gasquip.com\/#website","url":"https:\/\/gasquip.com\/","name":"G\u00e1sQuip","description":"Equipamento de g\u00e1s SF6","publisher":{"@id":"https:\/\/gasquip.com\/#organization"},"potentialAction":[{"@type":"SearchAction","target":{"@type":"EntryPoint","urlTemplate":"https:\/\/gasquip.com\/?s={search_term_string}"},"query-input":{"@type":"PropertyValueSpecification","valueRequired":true,"valueName":"search_term_string"}}],"inLanguage":"pt-BR"},{"@type":"Organization","@id":"https:\/\/gasquip.com\/#organization","name":"G\u00e1sQuip","url":"https:\/\/gasquip.com\/","logo":{"@type":"ImageObject","inLanguage":"pt-BR","@id":"https:\/\/gasquip.com\/#\/schema\/logo\/image\/","url":"https:\/\/gasquip.com\/wp-content\/uploads\/2020\/10\/Logo-Original-PNG-Cropped.png","contentUrl":"https:\/\/gasquip.com\/wp-content\/uploads\/2020\/10\/Logo-Original-PNG-Cropped.png","width":2819,"height":702,"caption":"GasQuip"},"image":{"@id":"https:\/\/gasquip.com\/#\/schema\/logo\/image\/"},"sameAs":["https:\/\/www.facebook.com\/gasquiptx","https:\/\/www.linkedin.com\/company\/gasquip.com","https:\/\/www.youtube.com\/channel\/UCUCicTtyc2zeJMcj5NMA0Ww"]}]}},"_links":{"self":[{"href":"https:\/\/gasquip.com\/pt\/wp-json\/wp\/v2\/product\/3835","targetHints":{"allow":["GET"]}}],"collection":[{"href":"https:\/\/gasquip.com\/pt\/wp-json\/wp\/v2\/product"}],"about":[{"href":"https:\/\/gasquip.com\/pt\/wp-json\/wp\/v2\/types\/product"}],"version-history":[{"count":2,"href":"https:\/\/gasquip.com\/pt\/wp-json\/wp\/v2\/product\/3835\/revisions"}],"predecessor-version":[{"id":13322,"href":"https:\/\/gasquip.com\/pt\/wp-json\/wp\/v2\/product\/3835\/revisions\/13322"}],"wp:featuredmedia":[{"embeddable":true,"href":"https:\/\/gasquip.com\/pt\/wp-json\/wp\/v2\/media\/8215"}],"wp:attachment":[{"href":"https:\/\/gasquip.com\/pt\/wp-json\/wp\/v2\/media?parent=3835"}],"wp:term":[{"taxonomy":"product_brand","embeddable":true,"href":"https:\/\/gasquip.com\/pt\/wp-json\/wp\/v2\/product_brand?post=3835"},{"taxonomy":"product_cat","embeddable":true,"href":"https:\/\/gasquip.com\/pt\/wp-json\/wp\/v2\/product_cat?post=3835"},{"taxonomy":"product_tag","embeddable":true,"href":"https:\/\/gasquip.com\/pt\/wp-json\/wp\/v2\/product_tag?post=3835"}],"curies":[{"name":"wp","href":"https:\/\/api.w.org\/{rel}","templated":true}]}}