{"id":4054,"date":"2020-10-07T15:12:19","date_gmt":"2020-10-07T15:12:19","guid":{"rendered":"https:\/\/gasquip.com\/?post_type=product&#038;p=4054"},"modified":"2025-03-31T20:21:35","modified_gmt":"2025-03-31T20:21:35","slug":"regulador-cga-590","status":"publish","type":"product","link":"https:\/\/gasquip.com\/pt\/product\/sf6-regualtor\/","title":{"rendered":"SF6 Regulator"},"content":{"rendered":"<h2><strong>Especifica\u00e7\u00f5es:<\/strong><\/h2>\n<div class=\"et_pb_module et_pb_text et_pb_text_0 et_pb_text_align_left et_pb_bg_layout_light\">\n<div class=\"et_pb_text_inner\">\n<ul>\n<li>Bot\u00e3o f\u00e1cil de manobrar<\/li>\n<li>Fabricado especialmente para par\u00e2metros do regulador de g\u00e1s SF6<\/li>\n<li>Medidor de entrada e sa\u00edda com di\u00e2metro de 2 polegadas<\/li>\n<li>Conex\u00e3o de sa\u00edda f\u00eamea NPT de \u00bc polegada<\/li>\n<li>Bocal de entrada CGA590 de 4 polegadas para garantir espa\u00e7o de trabalho adequado para ferramentas manuais<\/li>\n<li>Faixas de medi\u00e7\u00e3o:\n<ul>\n<li>Entrada: 0-1000 PSI (70 Bar)<\/li>\n<li>Sa\u00edda: 0-200 PSI (10 Bar)<\/li>\n<\/ul>\n<\/li>\n<li>Press\u00e3o de ruptura do corpo de at\u00e9 4350 PSI<\/li>\n<\/ul>\n<\/div>\n<\/div>\n<div class=\"et_pb_module et_pb_text et_pb_text_1 et_pb_text_align_left et_pb_bg_layout_light\">\n<div class=\"et_pb_text_inner\">\n<p>Esses reguladores destinam-se ao controle prim\u00e1rio de press\u00e3o em gases n\u00e3o corrosivos, de alta pureza ou liquefeitos (at\u00e9 grau 4.5) em aplica\u00e7\u00f5es onde pequenas flutua\u00e7\u00f5es na press\u00e3o de sa\u00edda, devido \u00e0 diminui\u00e7\u00e3o da press\u00e3o de alimenta\u00e7\u00e3o de entrada, podem ser toleradas.<\/p>\n<\/div>\n<\/div>\n<p>&nbsp;<\/p>\n<h2><strong>Trabalhando com g\u00e1s SF6<\/strong><\/h2>\n<p>Ao manusear o g\u00e1s SF6, \u00e9 importante tomar precau\u00e7\u00f5es extras para garantir que nenhum g\u00e1s vaze para a atmosfera. O g\u00e1s SF6 tem um potencial de aquecimento global 26.300 vezes maior que o do CO2, portanto, aperte esses pontos de conex\u00e3o. Confira nosso <strong><a href=\"https:\/\/gasquip.com\/pt\/blog\/\">blog<\/a><\/strong> para obter mais informa\u00e7\u00f5es sobre as melhores pr\u00e1ticas de manuseio de g\u00e1s SF6.<\/p>\n<p>&nbsp;<\/p>\n<h2><strong>Quais conex\u00f5es eu preciso?<\/strong><\/h2>\n<p>Se voc\u00ea estiver conectando um cilindro SF6 na Am\u00e9rica do Norte, usar\u00e1 uma conex\u00e3o CGA 590. Veja isso <a href=\"https:\/\/www.concoa.com\/cgachart.html\"><strong>guia \u00fatil<\/strong><\/a> para entender os tipos de conex\u00e3o CGA.<\/p>","protected":false},"excerpt":{"rendered":"<p>Our SF6 Regulator is compact, lightweight, high purity, single stage, pressure reducing regulators for SF6 gas. The brass body &amp; steel diaphragms insure gas purity and integrity.<\/p>\n<p><strong>Normalmente envia:<\/strong> Mesmo dia<\/p>","protected":false},"featured_media":6776,"template":"","meta":{"content-type":""},"product_brand":[],"product_cat":[112],"product_tag":[],"class_list":{"0":"post-4054","1":"product","2":"type-product","3":"status-publish","4":"has-post-thumbnail","6":"product_cat-gas-handling","8":"first","9":"instock","10":"taxable","11":"shipping-taxable","12":"purchasable","13":"product-type-variable","14":"has-default-attributes"},"yoast_head":"<!-- This site is optimized with the Yoast SEO plugin v27.4 - https:\/\/yoast.com\/product\/yoast-seo-wordpress\/ -->\n<title>SF6 Regulator - GasQuip Dual Stage SF6 Gas Regulator<\/title>\n<meta name=\"description\" content=\"Dual stage CGA 590 regulator commonly used for SF6 gas. Gauges are in PSI and Bar, connections are CGA 590 and 1\/4&quot; MNPT. Check it out -&gt;\" \/>\n<meta name=\"robots\" content=\"index, follow, max-snippet:-1, max-image-preview:large, max-video-preview:-1\" \/>\n<link rel=\"canonical\" href=\"https:\/\/gasquip.com\/pt\/produtos\/regulador-cga-590\/\" \/>\n<meta property=\"og:locale\" content=\"pt_BR\" \/>\n<meta property=\"og:type\" content=\"article\" \/>\n<meta property=\"og:title\" content=\"SF6 Regulator - GasQuip Dual Stage SF6 Gas Regulator\" \/>\n<meta property=\"og:description\" content=\"Dual stage CGA 590 regulator commonly used for SF6 gas. Gauges are in PSI and Bar, connections are CGA 590 and 1\/4&quot; MNPT. Check it out -&gt;\" \/>\n<meta property=\"og:url\" content=\"https:\/\/gasquip.com\/pt\/produtos\/regulador-cga-590\/\" \/>\n<meta property=\"og:site_name\" content=\"GasQuip\" \/>\n<meta property=\"article:publisher\" content=\"https:\/\/www.facebook.com\/gasquiptx\" \/>\n<meta property=\"article:modified_time\" content=\"2025-03-31T20:21:35+00:00\" \/>\n<meta property=\"og:image\" content=\"https:\/\/gasquip.com\/wp-content\/uploads\/2020\/10\/CGA-590-Regulator.png\" \/>\n\t<meta property=\"og:image:width\" content=\"1024\" \/>\n\t<meta property=\"og:image:height\" content=\"1024\" \/>\n\t<meta property=\"og:image:type\" content=\"image\/png\" \/>\n<meta name=\"twitter:card\" content=\"summary_large_image\" \/>\n<meta name=\"twitter:label1\" content=\"Est. tempo de leitura\" \/>\n\t<meta name=\"twitter:data1\" content=\"2 minutos\" \/>\n<script type=\"application\/ld+json\" class=\"yoast-schema-graph\">{\"@context\":\"https:\\\/\\\/schema.org\",\"@graph\":[{\"@type\":\"WebPage\",\"@id\":\"https:\\\/\\\/gasquip.com\\\/product\\\/sf6-regualtor\\\/\",\"url\":\"https:\\\/\\\/gasquip.com\\\/product\\\/sf6-regualtor\\\/\",\"name\":\"SF6 Regulator - GasQuip Dual Stage SF6 Gas Regulator\",\"isPartOf\":{\"@id\":\"https:\\\/\\\/gasquip.com\\\/#website\"},\"primaryImageOfPage\":{\"@id\":\"https:\\\/\\\/gasquip.com\\\/product\\\/sf6-regualtor\\\/#primaryimage\"},\"image\":{\"@id\":\"https:\\\/\\\/gasquip.com\\\/product\\\/sf6-regualtor\\\/#primaryimage\"},\"thumbnailUrl\":\"https:\\\/\\\/gasquip.com\\\/wp-content\\\/uploads\\\/2020\\\/10\\\/CGA-590-Regulator.png\",\"datePublished\":\"2020-10-07T15:12:19+00:00\",\"dateModified\":\"2025-03-31T20:21:35+00:00\",\"description\":\"Dual stage CGA 590 regulator commonly used for SF6 gas. Gauges are in PSI and Bar, connections are CGA 590 and 1\\\/4\\\" MNPT. Check it out ->\",\"breadcrumb\":{\"@id\":\"https:\\\/\\\/gasquip.com\\\/product\\\/sf6-regualtor\\\/#breadcrumb\"},\"inLanguage\":\"pt-BR\",\"potentialAction\":[{\"@type\":\"ReadAction\",\"target\":[\"https:\\\/\\\/gasquip.com\\\/product\\\/sf6-regualtor\\\/\"]}]},{\"@type\":\"ImageObject\",\"inLanguage\":\"pt-BR\",\"@id\":\"https:\\\/\\\/gasquip.com\\\/product\\\/sf6-regualtor\\\/#primaryimage\",\"url\":\"https:\\\/\\\/gasquip.com\\\/wp-content\\\/uploads\\\/2020\\\/10\\\/CGA-590-Regulator.png\",\"contentUrl\":\"https:\\\/\\\/gasquip.com\\\/wp-content\\\/uploads\\\/2020\\\/10\\\/CGA-590-Regulator.png\",\"width\":1024,\"height\":1024,\"caption\":\"CGA 590 Regulator\"},{\"@type\":\"BreadcrumbList\",\"@id\":\"https:\\\/\\\/gasquip.com\\\/product\\\/sf6-regualtor\\\/#breadcrumb\",\"itemListElement\":[{\"@type\":\"ListItem\",\"position\":1,\"name\":\"Home\",\"item\":\"https:\\\/\\\/gasquip.com\\\/\"},{\"@type\":\"ListItem\",\"position\":2,\"name\":\"products\",\"item\":\"https:\\\/\\\/gasquip.com\\\/products-3\\\/\"},{\"@type\":\"ListItem\",\"position\":3,\"name\":\"SF6 Regulator\"}]},{\"@type\":\"WebSite\",\"@id\":\"https:\\\/\\\/gasquip.com\\\/#website\",\"url\":\"https:\\\/\\\/gasquip.com\\\/\",\"name\":\"GasQuip\",\"description\":\"SF6 Gas Equipment\",\"publisher\":{\"@id\":\"https:\\\/\\\/gasquip.com\\\/#organization\"},\"potentialAction\":[{\"@type\":\"SearchAction\",\"target\":{\"@type\":\"EntryPoint\",\"urlTemplate\":\"https:\\\/\\\/gasquip.com\\\/?s={search_term_string}\"},\"query-input\":{\"@type\":\"PropertyValueSpecification\",\"valueRequired\":true,\"valueName\":\"search_term_string\"}}],\"inLanguage\":\"pt-BR\"},{\"@type\":\"Organization\",\"@id\":\"https:\\\/\\\/gasquip.com\\\/#organization\",\"name\":\"GasQuip\",\"url\":\"https:\\\/\\\/gasquip.com\\\/\",\"logo\":{\"@type\":\"ImageObject\",\"inLanguage\":\"pt-BR\",\"@id\":\"https:\\\/\\\/gasquip.com\\\/#\\\/schema\\\/logo\\\/image\\\/\",\"url\":\"https:\\\/\\\/gasquip.com\\\/wp-content\\\/uploads\\\/2020\\\/10\\\/Logo-Original-PNG-Cropped.png\",\"contentUrl\":\"https:\\\/\\\/gasquip.com\\\/wp-content\\\/uploads\\\/2020\\\/10\\\/Logo-Original-PNG-Cropped.png\",\"width\":2819,\"height\":702,\"caption\":\"GasQuip\"},\"image\":{\"@id\":\"https:\\\/\\\/gasquip.com\\\/#\\\/schema\\\/logo\\\/image\\\/\"},\"sameAs\":[\"https:\\\/\\\/www.facebook.com\\\/gasquiptx\",\"https:\\\/\\\/www.linkedin.com\\\/company\\\/gasquip.com\",\"https:\\\/\\\/www.youtube.com\\\/channel\\\/UCUCicTtyc2zeJMcj5NMA0Ww\"]}]}<\/script>\n<!-- \/ Yoast SEO plugin. -->","yoast_head_json":{"title":"SF6 Regulator - GasQuip Dual Stage SF6 Gas Regulator","description":"Regulador CGA 590 de est\u00e1gio duplo comumente usado para g\u00e1s SF6. As bitolas s\u00e3o em PSI e Bar, as conex\u00f5es s\u00e3o CGA 590 e 1\/4&quot; MNPT. Confira -&gt;","robots":{"index":"index","follow":"follow","max-snippet":"max-snippet:-1","max-image-preview":"max-image-preview:large","max-video-preview":"max-video-preview:-1"},"canonical":"https:\/\/gasquip.com\/pt\/produtos\/regulador-cga-590\/","og_locale":"pt_BR","og_type":"article","og_title":"SF6 Regulator - GasQuip Dual Stage SF6 Gas Regulator","og_description":"Dual stage CGA 590 regulator commonly used for SF6 gas. Gauges are in PSI and Bar, connections are CGA 590 and 1\/4\" MNPT. Check it out ->","og_url":"https:\/\/gasquip.com\/pt\/produtos\/regulador-cga-590\/","og_site_name":"GasQuip","article_publisher":"https:\/\/www.facebook.com\/gasquiptx","article_modified_time":"2025-03-31T20:21:35+00:00","og_image":[{"width":1024,"height":1024,"url":"https:\/\/gasquip.com\/wp-content\/uploads\/2020\/10\/CGA-590-Regulator.png","type":"image\/png"}],"twitter_card":"summary_large_image","twitter_misc":{"Est. tempo de leitura":"2 minutos"},"schema":{"@context":"https:\/\/schema.org","@graph":[{"@type":"WebPage","@id":"https:\/\/gasquip.com\/product\/sf6-regualtor\/","url":"https:\/\/gasquip.com\/product\/sf6-regualtor\/","name":"SF6 Regulator - GasQuip Dual Stage SF6 Gas Regulator","isPartOf":{"@id":"https:\/\/gasquip.com\/#website"},"primaryImageOfPage":{"@id":"https:\/\/gasquip.com\/product\/sf6-regualtor\/#primaryimage"},"image":{"@id":"https:\/\/gasquip.com\/product\/sf6-regualtor\/#primaryimage"},"thumbnailUrl":"https:\/\/gasquip.com\/wp-content\/uploads\/2020\/10\/CGA-590-Regulator.png","datePublished":"2020-10-07T15:12:19+00:00","dateModified":"2025-03-31T20:21:35+00:00","description":"Regulador CGA 590 de est\u00e1gio duplo comumente usado para g\u00e1s SF6. As bitolas s\u00e3o em PSI e Bar, as conex\u00f5es s\u00e3o CGA 590 e 1\/4&quot; MNPT. Confira -&gt;","breadcrumb":{"@id":"https:\/\/gasquip.com\/product\/sf6-regualtor\/#breadcrumb"},"inLanguage":"pt-BR","potentialAction":[{"@type":"ReadAction","target":["https:\/\/gasquip.com\/product\/sf6-regualtor\/"]}]},{"@type":"ImageObject","inLanguage":"pt-BR","@id":"https:\/\/gasquip.com\/product\/sf6-regualtor\/#primaryimage","url":"https:\/\/gasquip.com\/wp-content\/uploads\/2020\/10\/CGA-590-Regulator.png","contentUrl":"https:\/\/gasquip.com\/wp-content\/uploads\/2020\/10\/CGA-590-Regulator.png","width":1024,"height":1024,"caption":"CGA 590 Regulator"},{"@type":"BreadcrumbList","@id":"https:\/\/gasquip.com\/product\/sf6-regualtor\/#breadcrumb","itemListElement":[{"@type":"ListItem","position":1,"name":"Home","item":"https:\/\/gasquip.com\/"},{"@type":"ListItem","position":2,"name":"products","item":"https:\/\/gasquip.com\/products-3\/"},{"@type":"ListItem","position":3,"name":"SF6 Regulator"}]},{"@type":"WebSite","@id":"https:\/\/gasquip.com\/#website","url":"https:\/\/gasquip.com\/","name":"G\u00e1sQuip","description":"Equipamento de g\u00e1s SF6","publisher":{"@id":"https:\/\/gasquip.com\/#organization"},"potentialAction":[{"@type":"SearchAction","target":{"@type":"EntryPoint","urlTemplate":"https:\/\/gasquip.com\/?s={search_term_string}"},"query-input":{"@type":"PropertyValueSpecification","valueRequired":true,"valueName":"search_term_string"}}],"inLanguage":"pt-BR"},{"@type":"Organization","@id":"https:\/\/gasquip.com\/#organization","name":"G\u00e1sQuip","url":"https:\/\/gasquip.com\/","logo":{"@type":"ImageObject","inLanguage":"pt-BR","@id":"https:\/\/gasquip.com\/#\/schema\/logo\/image\/","url":"https:\/\/gasquip.com\/wp-content\/uploads\/2020\/10\/Logo-Original-PNG-Cropped.png","contentUrl":"https:\/\/gasquip.com\/wp-content\/uploads\/2020\/10\/Logo-Original-PNG-Cropped.png","width":2819,"height":702,"caption":"GasQuip"},"image":{"@id":"https:\/\/gasquip.com\/#\/schema\/logo\/image\/"},"sameAs":["https:\/\/www.facebook.com\/gasquiptx","https:\/\/www.linkedin.com\/company\/gasquip.com","https:\/\/www.youtube.com\/channel\/UCUCicTtyc2zeJMcj5NMA0Ww"]}]}},"_links":{"self":[{"href":"https:\/\/gasquip.com\/pt\/wp-json\/wp\/v2\/product\/4054","targetHints":{"allow":["GET"]}}],"collection":[{"href":"https:\/\/gasquip.com\/pt\/wp-json\/wp\/v2\/product"}],"about":[{"href":"https:\/\/gasquip.com\/pt\/wp-json\/wp\/v2\/types\/product"}],"version-history":[{"count":1,"href":"https:\/\/gasquip.com\/pt\/wp-json\/wp\/v2\/product\/4054\/revisions"}],"predecessor-version":[{"id":9719,"href":"https:\/\/gasquip.com\/pt\/wp-json\/wp\/v2\/product\/4054\/revisions\/9719"}],"wp:featuredmedia":[{"embeddable":true,"href":"https:\/\/gasquip.com\/pt\/wp-json\/wp\/v2\/media\/6776"}],"wp:attachment":[{"href":"https:\/\/gasquip.com\/pt\/wp-json\/wp\/v2\/media?parent=4054"}],"wp:term":[{"taxonomy":"product_brand","embeddable":true,"href":"https:\/\/gasquip.com\/pt\/wp-json\/wp\/v2\/product_brand?post=4054"},{"taxonomy":"product_cat","embeddable":true,"href":"https:\/\/gasquip.com\/pt\/wp-json\/wp\/v2\/product_cat?post=4054"},{"taxonomy":"product_tag","embeddable":true,"href":"https:\/\/gasquip.com\/pt\/wp-json\/wp\/v2\/product_tag?post=4054"}],"curies":[{"name":"wp","href":"https:\/\/api.w.org\/{rel}","templated":true}]}}