{"id":6084,"date":"2021-09-24T22:16:13","date_gmt":"2021-09-24T22:16:13","guid":{"rendered":"https:\/\/gasquip.com\/?post_type=product&#038;p=6084"},"modified":"2024-09-26T16:49:45","modified_gmt":"2024-09-26T16:49:45","slug":"kit-de-gas-de-calibracao-do-analisador","status":"publish","type":"product","link":"https:\/\/gasquip.com\/pt\/product\/analyzer-calibration-gas-kit\/","title":{"rendered":"Analyzer Verification Gas Kit"},"content":{"rendered":"<p>The GasQuip Analyzer Verification Gas Kit is an important accessory to any brand of SF6 analyzer. When operating an SF6 analyzer, it&#8217;s vital to know that your device is giving you accurate readings. Checking your device with certified gas mixtures is a simple way to verify that your analyzer is functioning within the specified tolerances. This kit is compatible with any SF6 analyzer, and other gas mixtures are available upon request. This kit is not intended for performing calibrations, only verifying within a certain range.<\/p>\n<h3><strong>o que est\u00e1 inclu\u00eddo<\/strong><\/h3>\n<ul>\n<li>SF6, cilindro 58L, pureza 99.99%<\/li>\n<li>H2O, cilindro de 58L, 200 ppm (g\u00e1s transportador de nitrog\u00eanio)<\/li>\n<li>SO2, cilindro de 58L, 75 ppm (g\u00e1s transportador de nitrog\u00eanio)<\/li>\n<li>Regulador C-10 com adaptador de desconex\u00e3o r\u00e1pida (press\u00e3o de sa\u00edda de 50 PSI, fluxo de 6LPM)<\/li>\n<li>Maleta de transporte para tr\u00eas cilindros e regulador de 58L<\/li>\n<\/ul>\n<h3><strong>A necessidade de um analisador SF6 preciso <\/strong><\/h3>\n<p><span data-tt=\"{&quot;paragraphStyle&quot;:{&quot;alignment&quot;:4,&quot;writingDirection&quot;:1}}\">A an\u00e1lise do g\u00e1s SF6 sempre foi um passo importante na manuten\u00e7\u00e3o de Equipamentos Isolados a G\u00e1s (GIE). A ferramenta preferida das concession\u00e1rias e empreiteiros de energia el\u00e9trica sempre foi alguma vers\u00e3o de um analisador de SF6 port\u00e1til. Esses analisadores permitem que um operador se conecte rapidamente ao equipamento de SF6 e entenda a composi\u00e7\u00e3o do g\u00e1s em poucos minutos. Os testes mais comuns analisar\u00e3o a pureza do g\u00e1s SF6 em percentagem, a quantidade de SO2 em termos de PPM e o teor de humidade medido em ponto de orvalho. Se esses valores estiverem fora da faixa recomendada pelo fabricante, existe a possibilidade de o equipamento ficar gravemente danificado. \u00c9 claro que isso pode significar enormes encargos financeiros para substituir o equipamento danificado. <\/span><\/p>\n<p>&nbsp;<\/p>\n<h3><strong>Analisador SF6 fora da toler\u00e2ncia <\/strong><\/h3>\n<p><span data-tt=\"{&quot;paragraphStyle&quot;:{&quot;alignment&quot;:4,&quot;writingDirection&quot;:1}}\">Conf\u00facio disse uma vez: \u201cSe um artes\u00e3o quer fazer um bom trabalho, deve afiar as suas ferramentas\u201d. Ent\u00e3o surge a pergunta\u2026 como saber se minha ferramenta precisa mesmo ser afiada? Seu analisador pode parecer exatamente o mesmo desde o dia em que voc\u00ea o comprou (sem a tela quebrada porque voc\u00ea deixou cair sua chave inglesa nele). Portanto, pode ser dif\u00edcil dizer se sua unidade ainda est\u00e1 funcionando da maneira pretendida sem ter uma refer\u00eancia para testar. \u00c9 a\u00ed que entramos <\/span><\/p>\n<p>&nbsp;<\/p>\n<h3><strong>Gases de Verifica\u00e7\u00e3o <\/strong><\/h3>\n<p><span data-tt=\"{&quot;paragraphStyle&quot;:{&quot;alignment&quot;:4,&quot;writingDirection&quot;:1}}\">Usando nosso kit de g\u00e1s de verifica\u00e7\u00e3o, voc\u00ea pode conectar gases calibrados diretamente ao seu analisador. Por exemplo, voc\u00ea pode conectar o frasco puro de SF6 e executar um teste em seu analisador. Se sua unidade estiver mostrando 94% SF6 quando deveria mostrar 99,9%, \u00e9 hora de enviar a unidade para manuten\u00e7\u00e3o ao fabricante. Recomendamos utilizar este kit para verificar se o seu analisador est\u00e1 sempre dentro da toler\u00e2ncia. <\/span><\/p>","protected":false},"excerpt":{"rendered":"<p>Nosso kit de g\u00e1s de calibra\u00e7\u00e3o do analisador pode ser usado para verificar se qualquer marca de sensores do analisador SF6 est\u00e1 operando dentro das toler\u00e2ncias especificadas. Misturas certificadas de cilindros de g\u00e1s de SF6, H2O e SO2.<\/p>","protected":false},"featured_media":6087,"template":"","meta":{"content-type":""},"product_brand":[],"product_cat":[152],"product_tag":[],"class_list":{"0":"post-6084","1":"product","2":"type-product","3":"status-publish","4":"has-post-thumbnail","6":"product_cat-flex-accessories","8":"first","9":"instock","10":"taxable","11":"shipping-taxable","12":"purchasable","13":"product-type-simple"},"yoast_head":"<!-- This site is optimized with the Yoast SEO plugin v27.4 - https:\/\/yoast.com\/product\/yoast-seo-wordpress\/ -->\n<title>SF6 Analyzer Verification Gas Kit - GasQuip<\/title>\n<meta name=\"description\" content=\"Our analyzer calibration gas kit can be used to check if any brand of SF6 analyzer&#039;s sensors are operating within the specified tolerances.\" \/>\n<meta name=\"robots\" content=\"index, follow, max-snippet:-1, max-image-preview:large, max-video-preview:-1\" \/>\n<link rel=\"canonical\" href=\"https:\/\/gasquip.com\/pt\/produtos\/kit-de-gas-de-calibracao-do-analisador\/\" \/>\n<meta property=\"og:locale\" content=\"pt_BR\" \/>\n<meta property=\"og:type\" content=\"article\" \/>\n<meta property=\"og:title\" content=\"SF6 Analyzer Verification Gas Kit - GasQuip\" \/>\n<meta property=\"og:description\" content=\"Our analyzer calibration gas kit can be used to check if any brand of SF6 analyzer&#039;s sensors are operating within the specified tolerances.\" \/>\n<meta property=\"og:url\" content=\"https:\/\/gasquip.com\/pt\/produtos\/kit-de-gas-de-calibracao-do-analisador\/\" \/>\n<meta property=\"og:site_name\" content=\"GasQuip\" \/>\n<meta property=\"article:publisher\" content=\"https:\/\/www.facebook.com\/gasquiptx\" \/>\n<meta property=\"article:modified_time\" content=\"2024-09-26T16:49:45+00:00\" \/>\n<meta property=\"og:image\" content=\"https:\/\/gasquip.com\/wp-content\/uploads\/2021\/09\/Analyzer-Calibration-Gas-Kit-1.jpg\" \/>\n\t<meta property=\"og:image:width\" content=\"1024\" \/>\n\t<meta property=\"og:image:height\" content=\"1024\" \/>\n\t<meta property=\"og:image:type\" content=\"image\/jpeg\" \/>\n<meta name=\"twitter:card\" content=\"summary_large_image\" \/>\n<meta name=\"twitter:label1\" content=\"Est. tempo de leitura\" \/>\n\t<meta name=\"twitter:data1\" content=\"3 minutos\" \/>\n<script type=\"application\/ld+json\" class=\"yoast-schema-graph\">{\"@context\":\"https:\\\/\\\/schema.org\",\"@graph\":[{\"@type\":\"WebPage\",\"@id\":\"https:\\\/\\\/gasquip.com\\\/es\\\/producto\\\/kit-de-gas-de-calibracion-del-analizador\\\/\",\"url\":\"https:\\\/\\\/gasquip.com\\\/es\\\/producto\\\/kit-de-gas-de-calibracion-del-analizador\\\/\",\"name\":\"SF6 Analyzer Verification Gas Kit - GasQuip\",\"isPartOf\":{\"@id\":\"https:\\\/\\\/gasquip.com\\\/#website\"},\"primaryImageOfPage\":{\"@id\":\"https:\\\/\\\/gasquip.com\\\/es\\\/producto\\\/kit-de-gas-de-calibracion-del-analizador\\\/#primaryimage\"},\"image\":{\"@id\":\"https:\\\/\\\/gasquip.com\\\/es\\\/producto\\\/kit-de-gas-de-calibracion-del-analizador\\\/#primaryimage\"},\"thumbnailUrl\":\"https:\\\/\\\/gasquip.com\\\/wp-content\\\/uploads\\\/2021\\\/09\\\/Analyzer-Calibration-Gas-Kit-1.jpg\",\"datePublished\":\"2021-09-24T22:16:13+00:00\",\"dateModified\":\"2024-09-26T16:49:45+00:00\",\"description\":\"Our analyzer calibration gas kit can be used to check if any brand of SF6 analyzer's sensors are operating within the specified tolerances.\",\"breadcrumb\":{\"@id\":\"https:\\\/\\\/gasquip.com\\\/es\\\/producto\\\/kit-de-gas-de-calibracion-del-analizador\\\/#breadcrumb\"},\"inLanguage\":\"pt-BR\",\"potentialAction\":[{\"@type\":\"ReadAction\",\"target\":[\"https:\\\/\\\/gasquip.com\\\/es\\\/producto\\\/kit-de-gas-de-calibracion-del-analizador\\\/\"]}]},{\"@type\":\"ImageObject\",\"inLanguage\":\"pt-BR\",\"@id\":\"https:\\\/\\\/gasquip.com\\\/es\\\/producto\\\/kit-de-gas-de-calibracion-del-analizador\\\/#primaryimage\",\"url\":\"https:\\\/\\\/gasquip.com\\\/wp-content\\\/uploads\\\/2021\\\/09\\\/Analyzer-Calibration-Gas-Kit-1.jpg\",\"contentUrl\":\"https:\\\/\\\/gasquip.com\\\/wp-content\\\/uploads\\\/2021\\\/09\\\/Analyzer-Calibration-Gas-Kit-1.jpg\",\"width\":1024,\"height\":1024,\"caption\":\"SF6 Analyzer Calibration Gas Kit\"},{\"@type\":\"BreadcrumbList\",\"@id\":\"https:\\\/\\\/gasquip.com\\\/es\\\/producto\\\/kit-de-gas-de-calibracion-del-analizador\\\/#breadcrumb\",\"itemListElement\":[{\"@type\":\"ListItem\",\"position\":1,\"name\":\"Home\",\"item\":\"https:\\\/\\\/gasquip.com\\\/\"},{\"@type\":\"ListItem\",\"position\":2,\"name\":\"products\",\"item\":\"https:\\\/\\\/gasquip.com\\\/products-3\\\/\"},{\"@type\":\"ListItem\",\"position\":3,\"name\":\"Analyzer Verification Gas Kit\"}]},{\"@type\":\"WebSite\",\"@id\":\"https:\\\/\\\/gasquip.com\\\/#website\",\"url\":\"https:\\\/\\\/gasquip.com\\\/\",\"name\":\"GasQuip\",\"description\":\"SF6 Gas Equipment\",\"publisher\":{\"@id\":\"https:\\\/\\\/gasquip.com\\\/#organization\"},\"potentialAction\":[{\"@type\":\"SearchAction\",\"target\":{\"@type\":\"EntryPoint\",\"urlTemplate\":\"https:\\\/\\\/gasquip.com\\\/?s={search_term_string}\"},\"query-input\":{\"@type\":\"PropertyValueSpecification\",\"valueRequired\":true,\"valueName\":\"search_term_string\"}}],\"inLanguage\":\"pt-BR\"},{\"@type\":\"Organization\",\"@id\":\"https:\\\/\\\/gasquip.com\\\/#organization\",\"name\":\"GasQuip\",\"url\":\"https:\\\/\\\/gasquip.com\\\/\",\"logo\":{\"@type\":\"ImageObject\",\"inLanguage\":\"pt-BR\",\"@id\":\"https:\\\/\\\/gasquip.com\\\/#\\\/schema\\\/logo\\\/image\\\/\",\"url\":\"https:\\\/\\\/gasquip.com\\\/wp-content\\\/uploads\\\/2020\\\/10\\\/Logo-Original-PNG-Cropped.png\",\"contentUrl\":\"https:\\\/\\\/gasquip.com\\\/wp-content\\\/uploads\\\/2020\\\/10\\\/Logo-Original-PNG-Cropped.png\",\"width\":2819,\"height\":702,\"caption\":\"GasQuip\"},\"image\":{\"@id\":\"https:\\\/\\\/gasquip.com\\\/#\\\/schema\\\/logo\\\/image\\\/\"},\"sameAs\":[\"https:\\\/\\\/www.facebook.com\\\/gasquiptx\",\"https:\\\/\\\/www.linkedin.com\\\/company\\\/gasquip.com\",\"https:\\\/\\\/www.youtube.com\\\/channel\\\/UCUCicTtyc2zeJMcj5NMA0Ww\"]}]}<\/script>\n<!-- \/ Yoast SEO plugin. -->","yoast_head_json":{"title":"SF6 Analyzer Verification Gas Kit - GasQuip","description":"Nosso kit de g\u00e1s de calibra\u00e7\u00e3o do analisador pode ser usado para verificar se qualquer marca de sensores do analisador SF6 est\u00e1 operando dentro das toler\u00e2ncias especificadas.","robots":{"index":"index","follow":"follow","max-snippet":"max-snippet:-1","max-image-preview":"max-image-preview:large","max-video-preview":"max-video-preview:-1"},"canonical":"https:\/\/gasquip.com\/pt\/produtos\/kit-de-gas-de-calibracao-do-analisador\/","og_locale":"pt_BR","og_type":"article","og_title":"SF6 Analyzer Verification Gas Kit - GasQuip","og_description":"Our analyzer calibration gas kit can be used to check if any brand of SF6 analyzer's sensors are operating within the specified tolerances.","og_url":"https:\/\/gasquip.com\/pt\/produtos\/kit-de-gas-de-calibracao-do-analisador\/","og_site_name":"GasQuip","article_publisher":"https:\/\/www.facebook.com\/gasquiptx","article_modified_time":"2024-09-26T16:49:45+00:00","og_image":[{"width":1024,"height":1024,"url":"https:\/\/gasquip.com\/wp-content\/uploads\/2021\/09\/Analyzer-Calibration-Gas-Kit-1.jpg","type":"image\/jpeg"}],"twitter_card":"summary_large_image","twitter_misc":{"Est. tempo de leitura":"3 minutos"},"schema":{"@context":"https:\/\/schema.org","@graph":[{"@type":"WebPage","@id":"https:\/\/gasquip.com\/es\/producto\/kit-de-gas-de-calibracion-del-analizador\/","url":"https:\/\/gasquip.com\/es\/producto\/kit-de-gas-de-calibracion-del-analizador\/","name":"SF6 Analyzer Verification Gas Kit - GasQuip","isPartOf":{"@id":"https:\/\/gasquip.com\/#website"},"primaryImageOfPage":{"@id":"https:\/\/gasquip.com\/es\/producto\/kit-de-gas-de-calibracion-del-analizador\/#primaryimage"},"image":{"@id":"https:\/\/gasquip.com\/es\/producto\/kit-de-gas-de-calibracion-del-analizador\/#primaryimage"},"thumbnailUrl":"https:\/\/gasquip.com\/wp-content\/uploads\/2021\/09\/Analyzer-Calibration-Gas-Kit-1.jpg","datePublished":"2021-09-24T22:16:13+00:00","dateModified":"2024-09-26T16:49:45+00:00","description":"Nosso kit de g\u00e1s de calibra\u00e7\u00e3o do analisador pode ser usado para verificar se qualquer marca de sensores do analisador SF6 est\u00e1 operando dentro das toler\u00e2ncias especificadas.","breadcrumb":{"@id":"https:\/\/gasquip.com\/es\/producto\/kit-de-gas-de-calibracion-del-analizador\/#breadcrumb"},"inLanguage":"pt-BR","potentialAction":[{"@type":"ReadAction","target":["https:\/\/gasquip.com\/es\/producto\/kit-de-gas-de-calibracion-del-analizador\/"]}]},{"@type":"ImageObject","inLanguage":"pt-BR","@id":"https:\/\/gasquip.com\/es\/producto\/kit-de-gas-de-calibracion-del-analizador\/#primaryimage","url":"https:\/\/gasquip.com\/wp-content\/uploads\/2021\/09\/Analyzer-Calibration-Gas-Kit-1.jpg","contentUrl":"https:\/\/gasquip.com\/wp-content\/uploads\/2021\/09\/Analyzer-Calibration-Gas-Kit-1.jpg","width":1024,"height":1024,"caption":"SF6 Analyzer Calibration Gas Kit"},{"@type":"BreadcrumbList","@id":"https:\/\/gasquip.com\/es\/producto\/kit-de-gas-de-calibracion-del-analizador\/#breadcrumb","itemListElement":[{"@type":"ListItem","position":1,"name":"Home","item":"https:\/\/gasquip.com\/"},{"@type":"ListItem","position":2,"name":"products","item":"https:\/\/gasquip.com\/products-3\/"},{"@type":"ListItem","position":3,"name":"Analyzer Verification Gas Kit"}]},{"@type":"WebSite","@id":"https:\/\/gasquip.com\/#website","url":"https:\/\/gasquip.com\/","name":"G\u00e1sQuip","description":"Equipamento de g\u00e1s SF6","publisher":{"@id":"https:\/\/gasquip.com\/#organization"},"potentialAction":[{"@type":"SearchAction","target":{"@type":"EntryPoint","urlTemplate":"https:\/\/gasquip.com\/?s={search_term_string}"},"query-input":{"@type":"PropertyValueSpecification","valueRequired":true,"valueName":"search_term_string"}}],"inLanguage":"pt-BR"},{"@type":"Organization","@id":"https:\/\/gasquip.com\/#organization","name":"G\u00e1sQuip","url":"https:\/\/gasquip.com\/","logo":{"@type":"ImageObject","inLanguage":"pt-BR","@id":"https:\/\/gasquip.com\/#\/schema\/logo\/image\/","url":"https:\/\/gasquip.com\/wp-content\/uploads\/2020\/10\/Logo-Original-PNG-Cropped.png","contentUrl":"https:\/\/gasquip.com\/wp-content\/uploads\/2020\/10\/Logo-Original-PNG-Cropped.png","width":2819,"height":702,"caption":"GasQuip"},"image":{"@id":"https:\/\/gasquip.com\/#\/schema\/logo\/image\/"},"sameAs":["https:\/\/www.facebook.com\/gasquiptx","https:\/\/www.linkedin.com\/company\/gasquip.com","https:\/\/www.youtube.com\/channel\/UCUCicTtyc2zeJMcj5NMA0Ww"]}]}},"_links":{"self":[{"href":"https:\/\/gasquip.com\/pt\/wp-json\/wp\/v2\/product\/6084","targetHints":{"allow":["GET"]}}],"collection":[{"href":"https:\/\/gasquip.com\/pt\/wp-json\/wp\/v2\/product"}],"about":[{"href":"https:\/\/gasquip.com\/pt\/wp-json\/wp\/v2\/types\/product"}],"version-history":[{"count":1,"href":"https:\/\/gasquip.com\/pt\/wp-json\/wp\/v2\/product\/6084\/revisions"}],"predecessor-version":[{"id":9713,"href":"https:\/\/gasquip.com\/pt\/wp-json\/wp\/v2\/product\/6084\/revisions\/9713"}],"wp:featuredmedia":[{"embeddable":true,"href":"https:\/\/gasquip.com\/pt\/wp-json\/wp\/v2\/media\/6087"}],"wp:attachment":[{"href":"https:\/\/gasquip.com\/pt\/wp-json\/wp\/v2\/media?parent=6084"}],"wp:term":[{"taxonomy":"product_brand","embeddable":true,"href":"https:\/\/gasquip.com\/pt\/wp-json\/wp\/v2\/product_brand?post=6084"},{"taxonomy":"product_cat","embeddable":true,"href":"https:\/\/gasquip.com\/pt\/wp-json\/wp\/v2\/product_cat?post=6084"},{"taxonomy":"product_tag","embeddable":true,"href":"https:\/\/gasquip.com\/pt\/wp-json\/wp\/v2\/product_tag?post=6084"}],"curies":[{"name":"wp","href":"https:\/\/api.w.org\/{rel}","templated":true}]}}